{"id":1992,"date":"2023-02-09T12:59:08","date_gmt":"2023-02-09T11:59:08","guid":{"rendered":"https:\/\/wordpress.nibis.de\/gstostedt\/?page_id=1992"},"modified":"2023-02-09T12:59:08","modified_gmt":"2023-02-09T11:59:08","slug":"tostedt-raeumt-auf","status":"publish","type":"page","link":"https:\/\/wordpress.nibis.de\/gstostedt\/tostedt-raeumt-auf\/","title":{"rendered":"Tostedt r\u00e4umt auf"},"content":{"rendered":"\n<div id=\"attachment_1993\" style=\"width: 860px\" class=\"wp-caption aligncenter\"><img loading=\"lazy\" decoding=\"async\" aria-describedby=\"caption-attachment-1993\" class=\"wp-image-1993\" src=\"https:\/\/wordpress.nibis.de\/gstostedt\/files\/2023\/02\/511062_XXL-850x478.jpg\" alt=\"\" width=\"850\" height=\"478\" srcset=\"https:\/\/wordpress.nibis.de\/gstostedt\/files\/2023\/02\/511062_XXL-850x478.jpg 850w, https:\/\/wordpress.nibis.de\/gstostedt\/files\/2023\/02\/511062_XXL-1200x675.jpg 1200w, https:\/\/wordpress.nibis.de\/gstostedt\/files\/2023\/02\/511062_XXL-250x141.jpg 250w\" sizes=\"auto, (max-width: 850px) 100vw, 850px\" \/><p id=\"caption-attachment-1993\" class=\"wp-caption-text\">Einige der Grundsch\u00fcler und -sch\u00fclerinnen, die an der M\u00fcllsammelaktion teilnahmen, gemeinsam mit Lehrerinnen sowie Samtgemeinde-B\u00fcrgermeister Peter D\u00f6rsam (3.v.li) und B\u00fcrgermeisterin Nadja Weippert (1.v.re)<\/p><\/div>\n\n\n\n<p><b>pm. Tostedt.<\/b>\u00a0Rund 400 Sch\u00fclerinnen und Sch\u00fcler der Grundschule Tostedt zogen k\u00fcrzlich los, um die Gemeinde von M\u00fcll zu befreien. Ziel des ersten Aktionstages &#8222;Tostedt r\u00e4umt auf&#8220; war es, die Kinder f\u00fcr das Thema Umweltschutz zu sensibilisieren. Die Hauptorganisatorin Silke Schulz ist stolz auf den Aktionismus der Kinder. &#8222;Die Idee ist aus dem Klassenrat erwachsen. Die Kinder der vierten Klasse der Grundschule an der Dieckhofstra\u00dfe sammeln regelm\u00e4\u00dfig M\u00fcll auf dem Gel\u00e4nde, da lag solch ein Projekttag nah&#8220;, erkl\u00e4rt die Lehrerin. Jeder Klasse wurde ein spezieller Bereich innerhalb Tostedts zugeordnet, sodass m\u00f6glichst gro\u00dffl\u00e4chig gesammelt werden konnte. In den M\u00fcllt\u00fcten stapelten sich weggeworfene Prospekte, Zigaretten,, Plastik, Glas und sogar ein altes Unterhemd.<br \/>&#8222;Es ist toll zu sehen mit welchem Engagement die Kinder bei der Sache sind. Die Themen Klima- und Umweltschutz m\u00fcssen von klein auf integriert werden&#8220;, sagt B\u00fcrgermeisterin Nadja Weippert, die gemeinsam mit Samtgemeinde-B\u00fcrgermeister Peter D\u00f6rsam in Gespr\u00e4chen zur Ausweitung der Aktion ist. Potenziell halten die beiden auch die Integration von Tostedter Vereinen in &#8222;Tostedt r\u00e4umt auf&#8220; f\u00fcr sehr gut m\u00f6glich. &#8222;Es ist super, dass das Thema von der Grundschule angeschoben wird und so in den K\u00f6pfen der Menschen pr\u00e4sent wird&#8220;, sagt D\u00f6rsam, der der Grundschule als Dankesch\u00f6n eine kleine Spende zur Versch\u00f6nerung des Spielplatzes zusichert. Auch sprach D\u00f6rsam ein besonderes Dank an die Abfallwirtschaft des Landkreises aus, der die Kinder mit Westen, Greifzangen und Handschuhen ausstattete und sich im Anschluss an die Aktion um den M\u00fcll k\u00fcmmerte.<\/p>\n<div id=\"traffective-ad-Content_1\" class=\"Content_1 hide-for-small-only margin-bottom trf-center-container trf-declaration-container\" data-google-query-id=\"CKmQicuwiP0CFTzruwgdrRoCow\">\n<div id=\"google_ads_iframe_\/307308315,22671245548\/kreiszeitung-wochenblatt.de\/nationalnews_4__container__\"><span style=\"font-size: 16px\">Seit dem Erlass \u201eBildung f\u00fcr nachhaltige Entwicklung (BNE) an \u00f6ffentlichen allgemein bildenden und berufsbildenden Schulen sowie Schulen in freier Tr\u00e4gerschaft\u201c von 2021 wird der Umweltschutz an der Grundschule Tostedt noch intensiver behandelt. Ziel ist es, BNE in den Unterricht zu integrieren und so in Schulen ein explizites Verst\u00e4ndnis von Bildung f\u00fcr nachhaltige Entwicklung zu entwickeln. Neben Umweltbildung zielt der Erlass auch auf Demokratiebildung, Bildung zur nachhaltigen Mobilit\u00e4t und Friedensp\u00e4dagogik. nachladen<\/span><\/div>\n<\/div>\n","protected":false},"excerpt":{"rendered":"<p>pm. Tostedt.\u00a0Rund 400 Sch\u00fclerinnen und Sch\u00fcler der Grundschule Tostedt zogen k\u00fcrzlich los, um die Gemeinde von M\u00fcll zu befreien. Ziel des ersten Aktionstages &#8222;Tostedt r\u00e4umt auf&#8220; war es, die Kinder f\u00fcr das Thema Umweltschutz zu sensibilisieren. Die Hauptorganisatorin Silke Schulz &hellip; <a href=\"https:\/\/wordpress.nibis.de\/gstostedt\/tostedt-raeumt-auf\/\">Weiterlesen <span class=\"meta-nav\">&rarr;<\/span><\/a><\/p>\n","protected":false},"author":9192536,"featured_media":0,"parent":0,"menu_order":0,"comment_status":"closed","ping_status":"closed","template":"","meta":{"footnotes":""},"class_list":["post-1992","page","type-page","status-publish","hentry"],"_links":{"self":[{"href":"https:\/\/wordpress.nibis.de\/gstostedt\/wp-json\/wp\/v2\/pages\/1992","targetHints":{"allow":["GET"]}}],"collection":[{"href":"https:\/\/wordpress.nibis.de\/gstostedt\/wp-json\/wp\/v2\/pages"}],"about":[{"href":"https:\/\/wordpress.nibis.de\/gstostedt\/wp-json\/wp\/v2\/types\/page"}],"author":[{"embeddable":true,"href":"https:\/\/wordpress.nibis.de\/gstostedt\/wp-json\/wp\/v2\/users\/9192536"}],"replies":[{"embeddable":true,"href":"https:\/\/wordpress.nibis.de\/gstostedt\/wp-json\/wp\/v2\/comments?post=1992"}],"version-history":[{"count":1,"href":"https:\/\/wordpress.nibis.de\/gstostedt\/wp-json\/wp\/v2\/pages\/1992\/revisions"}],"predecessor-version":[{"id":1994,"href":"https:\/\/wordpress.nibis.de\/gstostedt\/wp-json\/wp\/v2\/pages\/1992\/revisions\/1994"}],"wp:attachment":[{"href":"https:\/\/wordpress.nibis.de\/gstostedt\/wp-json\/wp\/v2\/media?parent=1992"}],"curies":[{"name":"wp","href":"https:\/\/api.w.org\/{rel}","templated":true}]}}