{"id":1996,"date":"2023-02-09T13:12:20","date_gmt":"2023-02-09T12:12:20","guid":{"rendered":"https:\/\/wordpress.nibis.de\/gstostedt\/?page_id=1996"},"modified":"2023-02-09T13:12:20","modified_gmt":"2023-02-09T12:12:20","slug":"wildblumenvielfalt-auf-kleinstem-raum-vor-der-grundschule","status":"publish","type":"page","link":"https:\/\/wordpress.nibis.de\/gstostedt\/wildblumenvielfalt-auf-kleinstem-raum-vor-der-grundschule\/","title":{"rendered":"Wildblumenvielfalt auf kleinstem Raum vor der Grundschule"},"content":{"rendered":"\n<p><img loading=\"lazy\" decoding=\"async\" class=\"alignnone  wp-image-1997 aligncenter\" src=\"https:\/\/wordpress.nibis.de\/gstostedt\/files\/2023\/02\/532056_XXL-850x478.jpg\" alt=\"\" width=\"554\" height=\"312\" srcset=\"https:\/\/wordpress.nibis.de\/gstostedt\/files\/2023\/02\/532056_XXL-850x478.jpg 850w, https:\/\/wordpress.nibis.de\/gstostedt\/files\/2023\/02\/532056_XXL-1200x675.jpg 1200w, https:\/\/wordpress.nibis.de\/gstostedt\/files\/2023\/02\/532056_XXL-250x141.jpg 250w\" sizes=\"auto, (max-width: 554px) 100vw, 554px\" \/><\/p>\n\n\n\n<p>Samstags in die Schule zu gehen, war f\u00fcr sechs Sch\u00fclerinnen und Sch\u00fcler der Grundschule Tostedt kein Thema. Sie wollten unbedingt mithelfen, das kleine, bereits vorhandene Wildblumenbeet zu vergr\u00f6\u00dfern und neu anzulegen. Ihnen war es ganz wichtig, etwas f\u00fcr die Natur zu tun und dazu beizutragen, dass es auf dem Schulgel\u00e4nde sch\u00f6ner aussieht. Nach einer kurzen Einweisung in die fachgerechte Behandlung der Pflanzen vor und nach dem Einsetzen in die Erde durch Karsten M\u00fcller vom Arbeitskreis Naturschutz (AKN), Initiator des AKN-Wildblumen-Projektes, legten die Viertkl\u00e4ssler los.<\/p>\n<p>Die Verteilung der bunten Pflanzenmischung auf dem Beet erfolgte mit der \u201eWurfmethode\u201c, was ihnen besonderen Spa\u00df machte. Gestaunt haben die Sch\u00fcler \u00fcber die langen Pfahlwurzeln am Natternkopf. Die daf\u00fcr erforderlichen tiefen Planzl\u00f6cher wurden mit Sorgfalt angelegt.<\/p>\n<p>Bevor die Blumen in die Erde gesetzt wurden, hatten die AKN-Mitglieder bereits den vorhandenen Rasen entfernt und eine solide Umrandung aus L\u00e4rchenbrettern montiert. F\u00fcr Birgit Rosenthal, Julia Schwencke, Jonas M\u00f6ller, Mechthild Herkenhoff, Nicola Kn\u00f6chelmann, Rolf Saxe und Ulrike Kriegisch ist es eine Herzensangelegenheit, auf diese Weise einen Beitrag zu leisten, um das Verst\u00e4ndnis junger Menschen f\u00fcr Zusammenh\u00e4nge in der Natur zu f\u00f6rdern.<\/p>\n<p>Die Beetfl\u00e4che von sechs Qua-#+dratmetern erhielt frische Pflanzerde, denn die Lehrer der betreffenden Klassen w\u00fcnschen sich \u00fcppige Pflanzen, die im n\u00e4chsten Jahr als Anschauungsmaterial im Unterricht verwendet werden sollen. Nicht nur die Sch\u00fcler sind jetzt gespannt, wie sich Natternkopf, Wilde Malve, Flockenblume, Hornklee, Wilde M\u00f6hre, Dost, Ackerwitwenblume und das echte Labkraut im n\u00e4chsten Jahr entwickeln werden. Alle zusammen bilden \u201eDie wilden Acht\u201c. Unter diesem Titel hatte der AKN-Tostedt Ende 2020 das Wildblumenprojekt gestartet.<\/p>\n<p>Daf\u00fcr werden in einer Beetanlage auf der Wiese hinter dem Tostedter Gymnasium acht Wildblumenarten durch Aussaat vorgezogen, um dann sp\u00e4ter als Jungpflanzen u.a. an die Grundschulen in der Samtgemeinde Tostedt verteilt zu werden. Die Sch\u00fcler lernen auf diese Weise, die in der Landschaft bereits selten gewordenen Blumen kennen und eventuell auch zu lieben. Karsten M\u00fcller ist der \u00dcberzeugung, dass die Bereitschaft, sich f\u00fcr den Schutz von Tieren und Pflanzen einzusetzen, nur entsteht, wenn genauere Kenntnisse dar\u00fcber vorhanden sind. Er appelliert daher an die Schulen, diesem Themenbereich mehr Zeit einzur\u00e4umen.<\/p>\n<p>Silke Schulz und Edda Soboth, die f\u00fcr das Blumenbeet verantwortlichen Lehrerinnen, sind dankbar f\u00fcr die Unterst\u00fctzung durch den Arbeitskreis Naturschutz. Sie erlebten die Begeisterung der Sch\u00fcler bei der Zusammenarbeit mit den Experteninnen und Experten vom AKN und sind sich sicher, dass diese Aktion einen gro\u00dfen Motivationsschub f\u00fcr den Unterricht leistet.<\/p>\n<p>Alle Sch\u00fcler hoffen nun, dass die Pflanzen gut wachsen, es keine mutwilligen Zerst\u00f6rungen gibt und ihre Arbeit andere Menschen zur Nachahmung anregt.<\/p>\n<p><img loading=\"lazy\" decoding=\"async\" class=\"alignnone size-medium wp-image-1998 aligncenter\" src=\"https:\/\/wordpress.nibis.de\/gstostedt\/files\/2023\/02\/532059_XXL-850x478.jpg\" alt=\"\" width=\"850\" height=\"478\" srcset=\"https:\/\/wordpress.nibis.de\/gstostedt\/files\/2023\/02\/532059_XXL-850x478.jpg 850w, https:\/\/wordpress.nibis.de\/gstostedt\/files\/2023\/02\/532059_XXL-1200x675.jpg 1200w, https:\/\/wordpress.nibis.de\/gstostedt\/files\/2023\/02\/532059_XXL-250x141.jpg 250w\" sizes=\"auto, (max-width: 850px) 100vw, 850px\" \/><\/p>\n","protected":false},"excerpt":{"rendered":"<p>Samstags in die Schule zu gehen, war f\u00fcr sechs Sch\u00fclerinnen und Sch\u00fcler der Grundschule Tostedt kein Thema. Sie wollten unbedingt mithelfen, das kleine, bereits vorhandene Wildblumenbeet zu vergr\u00f6\u00dfern und neu anzulegen. Ihnen war es ganz wichtig, etwas f\u00fcr die Natur &hellip; <a href=\"https:\/\/wordpress.nibis.de\/gstostedt\/wildblumenvielfalt-auf-kleinstem-raum-vor-der-grundschule\/\">Weiterlesen <span class=\"meta-nav\">&rarr;<\/span><\/a><\/p>\n","protected":false},"author":9192536,"featured_media":0,"parent":0,"menu_order":0,"comment_status":"closed","ping_status":"closed","template":"","meta":{"footnotes":""},"class_list":["post-1996","page","type-page","status-publish","hentry"],"_links":{"self":[{"href":"https:\/\/wordpress.nibis.de\/gstostedt\/wp-json\/wp\/v2\/pages\/1996","targetHints":{"allow":["GET"]}}],"collection":[{"href":"https:\/\/wordpress.nibis.de\/gstostedt\/wp-json\/wp\/v2\/pages"}],"about":[{"href":"https:\/\/wordpress.nibis.de\/gstostedt\/wp-json\/wp\/v2\/types\/page"}],"author":[{"embeddable":true,"href":"https:\/\/wordpress.nibis.de\/gstostedt\/wp-json\/wp\/v2\/users\/9192536"}],"replies":[{"embeddable":true,"href":"https:\/\/wordpress.nibis.de\/gstostedt\/wp-json\/wp\/v2\/comments?post=1996"}],"version-history":[{"count":1,"href":"https:\/\/wordpress.nibis.de\/gstostedt\/wp-json\/wp\/v2\/pages\/1996\/revisions"}],"predecessor-version":[{"id":1999,"href":"https:\/\/wordpress.nibis.de\/gstostedt\/wp-json\/wp\/v2\/pages\/1996\/revisions\/1999"}],"wp:attachment":[{"href":"https:\/\/wordpress.nibis.de\/gstostedt\/wp-json\/wp\/v2\/media?parent=1996"}],"curies":[{"name":"wp","href":"https:\/\/api.w.org\/{rel}","templated":true}]}}