{"id":2001,"date":"2023-02-14T15:05:50","date_gmt":"2023-02-14T14:05:50","guid":{"rendered":"https:\/\/wordpress.nibis.de\/gstostedt\/?page_id=2001"},"modified":"2023-02-14T15:05:50","modified_gmt":"2023-02-14T14:05:50","slug":"ausgezeichnete-sportfreundlichkeit-der-grundschule-tostedt","status":"publish","type":"page","link":"https:\/\/wordpress.nibis.de\/gstostedt\/ausgezeichnete-sportfreundlichkeit-der-grundschule-tostedt\/","title":{"rendered":"Ausgezeichnete Sportfreundlichkeit der Grundschule Tostedt"},"content":{"rendered":"\n<div id=\"attachment_2003\" style=\"width: 860px\" class=\"wp-caption aligncenter\"><img loading=\"lazy\" decoding=\"async\" aria-describedby=\"caption-attachment-2003\" class=\"wp-image-2003 size-medium\" src=\"https:\/\/wordpress.nibis.de\/gstostedt\/files\/2023\/02\/443521_XXL-850x478.jpg\" alt=\"\" width=\"850\" height=\"478\" srcset=\"https:\/\/wordpress.nibis.de\/gstostedt\/files\/2023\/02\/443521_XXL-850x478.jpg 850w, https:\/\/wordpress.nibis.de\/gstostedt\/files\/2023\/02\/443521_XXL-1200x675.jpg 1200w, https:\/\/wordpress.nibis.de\/gstostedt\/files\/2023\/02\/443521_XXL-250x141.jpg 250w\" sizes=\"auto, (max-width: 850px) 100vw, 850px\" \/><p id=\"caption-attachment-2003\" class=\"wp-caption-text\">Tostedts Grundschulleiterin Gudrun Brinkmann (vorne re.) und Sportobfrau Julia Meier (vorne links) sind begeistert: Die Grundschule wurde als sportfreundliche Schule ausgezeichnet Foto: bim hochgeladen von Bianca Marquardt<\/p><\/div>\n<p><b>bim. Tostedt.<\/b>\u00a0In diesen schwierigen Zeiten eine Auszeichnung als &#8222;Sportfreundliche Schule&#8220; zu bekommen, ist schon etwas ganz Besonderes. Diese W\u00fcrdigung wurde jetzt der Grundschule Tostedt zuteil. &#8222;Dar\u00fcber freue ich mich. Es war schade, dass Sport in der Pandemie so schwierig war. Aber jetzt wird er wieder Fahrt aufnehmen&#8220;, sagt Elternratsvorsitzende Kim Schumacher. &#8222;Mit dieser Auszeichnung wird unser Engagement f\u00fcr die Gesundheitserziehung unserer Kinder honoriert&#8220;, erg\u00e4nzt Schulleiterin Gudrun Brinkmann.<br \/>&#8222;Sport fand in Kohorten statt. Dadurch, dass wir die Halle teilen k\u00f6nnen, konnten jeweils zwei Klassen eines Jahrgangs Sport machen &#8211; mit Abstand und ohne Ber\u00fchrungsspiele. Au\u00dferdem haben wir L\u00fcftungsanlagen und bei gutem Wetter drau\u00dfen Sport gemacht&#8220;, berichtet Gudrun Brinkmann.<br \/>Rund 380 Sch\u00fclerinnen und Sch\u00fcler in 19 Klassen besuchen derzeit die Grundschule Tostedt an den beiden Standorten Poststra\u00dfe und Dieckhofstra\u00dfe.<br \/><b>Schulsportwettbewerb<br \/>\u201e5fit Challenge\u201c<\/b><br \/>Da viele sportliche Wettbewerbe Pandemie-bedingt ausfallen mussten, lud die Fachberatung Schulsport mit Unterst\u00fctzung des nieders\u00e4chsischen Kultusministeriums zu dem Schulsportwettbewerb \u201e5fit Challenge\u201c ein. Die Kinder mussten jeweils f\u00fcnf Disziplinen im Sportunterricht und zuhause trainieren, mit denen Muskelaufbau, Geschicklichkeit, Kondition und Motorik gef\u00f6rdert wird.<br \/>&#8222;W\u00e4hrend des Homeschoolings haben wir unsere Sch\u00fcler mit t\u00e4glichen Sportaufgaben versorgt. Diese Aufgaben bekamen die Kinder in Papierform bzw. per E-Mail oder als Video-Link. Damit, so war und ist unsere Intention, wollen wir dem Bewegungsmangel w\u00e4hrend des Homeschoolings etwas entgegenwirken&#8220;, sagt die Schulleiterin.<br \/><b>&#8222;Skipping Hearts&#8220;<br \/>und DFB-Mobil<\/b><br \/>Sport werde an der Grundschule ohnehin gro\u00dfgeschrieben, berichtet Sportobfrau Julia Meier. Dazu geh\u00f6ren regul\u00e4r je nach Klassenstufe u.a. Staffelturniere, Fangspiele, Hockey oder Ger\u00e4tebrennball, alle zwei Jahre ein Orientierungslauf im D\u00fcvelsh\u00f6pen und das Sportfest &#8222;Sportspektakel&#8220;, die Abnahme von Laufabzeichen oder die Teilnahme am Drachenbootrennen in Hamburg. Gut kam bei den Sch\u00fclern im M\u00e4rz 2019 das Seilspring-Projekt &#8222;Skipping Hearts&#8220; (springende Herzen) der Deutschen Herzstiftung an. Oder der Besuch des DFB-Mobils mit zweist\u00fcndigem Fu\u00dfballtraining, dessen Teilnehmer aufgrund des Andrangs aber ausgelost wurden.<br \/>Neben einem Zertifikat und zwei Schildern f\u00fcr beide Schulstandorte erhielt die Grundschule mit der Auszeichnung auch 100 Euro.<\/p>\n<p>\u00a0<\/p>\n<div id=\"traffective-ad-Content_1\" class=\"Content_1 hide-for-small-only margin-bottom trf-center-container trf-declaration-container\" data-google-query-id=\"CK677a6Wlf0CFZnhuwgdsWAD2g\"><img loading=\"lazy\" decoding=\"async\" class=\"size-medium wp-image-2002 aligncenter\" src=\"https:\/\/wordpress.nibis.de\/gstostedt\/files\/2023\/02\/443464_XXL-850x478.jpg\" alt=\"\" width=\"850\" height=\"478\" srcset=\"https:\/\/wordpress.nibis.de\/gstostedt\/files\/2023\/02\/443464_XXL-850x478.jpg 850w, https:\/\/wordpress.nibis.de\/gstostedt\/files\/2023\/02\/443464_XXL-1200x675.jpg 1200w, https:\/\/wordpress.nibis.de\/gstostedt\/files\/2023\/02\/443464_XXL-250x141.jpg 250w\" sizes=\"auto, (max-width: 850px) 100vw, 850px\" \/><\/div>\n\n\n","protected":false},"excerpt":{"rendered":"<p>bim. Tostedt.\u00a0In diesen schwierigen Zeiten eine Auszeichnung als &#8222;Sportfreundliche Schule&#8220; zu bekommen, ist schon etwas ganz Besonderes. Diese W\u00fcrdigung wurde jetzt der Grundschule Tostedt zuteil. &#8222;Dar\u00fcber freue ich mich. Es war schade, dass Sport in der Pandemie so schwierig war. &hellip; <a href=\"https:\/\/wordpress.nibis.de\/gstostedt\/ausgezeichnete-sportfreundlichkeit-der-grundschule-tostedt\/\">Weiterlesen <span class=\"meta-nav\">&rarr;<\/span><\/a><\/p>\n","protected":false},"author":9192536,"featured_media":0,"parent":0,"menu_order":0,"comment_status":"closed","ping_status":"closed","template":"","meta":{"footnotes":""},"class_list":["post-2001","page","type-page","status-publish","hentry"],"_links":{"self":[{"href":"https:\/\/wordpress.nibis.de\/gstostedt\/wp-json\/wp\/v2\/pages\/2001","targetHints":{"allow":["GET"]}}],"collection":[{"href":"https:\/\/wordpress.nibis.de\/gstostedt\/wp-json\/wp\/v2\/pages"}],"about":[{"href":"https:\/\/wordpress.nibis.de\/gstostedt\/wp-json\/wp\/v2\/types\/page"}],"author":[{"embeddable":true,"href":"https:\/\/wordpress.nibis.de\/gstostedt\/wp-json\/wp\/v2\/users\/9192536"}],"replies":[{"embeddable":true,"href":"https:\/\/wordpress.nibis.de\/gstostedt\/wp-json\/wp\/v2\/comments?post=2001"}],"version-history":[{"count":1,"href":"https:\/\/wordpress.nibis.de\/gstostedt\/wp-json\/wp\/v2\/pages\/2001\/revisions"}],"predecessor-version":[{"id":2010,"href":"https:\/\/wordpress.nibis.de\/gstostedt\/wp-json\/wp\/v2\/pages\/2001\/revisions\/2010"}],"wp:attachment":[{"href":"https:\/\/wordpress.nibis.de\/gstostedt\/wp-json\/wp\/v2\/media?parent=2001"}],"curies":[{"name":"wp","href":"https:\/\/api.w.org\/{rel}","templated":true}]}}