{"id":2012,"date":"2023-02-14T15:24:15","date_gmt":"2023-02-14T14:24:15","guid":{"rendered":"https:\/\/wordpress.nibis.de\/gstostedt\/?page_id=2012"},"modified":"2023-02-14T15:24:15","modified_gmt":"2023-02-14T14:24:15","slug":"extra-zone-fuer-elterntaxis","status":"publish","type":"page","link":"https:\/\/wordpress.nibis.de\/gstostedt\/extra-zone-fuer-elterntaxis\/","title":{"rendered":"Extra-Zone f\u00fcr Elterntaxis"},"content":{"rendered":"\n<div id=\"attachment_2013\" style=\"width: 860px\" class=\"wp-caption alignnone\"><img loading=\"lazy\" decoding=\"async\" aria-describedby=\"caption-attachment-2013\" class=\"size-medium wp-image-2013\" src=\"https:\/\/wordpress.nibis.de\/gstostedt\/files\/2023\/02\/370427_XXL-850x478.jpg\" alt=\"\" width=\"850\" height=\"478\" srcset=\"https:\/\/wordpress.nibis.de\/gstostedt\/files\/2023\/02\/370427_XXL-850x478.jpg 850w, https:\/\/wordpress.nibis.de\/gstostedt\/files\/2023\/02\/370427_XXL-1200x675.jpg 1200w, https:\/\/wordpress.nibis.de\/gstostedt\/files\/2023\/02\/370427_XXL-250x141.jpg 250w\" sizes=\"auto, (max-width: 850px) 100vw, 850px\" \/><p id=\"caption-attachment-2013\" class=\"wp-caption-text\">Setzen sich f\u00fcr mehr Sicherheit der Grundsch\u00fcler an der Bushaltestelle ein (v. re.): Schulleiterin Gudrun Brinkmann, Samtgemeinde-B\u00fcrgermeister Dr. Peter D\u00f6rsam und<br \/>Ordnungsamtsmitarbeiterin Sabine Bostelmann<br \/>Foto: bimhochgeladen von Bianca Marquardt<\/p><\/div>\n<p><b>bim. Tostedt.<\/b>\u00a0Elterntaxis sind inzwischen in ganz Deutschland ein Problem: Immer mehr M\u00fctter und V\u00e4ter setzten ihre Kinder direkt an der Schule ab und gef\u00e4hrden damit andere M\u00e4dchen und Jungen, die zu Fu\u00df oder mit dem Fahrrad zur Schule oder von dort nach Hause wollen oder in den Bus ein- oder aussteigen. In Oyten (Kreis Verden) hat man den Elterntaxis nun den Kampf angesagt: Damit Eltern ihre Kinder nicht l\u00e4nger mit dem Auto zur Schule bringen, sperrt die Gemeinde noch bis Ende dieser Woche t\u00e4glich vor Schulbeginn und nach Unterrichtsschluss die einzige Zufahrt. An einer Grundschule in Magdeburg gibt es nun ein Fahrradverbot f\u00fcr Erstkl\u00e4ssler, weil sie sonst vom motorisierten Verkehr gef\u00e4hrdet w\u00fcrden. Mit solch rigorosen Ma\u00dfnahmen will man an der Grundschule in der Poststra\u00dfe in Tostedt nicht vorgehen. Gleichwohl gibt es auch dort Handlungsbedarf.<br \/>An der Grundschule in der Poststra\u00dfe kommt es wegen der teilweise in bis zu drei Reihen auf der Bushaltestelle parkenden Elterntaxis h\u00e4ufiger zu brenzligen Situationen, insbesondere am Freitag, wenn zus\u00e4tzliche Busse die Schwimmkinder an der Schule absetzen. &#8222;Die Schwimmbusse m\u00fcssen h\u00e4ufig auf der Stra\u00dfe halten, weil schon Elterntaxis auf den Bushaltestellen stehen. Die Kinder m\u00fcssen sich dann durch die Autos schl\u00e4ngeln&#8220;, berichtet Schulleiterin Gudrun Brinkmann.<br \/>Kurz bevor das WOCHENBLATT im Dezember aufgrund der Zuschrift einer besorgten Mutter \u00fcber die gef\u00e4hrliche Situation berichtet hatte, hatte die Schulleiterin erneut einen Elternbrief verschickt und wie mehrfach zuvor auf die Parksituation zum Schulanfang und -ende hingewiesen, &#8222;da mir die zum Teil chaotischen Verkehrsverh\u00e4ltnisse vor der Schule zunehmend Sorge bereiten. Aber einige wenige sind unbelehrbar&#8220;, sagt Gudrun Brinkmann.<br \/>Ihr Vorschlag: ein &#8222;Bus auf F\u00fc\u00dfen&#8220; &#8211; ein Erwachsener begleitet eine Kindergruppe auf dem Weg zur Schule und l\u00e4sst weitere Kinder an vereinbarten Haltestellen &#8222;zusteigen&#8220;.<br \/>Au\u00dferdem informiert Gudrun Brinkmann die Eltern der angehenden Erstkl\u00e4ssler jeweils \u00fcber die sichere Schulweggestaltung und dar\u00fcber, wie wichtig es f\u00fcr die soziale und selbstst\u00e4ndige Entwicklung eines Kindes ist, den im Schnitt zehnmin\u00fctigen Weg zur und von der Schule eigenverantwortlich mit Gleichaltrigen zur\u00fcckzulegen.<br \/>Seit mehreren Wochen ist Ordnungsamtsmitarbeiterin Sabine Bostelmann vor Ort und achtet darauf, dass keine Elterntaxis die Busspur blockieren. Wenn sie dort mit ihrer Warnweste steht, drehen die meisten Eltern, die ihr Kind unmittelbar vor der Schult\u00fcr absetzen oder abholen wollen, gleich wieder um. So wie beim Ortstermin am Freitag, bei dem fast alles so l\u00e4uft, wie es sein soll.<br \/>&#8222;Die Schule liegt ja mitten im Ort, damit die Kinder zu Fu\u00df herkommen k\u00f6nnen&#8220;, sagt Sabine Bostelmann. Und ab zwei Kilometern Schulweg d\u00fcrfen die Kinder ohnehin mit dem Bus fahren.<br \/>Nach einem Ortstermin mit Samtgemeinde-B\u00fcrgermeister Dr. Peter D\u00f6rsam, J\u00fcrgen L\u00fcrtzing vom Ordnungsamt und einem Vertreter der Kreisverkehrsgesellschaft (KVG) am vergangenen Donnerstag will die Samtgemeinde Tostedt nun ein paar Meter im vorderen Bereich des Busplatzes in Richtung Baumschulenweg f\u00fcr die Elterntaxis reservieren und entsprechend kennzeichnen &#8211; so dass die Busse noch ein- und ausfahren k\u00f6nnen und nicht behindert werden. Au\u00dferdem werde eine Beschilderung von zeitlich begrenzten eingeschr\u00e4nkten Halteverboten und Halteverboten gepr\u00fcft, berichtet B\u00fcrgermeister D\u00f6rsam.<\/p>\n<div id=\"traffective-ad-Content_1\" class=\"Content_1 hide-for-small-only margin-bottom trf-center-container trf-declaration-container\" data-google-query-id=\"CNO2w7Calf0CFdnjuwgd6pEKwA\">\u00a0<\/div>\n<p>\u00a0<\/p>\n<p>\u00a0<\/p>\n","protected":false},"excerpt":{"rendered":"<p>bim. Tostedt.\u00a0Elterntaxis sind inzwischen in ganz Deutschland ein Problem: Immer mehr M\u00fctter und V\u00e4ter setzten ihre Kinder direkt an der Schule ab und gef\u00e4hrden damit andere M\u00e4dchen und Jungen, die zu Fu\u00df oder mit dem Fahrrad zur Schule oder von &hellip; <a href=\"https:\/\/wordpress.nibis.de\/gstostedt\/extra-zone-fuer-elterntaxis\/\">Weiterlesen <span class=\"meta-nav\">&rarr;<\/span><\/a><\/p>\n","protected":false},"author":9192536,"featured_media":0,"parent":0,"menu_order":0,"comment_status":"closed","ping_status":"closed","template":"","meta":{"footnotes":""},"class_list":["post-2012","page","type-page","status-publish","hentry"],"_links":{"self":[{"href":"https:\/\/wordpress.nibis.de\/gstostedt\/wp-json\/wp\/v2\/pages\/2012","targetHints":{"allow":["GET"]}}],"collection":[{"href":"https:\/\/wordpress.nibis.de\/gstostedt\/wp-json\/wp\/v2\/pages"}],"about":[{"href":"https:\/\/wordpress.nibis.de\/gstostedt\/wp-json\/wp\/v2\/types\/page"}],"author":[{"embeddable":true,"href":"https:\/\/wordpress.nibis.de\/gstostedt\/wp-json\/wp\/v2\/users\/9192536"}],"replies":[{"embeddable":true,"href":"https:\/\/wordpress.nibis.de\/gstostedt\/wp-json\/wp\/v2\/comments?post=2012"}],"version-history":[{"count":1,"href":"https:\/\/wordpress.nibis.de\/gstostedt\/wp-json\/wp\/v2\/pages\/2012\/revisions"}],"predecessor-version":[{"id":2014,"href":"https:\/\/wordpress.nibis.de\/gstostedt\/wp-json\/wp\/v2\/pages\/2012\/revisions\/2014"}],"wp:attachment":[{"href":"https:\/\/wordpress.nibis.de\/gstostedt\/wp-json\/wp\/v2\/media?parent=2012"}],"curies":[{"name":"wp","href":"https:\/\/api.w.org\/{rel}","templated":true}]}}