{"id":29,"date":"2018-01-21T00:05:42","date_gmt":"2018-01-20T23:05:42","guid":{"rendered":"http:\/\/wordpress.nibis.de\/gstostedt\/?page_id=29"},"modified":"2025-12-18T13:49:12","modified_gmt":"2025-12-18T12:49:12","slug":"unser-kollegium","status":"publish","type":"page","link":"https:\/\/wordpress.nibis.de\/gstostedt\/unsere-schule\/unser-kollegium\/","title":{"rendered":"Unser Kollegium"},"content":{"rendered":"<h2><\/h2>\n<table id=\"tablelehrer\" style=\"width: 548px\" border=\"1\" cellspacing=\"2\" cellpadding=\"2\">\n<tbody>\n<tr>\n<td style=\"width: 197.6px\"><span style=\"font-family: georgia,palatino,serif\"><strong><span style=\"font-size: 10pt\">Schulleiterin:<\/span><\/strong><\/span><\/td>\n<td style=\"width: 330.4px\"><span style=\"font-family: georgia,palatino,serif\"><strong><span style=\"font-size: 10pt\">Frau Brinkmann<\/span><\/strong><\/span><\/td>\n<\/tr>\n<tr>\n<td style=\"width: 197.6px\"><span style=\"font-family: georgia,palatino,serif\"><strong><span style=\"font-size: 10pt\">stellv. Schulleiterin:<\/span><\/strong><\/span><\/td>\n<td style=\"width: 330.4px\"><span style=\"font-family: georgia,palatino,serif\"><strong><span style=\"font-size: 10pt\">Frau Schrader<\/span><\/strong><\/span><\/td>\n<\/tr>\n<tr>\n<td style=\"width: 197.6px\"><span style=\"font-size: 10pt;font-family: georgia,palatino,serif\">Schulsekret\u00e4rin:<\/span><\/td>\n<td style=\"width: 330.4px\"><span style=\"font-size: 10pt;font-family: georgia,palatino,serif\">Frau Meyer und Frau Lipskoch<\/span><\/td>\n<\/tr>\n<tr>\n<td style=\"width: 197.6px\"><span style=\"font-size: 10pt;font-family: georgia,palatino,serif\">Sprachf\u00f6rderma\u00dfnahmen im Elementarbereich:<\/span><\/td>\n<td style=\"width: 330.4px\"><span style=\"font-size: 10pt;font-family: georgia,palatino,serif\">Frau Kuhlmann<\/span><\/td>\n<\/tr>\n<tr>\n<td style=\"width: 197.6px\"><span style=\"font-size: 10pt;font-family: georgia,palatino,serif\">Deutsch als Zweitsprache (DaZ):<\/span><\/td>\n<td style=\"width: 330.4px\"><span style=\"font-size: 10pt;font-family: georgia,palatino,serif\">Frau Kuhlmann, Frau Schade, Frau Spaltner<\/span><\/td>\n<\/tr>\n<tr>\n<td style=\"width: 197.6px\"><span style=\"font-size: 10pt;font-family: georgia,palatino,serif\">F\u00f6rderschullehrkr\u00e4fte:<\/span><\/td>\n<td style=\"width: 330.4px\"><span style=\"font-size: 10pt;font-family: georgia,palatino,serif\">Frau Boike,\u00a0 Frau Ehlert, Frau Richter, Frau Utescher und Herr Hastedt<br \/>\n<\/span><\/td>\n<\/tr>\n<tr>\n<td style=\"width: 197.6px\"><span style=\"font-size: 10pt;font-family: georgia,palatino,serif\">Schulkindergarten:<\/span><\/td>\n<td style=\"width: 330.4px\"><span style=\"font-size: 10pt;font-family: georgia,palatino,serif\">Frau Kuhlmann<\/span><\/td>\n<\/tr>\n<tr>\n<td style=\"width: 197.6px\"><span style=\"font-size: 10pt;font-family: georgia,palatino,serif\">Lehrkr\u00e4fte mit Klassenleitung:<\/span><\/td>\n<td style=\"width: 330.4px\"><span style=\"font-size: 10pt;font-family: georgia,palatino,serif\">Frau von Brand, Frau Hastedt-Behrens, Frau Schade, Frau Spaltner, Frau Schulz, Frau Piotrowski, Frau Krusche, Frau Preu\u00df, Frau Richter, Frau Jagau, Frau Wall, Frau Maruhn,\u00a0 Frau Meier, Frau Andreas, Frau Remien, Frau Soboth, Frau Macke, Frau Golombek,\u00a0 Frau Aslan, Frau Willenbockel<br \/>\n<\/span><\/td>\n<\/tr>\n<tr>\n<td style=\"width: 197.6px\"><span style=\"font-size: 10pt;font-family: georgia,palatino,serif\">Fachlehrkr\u00e4fte:<\/span><\/td>\n<td style=\"width: 330.4px\"><span style=\"font-size: 10pt;font-family: georgia,palatino,serif\">Frau Kurrig, Frau Peukert, Frau Bottke, Frau Lehmbruck, Herr Plewa, Frau Heiermann, Frau Scheiermann<br \/>\n<\/span><\/td>\n<\/tr>\n<tr>\n<td style=\"width: 197.6px\"><span style=\"font-size: 10pt;font-family: georgia,palatino,serif\">P\u00e4dagogische Mitarbeiterinnen:<\/span><\/td>\n<td style=\"width: 330.4px\"><span style=\"font-size: 10pt;font-family: georgia,palatino,serif\">Frau Isjumin, Frau Kurrig, Frau M\u00fcller, Frau Tsch\u00f6pe<\/span><\/td>\n<\/tr>\n<tr>\n<td style=\"width: 197.6px\"><span style=\"font-size: 10pt;font-family: georgia,palatino,serif\">P\u00e4dagogische Mitarbeiterinnen im Ganztag:<\/span><\/td>\n<td style=\"width: 330.4px\"><span style=\"font-size: 10pt;font-family: georgia,palatino,serif\">Frau Berisha, Frau Sucher, Frau Alo, Frau Twisselmann<\/span><\/td>\n<\/tr>\n<tr>\n<td style=\"width: 197.6px\"><span style=\"font-size: 10pt;font-family: georgia,palatino,serif\">Fr\u00fchbetreuung:<\/span><\/td>\n<td style=\"width: 330.4px\"><span style=\"font-size: 10pt;font-family: georgia,palatino,serif\">Dieckhofstra\u00dfe: Frau Berisha<\/span><br \/>\n<span style=\"font-size: 10pt;font-family: georgia,palatino,serif\"> Poststra\u00dfe: Frau Twisselmann<br \/>\n<\/span><\/td>\n<\/tr>\n<tr>\n<td style=\"width: 197.6px\"><span style=\"font-size: 10pt;font-family: georgia,palatino,serif\">Schulsozialarbeiter<\/span><\/td>\n<td style=\"width: 330.4px\"><span style=\"font-size: 10pt;font-family: georgia,palatino,serif\">Frau Lichte, Herr Golombek, Herr Saathoff<\/span><\/td>\n<\/tr>\n<tr>\n<td style=\"width: 197.6px\"><span style=\"font-size: 10pt;font-family: georgia,palatino,serif\">Schulseelsorgerin<\/span><\/td>\n<td style=\"width: 330.4px\"><span style=\"font-size: 10pt;font-family: georgia,palatino,serif\">Frau Kurrig<\/span><\/td>\n<\/tr>\n<tr>\n<td style=\"width: 197.6px\"><span style=\"font-size: 10pt;font-family: georgia,palatino,serif\">Hausmeister<\/span><\/td>\n<td style=\"width: 330.4px\"><span style=\"font-size: 10pt;font-family: georgia,palatino,serif\">Herr Retzlaff<\/span><\/td>\n<\/tr>\n<tr>\n<td style=\"width: 197.6px\"><span style=\"font-size: 10pt;font-family: georgia,palatino,serif\">Schulvorstandsmitglieder<\/span><\/td>\n<td style=\"width: 330.4px\"><span style=\"font-size: 10pt;font-family: georgia,palatino,serif\">Frau Brinkmann, Frau Maruhn, Frau Richter, Frau Piotrowski,<\/span><br \/>\n<span style=\"font-size: 10pt;font-family: georgia,palatino,serif\"> Vertreterinnen: Frau Schulz, Frau Schrader<\/span><\/td>\n<\/tr>\n<\/tbody>\n<\/table>\n<div id=\"attachment_172\" style=\"width: 261px\" class=\"wp-caption aligncenter\"><img loading=\"lazy\" decoding=\"async\" aria-describedby=\"caption-attachment-172\" class=\"wp-image-172\" style=\"border: 4px solid #808000\" src=\"http:\/\/wordpress.nibis.de\/gstostedt\/files\/2018\/07\/Scan0002-1-850x478.jpg\" alt=\"\" width=\"251\" height=\"179\" \/><p id=\"caption-attachment-172\" class=\"wp-caption-text\">G. Brinkmann &#8211; Schulleiterin<\/p><\/div>\n<div id=\"attachment_1915\" style=\"width: 191px\" class=\"wp-caption aligncenter\"><img loading=\"lazy\" decoding=\"async\" aria-describedby=\"caption-attachment-1915\" class=\"wp-image-1915\" style=\"border: 4px solid #808000\" src=\"https:\/\/wordpress.nibis.de\/gstostedt\/files\/2022\/09\/Bild1.jpg\" alt=\"\" width=\"181\" height=\"240\" \/><p id=\"caption-attachment-1915\" class=\"wp-caption-text\">Frau Schrader &#8211; Konrektorin<\/p><\/div>\n<div id=\"attachment_732\" style=\"width: 249px\" class=\"wp-caption aligncenter\"><img loading=\"lazy\" decoding=\"async\" aria-describedby=\"caption-attachment-732\" class=\"wp-image-732\" style=\"border: 4px solid #7a8d3a\" src=\"https:\/\/wordpress.nibis.de\/gstostedt\/files\/2019\/04\/007FrMeyer02-740x478.jpg\" alt=\"\" width=\"239\" height=\"155\" \/><p id=\"caption-attachment-732\" class=\"wp-caption-text\">C. Meyer &#8211; Sekret\u00e4rin<\/p><\/div>\n<div id=\"attachment_2223\" style=\"width: 223px\" class=\"wp-caption aligncenter\"><img loading=\"lazy\" decoding=\"async\" aria-describedby=\"caption-attachment-2223\" class=\"wp-image-2223\" style=\"border: 4px solid #7a8d3a\" src=\"https:\/\/wordpress.nibis.de\/gstostedt\/files\/2024\/05\/20240421_195843NEUNEU1-449x478.jpg\" alt=\"\" width=\"213\" height=\"263\" \/><p id=\"caption-attachment-2223\" class=\"wp-caption-text\">S. Lipskoch &#8211; Sekret\u00e4rin<\/p><\/div>\n<div id=\"attachment_281\" style=\"width: 250px\" class=\"wp-caption aligncenter\"><img loading=\"lazy\" decoding=\"async\" aria-describedby=\"caption-attachment-281\" class=\"wp-image-281\" style=\"border: 4px solid #808000\" src=\"http:\/\/wordpress.nibis.de\/gstostedt\/files\/2018\/08\/NEUE-BILDER-748-850x478.jpg\" alt=\"\" width=\"240\" height=\"135\" srcset=\"https:\/\/wordpress.nibis.de\/gstostedt\/files\/2018\/08\/NEUE-BILDER-748-850x478.jpg 850w, https:\/\/wordpress.nibis.de\/gstostedt\/files\/2018\/08\/NEUE-BILDER-748-250x141.jpg 250w\" sizes=\"auto, (max-width: 240px) 100vw, 240px\" \/><p id=\"caption-attachment-281\" class=\"wp-caption-text\">P. Retzlaff &#8211; Hausmeister<\/p><\/div>\n","protected":false},"excerpt":{"rendered":"<p>Schulleiterin: Frau Brinkmann stellv. Schulleiterin: Frau Schrader Schulsekret\u00e4rin: Frau Meyer und Frau Lipskoch Sprachf\u00f6rderma\u00dfnahmen im Elementarbereich: Frau Kuhlmann Deutsch als Zweitsprache (DaZ): Frau Kuhlmann, Frau Schade, Frau Spaltner F\u00f6rderschullehrkr\u00e4fte: Frau Boike,\u00a0 Frau Ehlert, Frau Richter, Frau Utescher und Herr Hastedt &hellip; <a href=\"https:\/\/wordpress.nibis.de\/gstostedt\/unsere-schule\/unser-kollegium\/\">Weiterlesen <span class=\"meta-nav\">&rarr;<\/span><\/a><\/p>\n","protected":false},"author":1430,"featured_media":0,"parent":16,"menu_order":2,"comment_status":"closed","ping_status":"closed","template":"","meta":{"footnotes":""},"class_list":["post-29","page","type-page","status-publish","hentry"],"_links":{"self":[{"href":"https:\/\/wordpress.nibis.de\/gstostedt\/wp-json\/wp\/v2\/pages\/29","targetHints":{"allow":["GET"]}}],"collection":[{"href":"https:\/\/wordpress.nibis.de\/gstostedt\/wp-json\/wp\/v2\/pages"}],"about":[{"href":"https:\/\/wordpress.nibis.de\/gstostedt\/wp-json\/wp\/v2\/types\/page"}],"author":[{"embeddable":true,"href":"https:\/\/wordpress.nibis.de\/gstostedt\/wp-json\/wp\/v2\/users\/1430"}],"replies":[{"embeddable":true,"href":"https:\/\/wordpress.nibis.de\/gstostedt\/wp-json\/wp\/v2\/comments?post=29"}],"version-history":[{"count":32,"href":"https:\/\/wordpress.nibis.de\/gstostedt\/wp-json\/wp\/v2\/pages\/29\/revisions"}],"predecessor-version":[{"id":2375,"href":"https:\/\/wordpress.nibis.de\/gstostedt\/wp-json\/wp\/v2\/pages\/29\/revisions\/2375"}],"up":[{"embeddable":true,"href":"https:\/\/wordpress.nibis.de\/gstostedt\/wp-json\/wp\/v2\/pages\/16"}],"wp:attachment":[{"href":"https:\/\/wordpress.nibis.de\/gstostedt\/wp-json\/wp\/v2\/media?parent=29"}],"curies":[{"name":"wp","href":"https:\/\/api.w.org\/{rel}","templated":true}]}}