{"id":40,"date":"2018-01-21T08:16:14","date_gmt":"2018-01-21T07:16:14","guid":{"rendered":"http:\/\/wordpress.nibis.de\/gstostedt\/?page_id=40"},"modified":"2025-08-13T18:29:24","modified_gmt":"2025-08-13T16:29:24","slug":"gs-tostedt-poststrasse-und-aussenstelle-dieckhofstrasse","status":"publish","type":"page","link":"https:\/\/wordpress.nibis.de\/gstostedt\/unsere-schule\/gs-tostedt-poststrasse-und-aussenstelle-dieckhofstrasse\/","title":{"rendered":"GS Tostedt mit Au\u00dfenstelle"},"content":{"rendered":"<p><span style=\"font-family: georgia,palatino,serif\">Die Grundschule Tostedt liegt in der Nordheide im Landkreis Harburg, ca. 50 km s\u00fcdlich von Hamburg.<\/span><br \/>\n<span style=\"font-family: georgia,palatino,serif\"> Es werden zur Zeit\u00a0<b>ca. 460 Kinder<\/b> von 35<b>\u00a0Lehrkr\u00e4ften<\/b><\/span><br \/>\n<span style=\"font-family: georgia,palatino,serif\"> an\u00a0<b>zwei Standorten<\/b>\u00a0unterrichtet.<\/span><\/p>\n<p><span style=\"font-family: georgia,palatino,serif\">Am Hauptstandort Poststra\u00dfe werden Sch\u00fcler in 15 Klassen unterrichtet, in der Dieckhofstra\u00dfe gibt es 4 Klassen.<\/span><br \/>\n<span style=\"font-family: georgia,palatino,serif\"> Der Schule angegliedert ist der\u00a0<b>Schulkindergarten<\/b>\u00a0der Samtgemeinde Tostedt.<\/span><\/p>\n<p><span style=\"font-family: georgia,palatino,serif\">Seit dem Schuljahr 2006\/2007 ist die Grundschule Tostedt\u00a0<b>Verl\u00e4ssliche Grundschule<\/b>. Dies bedeutet, dass alle Kinder in der Zeit von 7.30 Uhr bis 12.30 Uhr unterrichtet oder p\u00e4dagogisch betreut werden. Vom Schuljahr 2015\/16 an ist die Grundschule Tostedt\u00a0<b>Offene Ganztagsschule<\/b>. Hier k\u00f6nnen angemeldete Kinder von Montag bis Donnerstag bis 15.30 Uhr betreut werden.<\/span><\/p>\n","protected":false},"excerpt":{"rendered":"<p>Die Grundschule Tostedt liegt in der Nordheide im Landkreis Harburg, ca. 50 km s\u00fcdlich von Hamburg. Es werden zur Zeit\u00a0ca. 460 Kinder von 35\u00a0Lehrkr\u00e4ften an\u00a0zwei Standorten\u00a0unterrichtet. Am Hauptstandort Poststra\u00dfe werden Sch\u00fcler in 15 Klassen unterrichtet, in der Dieckhofstra\u00dfe gibt es &hellip; <a href=\"https:\/\/wordpress.nibis.de\/gstostedt\/unsere-schule\/gs-tostedt-poststrasse-und-aussenstelle-dieckhofstrasse\/\">Weiterlesen <span class=\"meta-nav\">&rarr;<\/span><\/a><\/p>\n","protected":false},"author":1430,"featured_media":0,"parent":16,"menu_order":1,"comment_status":"closed","ping_status":"closed","template":"","meta":{"footnotes":""},"class_list":["post-40","page","type-page","status-publish","hentry"],"_links":{"self":[{"href":"https:\/\/wordpress.nibis.de\/gstostedt\/wp-json\/wp\/v2\/pages\/40","targetHints":{"allow":["GET"]}}],"collection":[{"href":"https:\/\/wordpress.nibis.de\/gstostedt\/wp-json\/wp\/v2\/pages"}],"about":[{"href":"https:\/\/wordpress.nibis.de\/gstostedt\/wp-json\/wp\/v2\/types\/page"}],"author":[{"embeddable":true,"href":"https:\/\/wordpress.nibis.de\/gstostedt\/wp-json\/wp\/v2\/users\/1430"}],"replies":[{"embeddable":true,"href":"https:\/\/wordpress.nibis.de\/gstostedt\/wp-json\/wp\/v2\/comments?post=40"}],"version-history":[{"count":12,"href":"https:\/\/wordpress.nibis.de\/gstostedt\/wp-json\/wp\/v2\/pages\/40\/revisions"}],"predecessor-version":[{"id":2268,"href":"https:\/\/wordpress.nibis.de\/gstostedt\/wp-json\/wp\/v2\/pages\/40\/revisions\/2268"}],"up":[{"embeddable":true,"href":"https:\/\/wordpress.nibis.de\/gstostedt\/wp-json\/wp\/v2\/pages\/16"}],"wp:attachment":[{"href":"https:\/\/wordpress.nibis.de\/gstostedt\/wp-json\/wp\/v2\/media?parent=40"}],"curies":[{"name":"wp","href":"https:\/\/api.w.org\/{rel}","templated":true}]}}