{"id":418,"date":"2019-01-24T14:40:09","date_gmt":"2019-01-24T13:40:09","guid":{"rendered":"http:\/\/wordpress.nibis.de\/gstostedt\/?page_id=418"},"modified":"2019-04-10T18:18:07","modified_gmt":"2019-04-10T16:18:07","slug":"einschulung","status":"publish","type":"page","link":"https:\/\/wordpress.nibis.de\/gstostedt\/einschulung\/","title":{"rendered":"Einschulung"},"content":{"rendered":"<p>Liebe Eltern,<\/p>\n<p>bald ist auch Ihr Kind ein Schulkind. Wir freuen uns, diesen gro\u00dfen Schritt, gemeinsam mit Ihrem Kind gehen zu k\u00f6nnen.<\/p>\n<p>Erfahrungsgem\u00e4\u00df haben Sie viele Fragen rund um den ersten Schultag. Auf dieser Seite wollen wir Ihnen einen \u00dcberblick \u00fcber den Schuldschungel verschaffen. Daf\u00fcr werden wir nach und nach eine Reihe von Dokumenten hinterlegen, die hoffentlich alle Fragen kl\u00e4ren.<\/p>\n<p>Sollten dennoch Fragen offen bleiben, wenden Sie sich gerne an die Schulleitung oder das Sekretariat.<\/p>\n","protected":false},"excerpt":{"rendered":"<p>Liebe Eltern, bald ist auch Ihr Kind ein Schulkind. Wir freuen uns, diesen gro\u00dfen Schritt, gemeinsam mit Ihrem Kind gehen zu k\u00f6nnen. Erfahrungsgem\u00e4\u00df haben Sie viele Fragen rund um den ersten Schultag. Auf dieser Seite wollen wir Ihnen einen \u00dcberblick &hellip; <a href=\"https:\/\/wordpress.nibis.de\/gstostedt\/einschulung\/\">Weiterlesen <span class=\"meta-nav\">&rarr;<\/span><\/a><\/p>\n","protected":false},"author":9192536,"featured_media":632,"parent":0,"menu_order":0,"comment_status":"closed","ping_status":"closed","template":"","meta":{"footnotes":""},"class_list":["post-418","page","type-page","status-publish","has-post-thumbnail","hentry"],"_links":{"self":[{"href":"https:\/\/wordpress.nibis.de\/gstostedt\/wp-json\/wp\/v2\/pages\/418","targetHints":{"allow":["GET"]}}],"collection":[{"href":"https:\/\/wordpress.nibis.de\/gstostedt\/wp-json\/wp\/v2\/pages"}],"about":[{"href":"https:\/\/wordpress.nibis.de\/gstostedt\/wp-json\/wp\/v2\/types\/page"}],"author":[{"embeddable":true,"href":"https:\/\/wordpress.nibis.de\/gstostedt\/wp-json\/wp\/v2\/users\/9192536"}],"replies":[{"embeddable":true,"href":"https:\/\/wordpress.nibis.de\/gstostedt\/wp-json\/wp\/v2\/comments?post=418"}],"version-history":[{"count":7,"href":"https:\/\/wordpress.nibis.de\/gstostedt\/wp-json\/wp\/v2\/pages\/418\/revisions"}],"predecessor-version":[{"id":515,"href":"https:\/\/wordpress.nibis.de\/gstostedt\/wp-json\/wp\/v2\/pages\/418\/revisions\/515"}],"wp:featuredmedia":[{"embeddable":true,"href":"https:\/\/wordpress.nibis.de\/gstostedt\/wp-json\/wp\/v2\/media\/632"}],"wp:attachment":[{"href":"https:\/\/wordpress.nibis.de\/gstostedt\/wp-json\/wp\/v2\/media?parent=418"}],"curies":[{"name":"wp","href":"https:\/\/api.w.org\/{rel}","templated":true}]}}