{"id":430,"date":"2019-01-27T16:17:37","date_gmt":"2019-01-27T15:17:37","guid":{"rendered":"http:\/\/wordpress.nibis.de\/gstostedt\/?page_id=430"},"modified":"2019-01-27T16:17:37","modified_gmt":"2019-01-27T15:17:37","slug":"sportspektakel","status":"publish","type":"page","link":"https:\/\/wordpress.nibis.de\/gstostedt\/sportspektakel\/","title":{"rendered":"Sportspektakel"},"content":{"rendered":"<p><strong>Sportspektakel 2018<\/strong><\/p>\n<p>Auch wenn es in einem Wettbewerb stets nur einen Sieger geben kann, steht fest: Klasse waren alle Klassen, die am Sport-Spektakel am 12. Juni teilnahmen.<br \/>\nAlle Kinder und Lehrkr\u00e4fte sowie viele Eltern waren aktiv dabei als in Klassenwettk\u00e4mpfen gelaufen, gesprungen, gebaut, balanciert, transportiert, geschoben bzw. gerollert wurde.<br \/>\nZwei Zirkel mit je 8 Bewegungsaufgaben waren aufgebaut, die die motorischen und kognitiven F\u00e4higkeiten der Altersstufen ber\u00fccksichtigten. So hatten beispielsweise die Kinder des Schulkindergartens sowie der Jahrg\u00e4nge 1 und 2 innerhalb ihres Zirkels die Aufgabe ein Kletterger\u00fcst zu erklimmen und oben angekommen eine Glocke zu l\u00e4uten. Dagegen mussten die Kinder der Jahrg\u00e4nge 3 und 4 einen auf dem Rollbrett sitzenden Partner mit Hilfe zweier Gymnastikst\u00e4be im Slalom \u00fcber die Laufbahn schieben.<br \/>\nAn jeder Station war die umlaufende Staffel\u00fcbergabe ein wiederkehrendes Element, um den Bewegungsanteil zu erh\u00f6hen und ein schummeln zu vermeiden. Die verschiedenen Bewegungsaufgaben wurden in diesen Ablauf integriert. Die umlaufende Staffel\u00fcbergabe wurde zuvor in allen Klassen innerhalb des Sportunterrichtes ge\u00fcbt.<br \/>\nDas Spektakel, das die Kinder mit auf- und abbauten, wurde durch Musik begleitet und strukturiert. So war f\u00fcr alle klar, wann der Wechsel zur n\u00e4chsten Station erfolgte. In den Zirkel waren ebenso drei Pausenstationen eingebaut, so dass immer mehrere Lerngruppen gleichzeitig in der Aula Kr\u00e4fte sammeln konnten. Netterweise wurden von einem ortsans\u00e4ssigen Obsthof drei Kisten \u00c4pfel gespendet, so dass es an Vitaminen auch nicht fehlte.<br \/>\nKnapp 50 Eltern und Gro\u00dfeltern erkl\u00e4rten sich bereit diese Veranstaltung zu unterst\u00fctzen. Sie waren haupts\u00e4chlich als Schiedsrichter an den Stationen eingesetzt oder begleiteten einzelne Lerngruppen bei ihrem Zirkel. Ohne diese tatkr\u00e4ftige Unterst\u00fctzung w\u00e4re dieses Spektakel nicht m\u00f6glich gewesen. Daf\u00fcr bedanken wir uns an dieser Stelle noch einmal ausdr\u00fccklich!<br \/>\nR\u00fcckblickend k\u00f6nnen wir als Organisatoren sagen, dass unser Ziel, alle Kinder unserer Schule an einem Vormittag in einem klaren Ordnungsrahmen bewegungsintensiv in einem Klassen-Wettkampf gegeneinander antreten zu lassen, erreicht wurde. Und so freuen wir<br \/>\nuns bereits darauf wenn es im Jahr 2020 das n\u00e4chste Sportspektakel geben wird.<\/p>\n<p>&nbsp;<\/p>\n","protected":false},"excerpt":{"rendered":"<p>Sportspektakel 2018 Auch wenn es in einem Wettbewerb stets nur einen Sieger geben kann, steht fest: Klasse waren alle Klassen, die am Sport-Spektakel am 12. Juni teilnahmen. Alle Kinder und Lehrkr\u00e4fte sowie viele Eltern waren aktiv dabei als in Klassenwettk\u00e4mpfen &hellip; <a href=\"https:\/\/wordpress.nibis.de\/gstostedt\/sportspektakel\/\">Weiterlesen <span class=\"meta-nav\">&rarr;<\/span><\/a><\/p>\n","protected":false},"author":9192536,"featured_media":0,"parent":0,"menu_order":0,"comment_status":"closed","ping_status":"closed","template":"","meta":{"footnotes":""},"class_list":["post-430","page","type-page","status-publish","hentry"],"_links":{"self":[{"href":"https:\/\/wordpress.nibis.de\/gstostedt\/wp-json\/wp\/v2\/pages\/430","targetHints":{"allow":["GET"]}}],"collection":[{"href":"https:\/\/wordpress.nibis.de\/gstostedt\/wp-json\/wp\/v2\/pages"}],"about":[{"href":"https:\/\/wordpress.nibis.de\/gstostedt\/wp-json\/wp\/v2\/types\/page"}],"author":[{"embeddable":true,"href":"https:\/\/wordpress.nibis.de\/gstostedt\/wp-json\/wp\/v2\/users\/9192536"}],"replies":[{"embeddable":true,"href":"https:\/\/wordpress.nibis.de\/gstostedt\/wp-json\/wp\/v2\/comments?post=430"}],"version-history":[{"count":1,"href":"https:\/\/wordpress.nibis.de\/gstostedt\/wp-json\/wp\/v2\/pages\/430\/revisions"}],"predecessor-version":[{"id":431,"href":"https:\/\/wordpress.nibis.de\/gstostedt\/wp-json\/wp\/v2\/pages\/430\/revisions\/431"}],"wp:attachment":[{"href":"https:\/\/wordpress.nibis.de\/gstostedt\/wp-json\/wp\/v2\/media?parent=430"}],"curies":[{"name":"wp","href":"https:\/\/api.w.org\/{rel}","templated":true}]}}