{"id":448,"date":"2019-01-27T16:54:01","date_gmt":"2019-01-27T15:54:01","guid":{"rendered":"http:\/\/wordpress.nibis.de\/gstostedt\/?page_id=448"},"modified":"2019-04-10T17:28:11","modified_gmt":"2019-04-10T15:28:11","slug":"schulseelsorge","status":"publish","type":"page","link":"https:\/\/wordpress.nibis.de\/gstostedt\/schulseelsorge\/","title":{"rendered":"Schulseelsorge"},"content":{"rendered":"<div id=\"attachment_450\" style=\"width: 411px\" class=\"wp-caption aligncenter\"><img loading=\"lazy\" decoding=\"async\" aria-describedby=\"caption-attachment-450\" width=\"401\" height=\"225\" class=\"wp-image-450\" style=\"border: 6px solid #6b9103\" alt=\"\" src=\"http:\/\/wordpress.nibis.de\/gstostedt\/files\/2019\/01\/DSC_0781-850x478.jpg\"><p id=\"caption-attachment-450\" class=\"wp-caption-text\">Christiane Kurrig<\/p><\/div>\n<p>Mein Name ist Christiane Kurrig und ich m\u00f6chte Ihnen meine T\u00e4tigkeit als Schulseelsorgerin vorstellen. Seit \u00fcber 10 Jahren bin ich an der GS Tostedt als Religionslehrerin und p\u00e4dagogische Mitarbeiterin t\u00e4tig, seit 2015 zus\u00e4tzlich als Schulseelsorgerin. Mit dieser T\u00e4tigkeit m\u00f6chte ich pers\u00f6nlich zur Gestaltung einer offenen, herzlichen Schulkultur beitragen. Schulseelsorge ist ein Angebot f\u00fcr alle Menschen, ob gro\u00df ob klein. Sie f\u00f6rdert u. a. die Toleranz gegen\u00fcber anderen Religionen und Kulturen.<\/p>\n<p>Dies sind die Schwerpunkte meiner Arbeit:<br \/>\n&#8211; Begleitung, Orientierung und Hilfe bei kleinen und gro\u00dfen N\u00f6ten,<br \/>\n&#8211; Stillezeiten im Schulalltag in Form von Stillen Pausen<br \/>\n&#8211; je nach M\u00f6glichkeit Teestunde im Ganztag,<br \/>\n&#8211; Stillezeit im Ganztag,<br \/>\n&#8211; Andachten und Besuche der Kirchen vor Ort,<br \/>\n&#8211; Unterst\u00fctzung in Krisen und Trauerf\u00e4llen.<\/p>\n<p>Kommen sie gerne mit Ihren Fragen auf mich zu!<\/p>\n","protected":false},"excerpt":{"rendered":"<p>Mein Name ist Christiane Kurrig und ich m\u00f6chte Ihnen meine T\u00e4tigkeit als Schulseelsorgerin vorstellen. Seit \u00fcber 10 Jahren bin ich an der GS Tostedt als Religionslehrerin und p\u00e4dagogische Mitarbeiterin t\u00e4tig, seit 2015 zus\u00e4tzlich als Schulseelsorgerin. Mit dieser T\u00e4tigkeit m\u00f6chte ich &hellip; <a href=\"https:\/\/wordpress.nibis.de\/gstostedt\/schulseelsorge\/\">Weiterlesen <span class=\"meta-nav\">&rarr;<\/span><\/a><\/p>\n","protected":false},"author":9192536,"featured_media":611,"parent":0,"menu_order":0,"comment_status":"closed","ping_status":"closed","template":"","meta":{"footnotes":""},"class_list":["post-448","page","type-page","status-publish","has-post-thumbnail","hentry"],"_links":{"self":[{"href":"https:\/\/wordpress.nibis.de\/gstostedt\/wp-json\/wp\/v2\/pages\/448","targetHints":{"allow":["GET"]}}],"collection":[{"href":"https:\/\/wordpress.nibis.de\/gstostedt\/wp-json\/wp\/v2\/pages"}],"about":[{"href":"https:\/\/wordpress.nibis.de\/gstostedt\/wp-json\/wp\/v2\/types\/page"}],"author":[{"embeddable":true,"href":"https:\/\/wordpress.nibis.de\/gstostedt\/wp-json\/wp\/v2\/users\/9192536"}],"replies":[{"embeddable":true,"href":"https:\/\/wordpress.nibis.de\/gstostedt\/wp-json\/wp\/v2\/comments?post=448"}],"version-history":[{"count":3,"href":"https:\/\/wordpress.nibis.de\/gstostedt\/wp-json\/wp\/v2\/pages\/448\/revisions"}],"predecessor-version":[{"id":612,"href":"https:\/\/wordpress.nibis.de\/gstostedt\/wp-json\/wp\/v2\/pages\/448\/revisions\/612"}],"wp:featuredmedia":[{"embeddable":true,"href":"https:\/\/wordpress.nibis.de\/gstostedt\/wp-json\/wp\/v2\/media\/611"}],"wp:attachment":[{"href":"https:\/\/wordpress.nibis.de\/gstostedt\/wp-json\/wp\/v2\/media?parent=448"}],"curies":[{"name":"wp","href":"https:\/\/api.w.org\/{rel}","templated":true}]}}