{"id":456,"date":"2019-01-27T17:02:14","date_gmt":"2019-01-27T16:02:14","guid":{"rendered":"http:\/\/wordpress.nibis.de\/gstostedt\/?page_id=456"},"modified":"2022-03-15T09:00:41","modified_gmt":"2022-03-15T08:00:41","slug":"schulsozialarbeit","status":"publish","type":"page","link":"https:\/\/wordpress.nibis.de\/gstostedt\/schulsozialarbeit\/","title":{"rendered":"Schulsozialarbeit"},"content":{"rendered":"<div id=\"attachment_459\" style=\"width: 417px\" class=\"wp-caption aligncenter\"><img loading=\"lazy\" decoding=\"async\" aria-describedby=\"caption-attachment-459\" class=\"wp-image-459\" style=\"border: 6px solid #3e4d05\" src=\"http:\/\/wordpress.nibis.de\/gstostedt\/files\/2019\/01\/DSC_0779-850x478.jpg\" alt=\"\" width=\"407\" height=\"229\" \/><p id=\"caption-attachment-459\" class=\"wp-caption-text\">Jannik Golombek<\/p><\/div>\n<p><strong>Arbeitsschwerpunkte<\/strong><\/p>\n<p>\u21d2 Gespr\u00e4chsangebote f\u00fcr Sch\u00fclerinnen und Sch\u00fclern<br \/>\u21d2 Einzelf\u00f6rderung<br \/>\u21d2 Konfliktaufarbeitung<br \/>\u21d2 Soziales Kompetenztraining<br \/>\u21d2 Reflexion von Verhaltensweisen<br \/>\u21d2 Entwicklung von Strategien bei abweichendem Verhalten<br \/>\u21d2 Trauerarbeit<br \/>\u21d2 F\u00f6rdern von Kindern mit Migrationshintergrund<br \/>\u21d2 Begleitung beim Schulwechsel<br \/>\u21d2 Sensibilisierung im Umgang mit neuen Medien<br \/>\u21d2 Arbeit im Trainingsraum<\/p>\n<p>\u21d2 Einzelfallhilfe im Akutfall f\u00fcr Familien<br \/>\u21d2 Angebote von Elterngespr\u00e4chen<br \/>\u21d2 aufsuchende Elternarbeit<br \/>\u21d2 Kontakt zu soziale Institutionen herstellen und Hilfsangebote begleiten<br \/>\u21d2 Hilfestellung bei Antr\u00e4gen und Formularen f\u00fcr Sozialleistungen u.\u00e4..<\/p>\n<p><strong>Aufgabenfelder und Verantwortlichkeit<\/strong><\/p>\n<p>\u21d2 Implementierung der Schulsozialarbeit an der Grundschule Tostedt<br \/>\u21d2 Beratung von Sch\u00fclern, Lehrer und Erziehungsberechtigten<br \/>\u21d2 Krisenintervention<br \/>\u21d2 Vermittlung an andere Fachdienste<br \/>\u21d2 Unterrichtsprojekte:<br \/>\u2666 Soziales Lernen<br \/>\u2666 Sexualp\u00e4dagogik<br \/>\u2666 Gewaltpr\u00e4vention<br \/>\u21d2 Arbeit mit Klassen<br \/>\u2666 Klassenrat<br \/>\u2666 sozialp\u00e4dagogische Gruppenarbeit<br \/>\u2666 Patenprojekt mit z.B. B\u00fccherei oder Polizei<\/p>\n<p><strong>Kooperation<\/strong><\/p>\n<p>\u21d2 mit der Schulleitung und dem Lehrerkollegium<br \/>\u21d2 mit dem Jugendamt, der Polizei, Beratungsstellen<\/p>\n<p><strong>\u00d6ffentlichkeitsarbeit<\/strong><\/p>\n<p>\u21d2 Berichterstattung in verschiedenen Tageszeitungen<br \/>\u21d2 Vorstellung der Schulsozialarbeit in Arbeitskreisen<br \/>\u21d2 Gremienarbeit<\/p>\n<p><strong>Qualit\u00e4tssicherung<\/strong><\/p>\n<p>\u21d2 Kollegiale Beratung und Fallbesprechung<br \/>\u21d2 Supervision<br \/>\u21d2 Konzeptentwicklung<br \/>\u21d2 Dokumentation der Projekte<br \/>\u21d2 Evaluation<\/p>\n<hr \/>\n\n\n<div class=\"wp-block-group\"><div class=\"wp-block-group__inner-container is-layout-flow wp-block-group-is-layout-flow\">\n<h2 class=\"has-text-align-center wp-block-heading\"><strong>Telefonische Sprechstunde donnerstags<\/strong> <\/h2>\n\n\n\n<h2 class=\"has-text-align-center wp-block-heading\"><strong>von 14.00 bis 16.00 Uhr<\/strong><\/h2>\n\n\n\n<p>Telefon: 04182 \/ 28494-12<\/p>\n\n\n\n<p>Email: &#x6a;&#x2e;&#x67;&#x6f;&#x6c;&#x6f;&#109;&#98;&#101;&#107;&#64;gs-&#x74;&#x6f;&#x73;&#x74;&#x65;&#x64;&#116;&#46;&#110;&#101;&#116;<\/p>\n<\/div><\/div>\n\n\n\n<p><\/p>\n","protected":false},"excerpt":{"rendered":"<p>Arbeitsschwerpunkte \u21d2 Gespr\u00e4chsangebote f\u00fcr Sch\u00fclerinnen und Sch\u00fclern\u21d2 Einzelf\u00f6rderung\u21d2 Konfliktaufarbeitung\u21d2 Soziales Kompetenztraining\u21d2 Reflexion von Verhaltensweisen\u21d2 Entwicklung von Strategien bei abweichendem Verhalten\u21d2 Trauerarbeit\u21d2 F\u00f6rdern von Kindern mit Migrationshintergrund\u21d2 Begleitung beim Schulwechsel\u21d2 Sensibilisierung im Umgang mit neuen Medien\u21d2 Arbeit im Trainingsraum \u21d2 Einzelfallhilfe &hellip; <a href=\"https:\/\/wordpress.nibis.de\/gstostedt\/schulsozialarbeit\/\">Weiterlesen <span class=\"meta-nav\">&rarr;<\/span><\/a><\/p>\n","protected":false},"author":9192536,"featured_media":610,"parent":0,"menu_order":0,"comment_status":"closed","ping_status":"closed","template":"","meta":{"footnotes":""},"class_list":["post-456","page","type-page","status-publish","has-post-thumbnail","hentry"],"_links":{"self":[{"href":"https:\/\/wordpress.nibis.de\/gstostedt\/wp-json\/wp\/v2\/pages\/456","targetHints":{"allow":["GET"]}}],"collection":[{"href":"https:\/\/wordpress.nibis.de\/gstostedt\/wp-json\/wp\/v2\/pages"}],"about":[{"href":"https:\/\/wordpress.nibis.de\/gstostedt\/wp-json\/wp\/v2\/types\/page"}],"author":[{"embeddable":true,"href":"https:\/\/wordpress.nibis.de\/gstostedt\/wp-json\/wp\/v2\/users\/9192536"}],"replies":[{"embeddable":true,"href":"https:\/\/wordpress.nibis.de\/gstostedt\/wp-json\/wp\/v2\/comments?post=456"}],"version-history":[{"count":13,"href":"https:\/\/wordpress.nibis.de\/gstostedt\/wp-json\/wp\/v2\/pages\/456\/revisions"}],"predecessor-version":[{"id":1818,"href":"https:\/\/wordpress.nibis.de\/gstostedt\/wp-json\/wp\/v2\/pages\/456\/revisions\/1818"}],"wp:featuredmedia":[{"embeddable":true,"href":"https:\/\/wordpress.nibis.de\/gstostedt\/wp-json\/wp\/v2\/media\/610"}],"wp:attachment":[{"href":"https:\/\/wordpress.nibis.de\/gstostedt\/wp-json\/wp\/v2\/media?parent=456"}],"curies":[{"name":"wp","href":"https:\/\/api.w.org\/{rel}","templated":true}]}}