{"id":484,"date":"2019-01-28T16:39:58","date_gmt":"2019-01-28T15:39:58","guid":{"rendered":"http:\/\/wordpress.nibis.de\/gstostedt\/?page_id=484"},"modified":"2019-04-10T18:18:43","modified_gmt":"2019-04-10T16:18:43","slug":"flexibilisierung-des-einschulungstermines","status":"publish","type":"page","link":"https:\/\/wordpress.nibis.de\/gstostedt\/flexibilisierung-des-einschulungstermines\/","title":{"rendered":"Flexibilisierung des Einschulungstermines"},"content":{"rendered":"<p>Am 27. Februar 2018 hat der Nieders\u00e4chsische Landtag ein neues Schulgesetz beschlossen. Eine zentrale \u00c4nderung mit h\u00f6chster Relevanz f\u00fcr viele Eltern ist die Flexibilisierung des Einschulungsstichtages:<br \/>\nEltern, deren Kinder das sechste Lebensjahr in der Zeit vom 1. Juli bis zum 30. September vollenden, haben nunmehr die M\u00f6glichkeit, den Einschulungstermin um ein Jahr zu verschieben. Dabei sollen die Eltern sich bis zum Stichtag 1. Mai eines jeden Schuljahres entschieden haben, ob die Einschulung des Kindes um ein Jahr hinausgeschoben werden soll. In diesem Fall reicht eine schriftliche Erkl\u00e4rung gegen\u00fcber der Schule aus.<\/p>\n<p><img loading=\"lazy\" decoding=\"async\" width=\"45\" height=\"37\" class=\"alignnone  wp-image-408\" alt=\"\" src=\"http:\/\/wordpress.nibis.de\/gstostedt\/files\/2019\/01\/20180314144738-2171eea2-me-578x478.jpg\">&nbsp;<a href=\"http:\/\/wordpress.nibis.de\/gstostedt\/files\/2019\/01\/Informationsblatt_Erziehungsberechtigte_Einschulungstermin_Stand_Dez_2018-3.pdf\">Informationsblatt_Erziehungsberechtigte_Einschulungstermin_Stand_Dez_2018 <\/a><\/p>\n","protected":false},"excerpt":{"rendered":"<p>Am 27. Februar 2018 hat der Nieders\u00e4chsische Landtag ein neues Schulgesetz beschlossen. Eine zentrale \u00c4nderung mit h\u00f6chster Relevanz f\u00fcr viele Eltern ist die Flexibilisierung des Einschulungsstichtages: Eltern, deren Kinder das sechste Lebensjahr in der Zeit vom 1. Juli bis zum &hellip; <a href=\"https:\/\/wordpress.nibis.de\/gstostedt\/flexibilisierung-des-einschulungstermines\/\">Weiterlesen <span class=\"meta-nav\">&rarr;<\/span><\/a><\/p>\n","protected":false},"author":9192536,"featured_media":632,"parent":0,"menu_order":0,"comment_status":"closed","ping_status":"closed","template":"","meta":{"footnotes":""},"class_list":["post-484","page","type-page","status-publish","has-post-thumbnail","hentry"],"_links":{"self":[{"href":"https:\/\/wordpress.nibis.de\/gstostedt\/wp-json\/wp\/v2\/pages\/484","targetHints":{"allow":["GET"]}}],"collection":[{"href":"https:\/\/wordpress.nibis.de\/gstostedt\/wp-json\/wp\/v2\/pages"}],"about":[{"href":"https:\/\/wordpress.nibis.de\/gstostedt\/wp-json\/wp\/v2\/types\/page"}],"author":[{"embeddable":true,"href":"https:\/\/wordpress.nibis.de\/gstostedt\/wp-json\/wp\/v2\/users\/9192536"}],"replies":[{"embeddable":true,"href":"https:\/\/wordpress.nibis.de\/gstostedt\/wp-json\/wp\/v2\/comments?post=484"}],"version-history":[{"count":3,"href":"https:\/\/wordpress.nibis.de\/gstostedt\/wp-json\/wp\/v2\/pages\/484\/revisions"}],"predecessor-version":[{"id":633,"href":"https:\/\/wordpress.nibis.de\/gstostedt\/wp-json\/wp\/v2\/pages\/484\/revisions\/633"}],"wp:featuredmedia":[{"embeddable":true,"href":"https:\/\/wordpress.nibis.de\/gstostedt\/wp-json\/wp\/v2\/media\/632"}],"wp:attachment":[{"href":"https:\/\/wordpress.nibis.de\/gstostedt\/wp-json\/wp\/v2\/media?parent=484"}],"curies":[{"name":"wp","href":"https:\/\/api.w.org\/{rel}","templated":true}]}}