{"id":537,"date":"2019-03-19T09:59:49","date_gmt":"2019-03-19T08:59:49","guid":{"rendered":"https:\/\/wordpress.nibis.de\/gstostedt\/?page_id=537"},"modified":"2025-08-13T18:43:45","modified_gmt":"2025-08-13T16:43:45","slug":"uebergang-nach-klasse-4","status":"publish","type":"page","link":"https:\/\/wordpress.nibis.de\/gstostedt\/uebergang-nach-klasse-4\/","title":{"rendered":"\u00dcbergang nach Klasse 4"},"content":{"rendered":"\n<p><strong>Liebe Eltern!<\/strong><\/p>\n\n\n\n<p>Ihr Kind geht nun schon einige Jahre auf unsere Schule. Mit dem \u00dcbergang in eine weiterf\u00fchrende Schule beginnt f\u00fcr Ihr Kind ein neuer Lebensabschnitt. Die Informationsangebote der Schulen helfen Ihnen, sich ein Bild \u00fcber Angebote und Profile der einzelnen Schulen zu verschaffen.<\/p>\n\n\n\n<p>Der Wegfall der Schullaufbahnempfehlung und die Einf\u00fchrung von zwei Beratungsgespr\u00e4chen an den Grundschulen sind ein wichtiger Punkt, um Kinder nicht zu fr\u00fch auszusortieren, sondern ihnen die M\u00f6glichkeit zur individuellen Entwicklung zu geben.<\/p>\n\n\n\n<p>Ein m\u00f6glichst langes Offenhalten des Bildungsweges ist wichtig, um allen Sch\u00fclerinnen und Sch\u00fclern Entwicklungsm\u00f6glichkeiten geben zu k\u00f6nnen.<\/p>\n\n\n\n<p>Als Entscheidungshilfe f\u00fcr die Wahl der weiterf\u00fchrenden Schule dienen zwei Beratungsgespr\u00e4che mit der Klassenlehrerin.<\/p>\n\n\n\n<p>Au\u00dferdem finden Informationsabende oder Tage der offenen T\u00fcren statt. Auch kann Ihr Kind an sog. <strong> Kennenlerntagen<\/strong> teilnehmen. Diese dienen dazu, evtl. Schwellen\u00e4ngste Ihres Kindes vor der neuen Schule abzubauen. Ihr Kind kann an einer Schule schnuppern. An welcher, entscheiden Sie.<\/p>\n\n\n\n<p>Informationen zu den einzelnen Schulen und deren Terminen bzgl. Schnuppertagen und Anmeldungen finden Sie auf der jeweiligen Homepage der zust\u00e4ndigen Schule.<\/p>\n\n\n\n<p><\/p>\n\n\n","protected":false},"excerpt":{"rendered":"<p>Liebe Eltern! Ihr Kind geht nun schon einige Jahre auf unsere Schule. Mit dem \u00dcbergang in eine weiterf\u00fchrende Schule beginnt f\u00fcr Ihr Kind ein neuer Lebensabschnitt. Die Informationsangebote der Schulen helfen Ihnen, sich ein Bild \u00fcber Angebote und Profile der &hellip; <a href=\"https:\/\/wordpress.nibis.de\/gstostedt\/uebergang-nach-klasse-4\/\">Weiterlesen <span class=\"meta-nav\">&rarr;<\/span><\/a><\/p>\n","protected":false},"author":9192536,"featured_media":408,"parent":0,"menu_order":0,"comment_status":"closed","ping_status":"closed","template":"","meta":{"footnotes":""},"class_list":["post-537","page","type-page","status-publish","has-post-thumbnail","hentry"],"_links":{"self":[{"href":"https:\/\/wordpress.nibis.de\/gstostedt\/wp-json\/wp\/v2\/pages\/537","targetHints":{"allow":["GET"]}}],"collection":[{"href":"https:\/\/wordpress.nibis.de\/gstostedt\/wp-json\/wp\/v2\/pages"}],"about":[{"href":"https:\/\/wordpress.nibis.de\/gstostedt\/wp-json\/wp\/v2\/types\/page"}],"author":[{"embeddable":true,"href":"https:\/\/wordpress.nibis.de\/gstostedt\/wp-json\/wp\/v2\/users\/9192536"}],"replies":[{"embeddable":true,"href":"https:\/\/wordpress.nibis.de\/gstostedt\/wp-json\/wp\/v2\/comments?post=537"}],"version-history":[{"count":14,"href":"https:\/\/wordpress.nibis.de\/gstostedt\/wp-json\/wp\/v2\/pages\/537\/revisions"}],"predecessor-version":[{"id":2275,"href":"https:\/\/wordpress.nibis.de\/gstostedt\/wp-json\/wp\/v2\/pages\/537\/revisions\/2275"}],"wp:featuredmedia":[{"embeddable":true,"href":"https:\/\/wordpress.nibis.de\/gstostedt\/wp-json\/wp\/v2\/media\/408"}],"wp:attachment":[{"href":"https:\/\/wordpress.nibis.de\/gstostedt\/wp-json\/wp\/v2\/media?parent=537"}],"curies":[{"name":"wp","href":"https:\/\/api.w.org\/{rel}","templated":true}]}}