{"id":561,"date":"2019-04-03T11:45:48","date_gmt":"2019-04-03T09:45:48","guid":{"rendered":"https:\/\/wordpress.nibis.de\/gstostedt\/?page_id=561"},"modified":"2022-02-02T12:22:07","modified_gmt":"2022-02-02T11:22:07","slug":"skipping-hearts","status":"publish","type":"page","link":"https:\/\/wordpress.nibis.de\/gstostedt\/skipping-hearts\/","title":{"rendered":"&#8222;Skipping Hearts&#8220;"},"content":{"rendered":"\n<div class=\"wp-block-image\"><figure class=\"aligncenter is-resized\"><img loading=\"lazy\" decoding=\"async\" src=\"https:\/\/wordpress.nibis.de\/gstostedt\/files\/2019\/04\/Titel_Skipping_Hearts_Herz_bim_10-19-1024x675.jpg\" alt=\"\" class=\"wp-image-563\" width=\"591\" height=\"389\" \/><figcaption>Seilspringen macht Spa\u00df und ist eine gute Vorbeugung gegen Herz-Erkrankungen. An der Grundschule Tostedt sorgte das Projekt &#8222;Skipping Hearts&#8220; (springende Herzen) der Deutschen Herzstiftung f\u00fcr Begeisterung<\/figcaption><\/figure><\/div>\n\n\n\n<p><strong>bim. Tostedt.<\/strong> Die Deutsche  Herzstiftung bewegt: Mit ihrem Projekt &#8222;Skipping Hearts&#8220; (h\u00fcpfende  Herzen) war sie jetzt in der Tostedter Grundschule mit einem   zweist\u00fcndigen Kursus, geleitet von Regina Lange-Clau\u00dfen, zu Gast. Die 4a  und 4d mit ihren Lehrerinnen Sandra Remien und Julia Meier \u00fcbten sie  zwei Stunden lang unterschiedliche Seilspringvariationen, die sie  anschlie\u00dfend ihren Mitsch\u00fclern pr\u00e4sentierten und zum Mitmachen einluden.<br> Mit dem Projekt &#8222;Skipping Hearts&#8220; will die Deutsche Herzstiftung den  Spa\u00df am Seilspringen  und an mehr Bewegung zur Pr\u00e4vention von  Herzerkrankungen vermitteln. Gleichzeitig werden damit Motorik, Ausdauer  und Koordination gef\u00f6rdert.<br> An der Grundschule Tostedt ist Seilspringen seit vielen Jahren ein  fester Bestandteil des Sportunterrichts. &#8222;Laut schuleigenem Arbeitsplan  des Faches Sport wird f\u00fcr alle Kinder im zweiten Schuljahr f\u00fcr eine  Seilspring-Urkunde trainiert. Aus einem \u00dcbungsangebot von zehn  verschiedenen Spr\u00fcngen versuchen die Kinder m\u00f6glichst viele der Einzel-  und Partnerspr\u00fcnge  erfolgreich zu absolvieren&#8220;, erl\u00e4utert Julia Meier.<br> \u00dcber diese &#8222;Vorarbeit&#8220; freute sich die Workshopleiterin. &#8222;&#8218;Skipping  Hearts&#8216; haben wir eingeladen, damit an Erlerntes angekn\u00fcpft werden  konnte und den Kindern in Erinnerung gerufen wird, wie schnell man mit  diesem einfachen Sportger\u00e4t alleine und in der Gruppe Spa\u00df an der  Bewegung haben kann&#8220;, so Julia Meier.<\/p>\n\n\n\n<div class=\"wp-block-image\"><figure class=\"aligncenter is-resized\"><img loading=\"lazy\" decoding=\"async\" src=\"https:\/\/wordpress.nibis.de\/gstostedt\/files\/2019\/04\/Skipping_Hearts_Tostedt_bim_10-19-Kopie.jpg\" alt=\"\" class=\"wp-image-562\" width=\"628\" height=\"326\" srcset=\"https:\/\/wordpress.nibis.de\/gstostedt\/files\/2019\/04\/Skipping_Hearts_Tostedt_bim_10-19-Kopie.jpg 1024w, https:\/\/wordpress.nibis.de\/gstostedt\/files\/2019\/04\/Skipping_Hearts_Tostedt_bim_10-19-Kopie-768x400.jpg 768w\" sizes=\"auto, (max-width: 628px) 100vw, 628px\" \/><\/figure><\/div>\n\n\n\n<p>Quelle: kreiszeitung-wochenblatt.de<\/p>\n","protected":false},"excerpt":{"rendered":"<p>bim. Tostedt. Die Deutsche Herzstiftung bewegt: Mit ihrem Projekt &#8222;Skipping Hearts&#8220; (h\u00fcpfende Herzen) war sie jetzt in der Tostedter Grundschule mit einem zweist\u00fcndigen Kursus, geleitet von Regina Lange-Clau\u00dfen, zu Gast. Die 4a und 4d mit ihren Lehrerinnen Sandra Remien und &hellip; <a href=\"https:\/\/wordpress.nibis.de\/gstostedt\/skipping-hearts\/\">Weiterlesen <span class=\"meta-nav\">&rarr;<\/span><\/a><\/p>\n","protected":false},"author":9192536,"featured_media":602,"parent":0,"menu_order":0,"comment_status":"closed","ping_status":"closed","template":"","meta":{"footnotes":""},"class_list":["post-561","page","type-page","status-publish","has-post-thumbnail","hentry"],"_links":{"self":[{"href":"https:\/\/wordpress.nibis.de\/gstostedt\/wp-json\/wp\/v2\/pages\/561","targetHints":{"allow":["GET"]}}],"collection":[{"href":"https:\/\/wordpress.nibis.de\/gstostedt\/wp-json\/wp\/v2\/pages"}],"about":[{"href":"https:\/\/wordpress.nibis.de\/gstostedt\/wp-json\/wp\/v2\/types\/page"}],"author":[{"embeddable":true,"href":"https:\/\/wordpress.nibis.de\/gstostedt\/wp-json\/wp\/v2\/users\/9192536"}],"replies":[{"embeddable":true,"href":"https:\/\/wordpress.nibis.de\/gstostedt\/wp-json\/wp\/v2\/comments?post=561"}],"version-history":[{"count":3,"href":"https:\/\/wordpress.nibis.de\/gstostedt\/wp-json\/wp\/v2\/pages\/561\/revisions"}],"predecessor-version":[{"id":1743,"href":"https:\/\/wordpress.nibis.de\/gstostedt\/wp-json\/wp\/v2\/pages\/561\/revisions\/1743"}],"wp:featuredmedia":[{"embeddable":true,"href":"https:\/\/wordpress.nibis.de\/gstostedt\/wp-json\/wp\/v2\/media\/602"}],"wp:attachment":[{"href":"https:\/\/wordpress.nibis.de\/gstostedt\/wp-json\/wp\/v2\/media?parent=561"}],"curies":[{"name":"wp","href":"https:\/\/api.w.org\/{rel}","templated":true}]}}