{"id":589,"date":"2019-04-10T16:39:22","date_gmt":"2019-04-10T14:39:22","guid":{"rendered":"https:\/\/wordpress.nibis.de\/gstostedt\/?page_id=589"},"modified":"2019-05-26T19:54:26","modified_gmt":"2019-05-26T17:54:26","slug":"home","status":"publish","type":"page","link":"https:\/\/wordpress.nibis.de\/gstostedt\/home\/","title":{"rendered":"Home"},"content":{"rendered":"\n<figure class=\"wp-block-pullquote\"><blockquote><p><strong>Herzlich willkommen auf der Homepage der Grundschule Tostedt<\/strong><\/p><\/blockquote><\/figure>\n\n\n\n<p style=\"text-align:left\"><strong>Auf diesen Seiten geben wir Einblicke in unser Schulleben. Wir informieren \u00fcber unsere Schwerpunkte und&nbsp;Angebote, \u00fcber die Menschen, die zu dieser Schule geh\u00f6ren und&nbsp;\u00fcber aktuelle Veranstaltungen und Termine.<\/strong><\/p>\n\n\n\n<p>Wir sind eine vier- bis f\u00fcnfz\u00fcgige Offene Ganztags-Grundschule mit einem Schulkindergarten.<\/p>\n\n\n\n<p>Besuchen Sie uns regelm\u00e4\u00dfig. Die Daten unserer Internetpr\u00e4senz werden laufend aktualisiert. So haben Sie immer einen aktuellen Ein- und \u00dcberblick \u00fcber unsere Schule.<\/p>\n\n\n\n<p>Viel Spa\u00df dabei w\u00fcnscht Ihnen <\/p>\n\n\n\n<p>Ihre<\/p>\n\n\n\n<h3 class=\"wp-block-heading\">Gudrun Brinkman<\/h3>\n\n\n\n<p><em>Schulleiterin<\/em><\/p>\n\n\n\n<p><\/p>\n","protected":false},"excerpt":{"rendered":"<p>Herzlich willkommen auf der Homepage der Grundschule Tostedt Auf diesen Seiten geben wir Einblicke in unser Schulleben. Wir informieren \u00fcber unsere Schwerpunkte und&nbsp;Angebote, \u00fcber die Menschen, die zu dieser Schule geh\u00f6ren und&nbsp;\u00fcber aktuelle Veranstaltungen und Termine. Wir sind eine vier- &hellip; <a href=\"https:\/\/wordpress.nibis.de\/gstostedt\/home\/\">Weiterlesen <span class=\"meta-nav\">&rarr;<\/span><\/a><\/p>\n","protected":false},"author":9192536,"featured_media":0,"parent":0,"menu_order":0,"comment_status":"closed","ping_status":"closed","template":"","meta":{"footnotes":""},"class_list":["post-589","page","type-page","status-publish","hentry"],"_links":{"self":[{"href":"https:\/\/wordpress.nibis.de\/gstostedt\/wp-json\/wp\/v2\/pages\/589","targetHints":{"allow":["GET"]}}],"collection":[{"href":"https:\/\/wordpress.nibis.de\/gstostedt\/wp-json\/wp\/v2\/pages"}],"about":[{"href":"https:\/\/wordpress.nibis.de\/gstostedt\/wp-json\/wp\/v2\/types\/page"}],"author":[{"embeddable":true,"href":"https:\/\/wordpress.nibis.de\/gstostedt\/wp-json\/wp\/v2\/users\/9192536"}],"replies":[{"embeddable":true,"href":"https:\/\/wordpress.nibis.de\/gstostedt\/wp-json\/wp\/v2\/comments?post=589"}],"version-history":[{"count":8,"href":"https:\/\/wordpress.nibis.de\/gstostedt\/wp-json\/wp\/v2\/pages\/589\/revisions"}],"predecessor-version":[{"id":750,"href":"https:\/\/wordpress.nibis.de\/gstostedt\/wp-json\/wp\/v2\/pages\/589\/revisions\/750"}],"wp:attachment":[{"href":"https:\/\/wordpress.nibis.de\/gstostedt\/wp-json\/wp\/v2\/media?parent=589"}],"curies":[{"name":"wp","href":"https:\/\/api.w.org\/{rel}","templated":true}]}}