{"id":59,"date":"2018-01-21T10:24:54","date_gmt":"2018-01-21T09:24:54","guid":{"rendered":"http:\/\/wordpress.nibis.de\/gstostedt\/?page_id=59"},"modified":"2025-08-13T18:41:28","modified_gmt":"2025-08-13T16:41:28","slug":"schulelternrat","status":"publish","type":"page","link":"https:\/\/wordpress.nibis.de\/gstostedt\/unsere-schule\/schulelternrat\/","title":{"rendered":"Schulelternrat"},"content":{"rendered":"<p>Der Schulelternrat setzt sich aus den gew\u00e4hlten Elternvertretern aller Klassen zusammen. Er trifft sich 2 \u2013 4 Mal im Jahr, um sich untereinander und mit der Schulleitung auszutauschen. Aus seiner Mitte werden Vertreter in den Samtgemeindeelternrat, den Kreiselternrat, die Gesamtkonferenz und in die Fachkonferenzen entsandt. Hier entstandene Beschl\u00fcsse werden im Schulelternrat beraten.<\/p>\n<p>Wir sehen uns als Bindeglied zwischen Eltern, Sch\u00fclern und Schulleitung. Wir wollen Anregungen aus den Klassenelternschaften aufnehmen, Vorschl\u00e4ge machen und in Zusammenarbeit mit Lehrern und Schulleitung helfen, wenn es mal irgendwo \u201ehaken\u201c sollte. Diese Kooperation bedeutet einen fortlaufenden Dialog miteinander , sodass Informationen, Anregungen und Impulse gegeben und aufgenommen werden k\u00f6nnen!<\/p>\n<p>Bringen Sie Ihre Ideen mit ein und beziehen Sie uns mit ein. Auch wenn Schule uns manchmal statisch erscheinen sollte, so k\u00f6nnen wir Eltern zusammen mit dem Lehrerkollegium doch eine Menge bewirken. Mit Engagement, Kreativit\u00e4t und -manchmal &#8211; langem Atem k\u00f6nnen wir alle sehr viel zum Wohle unserer Kinder erreichen!<\/p>\n<p>Bitte wenden Sie sich bei offenen Fragen an das B\u00fcro der GS Tostedt (Tel.: 04182 28494-0).<\/p>\n<p><a href=\"http:\/\/www.ler-nds.de\/\">Landeselternrat Niedersachsen<\/a><\/p>\n","protected":false},"excerpt":{"rendered":"<p>Der Schulelternrat setzt sich aus den gew\u00e4hlten Elternvertretern aller Klassen zusammen. Er trifft sich 2 \u2013 4 Mal im Jahr, um sich untereinander und mit der Schulleitung auszutauschen. Aus seiner Mitte werden Vertreter in den Samtgemeindeelternrat, den Kreiselternrat, die Gesamtkonferenz &hellip; <a href=\"https:\/\/wordpress.nibis.de\/gstostedt\/unsere-schule\/schulelternrat\/\">Weiterlesen <span class=\"meta-nav\">&rarr;<\/span><\/a><\/p>\n","protected":false},"author":1430,"featured_media":0,"parent":16,"menu_order":5,"comment_status":"closed","ping_status":"closed","template":"","meta":{"footnotes":""},"class_list":["post-59","page","type-page","status-publish","hentry"],"_links":{"self":[{"href":"https:\/\/wordpress.nibis.de\/gstostedt\/wp-json\/wp\/v2\/pages\/59","targetHints":{"allow":["GET"]}}],"collection":[{"href":"https:\/\/wordpress.nibis.de\/gstostedt\/wp-json\/wp\/v2\/pages"}],"about":[{"href":"https:\/\/wordpress.nibis.de\/gstostedt\/wp-json\/wp\/v2\/types\/page"}],"author":[{"embeddable":true,"href":"https:\/\/wordpress.nibis.de\/gstostedt\/wp-json\/wp\/v2\/users\/1430"}],"replies":[{"embeddable":true,"href":"https:\/\/wordpress.nibis.de\/gstostedt\/wp-json\/wp\/v2\/comments?post=59"}],"version-history":[{"count":4,"href":"https:\/\/wordpress.nibis.de\/gstostedt\/wp-json\/wp\/v2\/pages\/59\/revisions"}],"predecessor-version":[{"id":2273,"href":"https:\/\/wordpress.nibis.de\/gstostedt\/wp-json\/wp\/v2\/pages\/59\/revisions\/2273"}],"up":[{"embeddable":true,"href":"https:\/\/wordpress.nibis.de\/gstostedt\/wp-json\/wp\/v2\/pages\/16"}],"wp:attachment":[{"href":"https:\/\/wordpress.nibis.de\/gstostedt\/wp-json\/wp\/v2\/media?parent=59"}],"curies":[{"name":"wp","href":"https:\/\/api.w.org\/{rel}","templated":true}]}}