{"id":70,"date":"2018-01-21T11:15:03","date_gmt":"2018-01-21T10:15:03","guid":{"rendered":"http:\/\/wordpress.nibis.de\/gstostedt\/?page_id=70"},"modified":"2019-04-10T18:58:32","modified_gmt":"2019-04-10T16:58:32","slug":"infos-von-a-bis-z","status":"publish","type":"page","link":"https:\/\/wordpress.nibis.de\/gstostedt\/infos-von-a-bis-z\/","title":{"rendered":"A bis Z"},"content":{"rendered":"<hr>\n<p><span style=\"font-family: georgia,palatino,serif\">Hier finden Sie in alphabetischer Reihenfolge wichtige und n\u00fctzliche Informationen \u00fcber unsere Schule.<\/span><\/p>\n<p><span style=\"font-family: georgia,palatino,serif\"><strong>Anmeldung<\/strong><\/span><br \/>\n<span style=\"font-family: georgia,palatino,serif\"> Eine Anmeldung Ihrer Kinder in der GS Tostedt ist nicht notwendig. Alle Kinder, die zum Einzugsgebiet geh\u00f6ren, werden von der Schule angeschrieben und zu allen wichtigen Terminen, wie z.B. dem Sprachtest und der Schuluntersuchung eingeladen.<\/span><\/p>\n<p><span style=\"font-family: georgia,palatino,serif\"><strong>Arbeitsgemeinschaften (AGs)<\/strong><\/span><br \/>\n<span style=\"font-family: georgia,palatino,serif\"> F\u00fcr die Klassen 3 und 4 werden pro Halbjahr wechselnde Arbeitsgemeinschaften<\/span><br \/>\n<span style=\"font-family: georgia,palatino,serif\"> angeboten. Themen k\u00f6nnen z.B. sein: Basteln, Schach, Zeichnen, Computer u.a.<\/span><\/p>\n<p><span style=\"font-family: georgia,palatino,serif\"><strong>Ausbildung von Lehramtsanw\u00e4rtern (LiVD)<\/strong><\/span><br \/>\n<span style=\"font-family: georgia,palatino,serif\"> Regelm\u00e4\u00dfig werden an unserer Schule junge Lehrerinnen und Lehrer ausgebildet. Die LiVD geh\u00f6ren w\u00e4hrend ihrer Zeit des Vorbereitungsdienstes fest zum Kollegium.<\/span><\/p>\n<p><span style=\"font-family: georgia,palatino,serif\"><strong>Ausfl\u00fcge<\/strong><\/span><br \/>\n<span style=\"font-family: georgia,palatino,serif\"> Exkursionen, Wandertage, Ausfl\u00fcge und Klassenfahrten geh\u00f6ren zum festen Bestandteil des Schullebens.<\/span><\/p>\n<p><span style=\"font-family: georgia,palatino,serif\"><strong>Computer und Computerf\u00fchrerschein<\/strong><\/span><br \/>\n<span style=\"font-family: georgia,palatino,serif\"> An beiden Schulstandorten gibt es Computerfachr\u00e4ume mit Internetzugang und mehreren PC-Arbeitspl\u00e4tzen.<\/span><\/p>\n<p><span style=\"font-family: georgia,palatino,serif\"><strong>Einzugsgebiet<\/strong><\/span><br \/>\n<span style=\"font-family: georgia,palatino,serif\"> Das Einzugsgebiet unserer Schule ist die Gemeinde Tostedt ohne den Ortsteil<\/span><br \/>\n<span style=\"font-family: georgia,palatino,serif\"> Todtgl\u00fcsingen.<\/span><\/p>\n<p><span style=\"font-family: georgia,palatino,serif\"><strong>Eislaufen<\/strong><\/span><br \/>\n<span style=\"font-family: georgia,palatino,serif\"> Jeweils in der zweiten Klasse fahren die Kinder mit ihren Lehrkr\u00e4ften nach Harsefeld zum Eislaufen.<\/span><\/p>\n<p><span style=\"font-family: georgia,palatino,serif\"><strong>Elternmitwirkung\/Elternmitarbeit<\/strong><\/span><br \/>\n<span style=\"font-family: georgia,palatino,serif\"> Die Mitwirkung der Eltern ist im Schulgesetz fest verankert und betrifft in erster Linie die Gremien Klassenelternschaft, Schulelternrat und Gesamtkonferenz, die<\/span><br \/>\n<span style=\"font-family: georgia,palatino,serif\"> Fachkonferenzen und den Schulvorstand. Zur Klassenelternschaft geh\u00f6ren alle Eltern der Sch\u00fclerinnen und Sch\u00fcler einer Klasse.<\/span><br \/>\n<span style=\"font-family: georgia,palatino,serif\"> Neben dem Informations- und Meinungsaustausch \u00fcber Angelegenheiten der Schule geht es hier insbesondere um die Unterrichts- und Erziehungsarbeit in der jeweiligen Klasse.<\/span><br \/>\n<span style=\"font-family: georgia,palatino,serif\"> Mitglieder des Schulelternrats (SER) sind die Vorsitzenden der Klassenelternschaften und ihre Stellvertreter. Der Gesamtkonferenz geh\u00f6ren neben der Schulleitung Vertreter der Lehrer- und Elternschaft an. Die Gesamtkonferenz ber\u00e4t und entscheidet in grunds\u00e4tzlichen p\u00e4dagogischen Angelegenheiten der Schule und vermittelt bei Konflikten.<\/span><br \/>\n<span style=\"font-family: georgia,palatino,serif\"> Der Schulvorstand besteht in der Grundschule je zur H\u00e4lfte seiner Mitglieder aus der&nbsp;Lehrerschaft und vom Schulelternrat gew\u00e4hlten Eltern. Er entscheidet \u00fcber die&nbsp;Verwendung des Budgets und alle Verwaltungsangelegenheiten.<\/span><br \/>\n<span style=\"font-family: georgia,palatino,serif\"> Die Zusammensetzung der einzelnen Gremien wird jeweils f\u00fcr zwei Schuljahre gew\u00e4hlt. Die Elternvertreter der Gremien werden jeweils f\u00fcr zwei Jahre aus dem SER gew\u00e4hlt.<\/span><\/p>\n<p><span style=\"font-family: georgia,palatino,serif\"><strong>Elternsprechzeiten<\/strong><\/span><br \/>\n<span style=\"font-family: georgia,palatino,serif\"> In jedem Schuljahr sind zwei feste Elternsprechtage vorgesehen. Der erste Termin liegt meist im November, der zweite im Februar oder M\u00e4rz. Au\u00dferhalb dieser Termine stehen alle Lehrerinnen und Lehrer nach Terminvereinbarung jederzeit f\u00fcr ein Gespr\u00e4ch zur Verf\u00fcgung.<\/span><\/p>\n<p><span style=\"font-family: georgia,palatino,serif\"><strong>Fahrsch\u00fcler und&nbsp; -sch\u00fclerinnen<\/strong><\/span><br \/>\n<span style=\"font-family: georgia,palatino,serif\"> Sch\u00fclerinnen und Sch\u00fcler, die mehr als zwei Kilometer von der Schule entfernt wohnen, werden mit dem Bus zur Schule gebracht. Die Kosten \u00fcbernimmt der Tr\u00e4ger der Sch\u00fclerbef\u00f6rderung (Landkreis Harburg).<\/span><\/p>\n<p><span style=\"font-family: georgia,palatino,serif\"><strong>Ferien<\/strong><\/span><br \/>\n<span style=\"font-family: georgia,palatino,serif\"> Die Ferienzeiten richten sich nach den offiziellen Ferienregelungen f\u00fcr Niedersachsen.<\/span><\/p>\n<p><span style=\"font-family: georgia,palatino,serif\"><strong>\u201eFit in Deutsch\u201c (Sprachstandsfeststellung)<\/strong><\/span><br \/>\n<span style=\"font-family: georgia,palatino,serif\">Die Sprachkompetenz von Kindern, die eine Kindertagesst\u00e4tte besuchen, wird in der Regel mit dem Eintritt in die Kita an Hand von aus Sicht der Kita geeigneten Beobachtungsverfahren festgestellt. Mit Novellierung des KiTaG zum 01.08.2018 sind Kindertagesst\u00e4tten zuk\u00fcnftig verpflichtet, die Sprachkompetenz eines Kindes jedoch sp\u00e4testens mit Beginn des letzten Kindergartenjahres vor der Einschulung in den Blick zu nehmen und zu entscheiden, ob ein besonderer Sprachf\u00f6rderbedarf vorliegt, der einer differenzierten F\u00f6rderung im letzten Kindergartenjahr bedarf.<\/span><\/p>\n<p>Die Schulanmeldung f\u00fcr alle Kinder findet auch weiterhin in der Regel 15 Monate vor der<br \/>\nEinschulung in der Grundschule statt. Bei den Kindern, die im letzten Jahr vor der Einschulung keinen Kindergarten besuchen, f\u00fchren die Schulen weiterhin im Rahmen der Schulanmeldung ein Sprachstandfeststellungsverfahren durch. Die F\u00f6rderung der Kinder, bei denen die Grundschule im Rahmen der Schulanmeldung einen besonderen Sprachf\u00f6rderbedarffeststellt und die keinen Kindergarten besuchen, erfolgt auch zuk\u00fcnftig durch Grundschullehrkr\u00e4fte.<\/p>\n<p><span style=\"font-family: georgia,palatino,serif\"><strong>Fundsachen<\/strong><\/span><br \/>\n<span style=\"font-family: georgia,palatino,serif\"> Immer wieder bleiben Kleidungsst\u00fccke im Schulgeb\u00e4ude zur\u00fcck. In der der Schule gibt es eine Fundkiste. Beim Verlust von Wertsachen wenden Sie sich an den Klassenlehrer oder an das Sekretariat.<\/span><\/p>\n<p><span style=\"font-family: georgia,palatino,serif\"><strong>Kinderg\u00e4rten<\/strong><\/span><br \/>\n<span style=\"font-family: georgia,palatino,serif\"> Um einen optimalen \u00dcbergang von Kindergarten zur Grundschule zu gew\u00e4hrleisten arbeiten die Grundschulen und die Kinderg\u00e4rten der Samtgemeinde in einem Arbeitskreis \u201eGS\/KiGa\u201c eng zusammen. Die k\u00fcnftigen Schulkinder hospitieren vor Schulbeginn in der Grundschule<\/span><\/p>\n<p><span style=\"font-family: georgia,palatino,serif\"><strong>Klassenfahrten<\/strong><\/span><br \/>\n<span style=\"font-family: georgia,palatino,serif\"> An der Grundschule Tostedt wird in der Regel im dritten oder vierten Schuljahr eine&nbsp;einw\u00f6chige Klassenfahrt durchgef\u00fchrt.<\/span><\/p>\n<p><span style=\"font-family: georgia,palatino,serif\"><strong>Kosten<\/strong><\/span><br \/>\n<span style=\"font-family: georgia,palatino,serif\"> Die Eltern werden von der Klassenlehrerin zu Beginn eines jeden Schuljahres informiert, welche Kosten im Verlauf f\u00fcr besondere Veranstaltungen anfallen.<\/span><\/p>\n<p><span style=\"font-family: georgia,palatino,serif\"><strong>Krankmeldung<\/strong><\/span><br \/>\n<span style=\"font-family: georgia,palatino,serif\"> Bitte rufen Sie im Sekretariat der GS Postra\u00dfe (Mo-Fr in der Zeit von 7.30 &#8211; 7.50 Uhr) an, wenn Ihr Kind die Schule nicht besuchen kann. Wir wissen dann, warum Ihr Kind nicht am Unterricht teilnehmen kann, und m\u00fcssen keine Nachforschungen anstellen. Eine schriftliche Entschuldigung \u00fcber die Fehlzeit (evtl. auch das Attest eines Arztes) geben Sie Ihrem Kind mit in die Schule, wenn es wieder genesen ist.<\/span><\/p>\n<p><span style=\"font-family: georgia,palatino,serif\"><strong>Lernpaten<\/strong><\/span><br \/>\n<span style=\"font-family: georgia,palatino,serif\"> An der Grundschule Tostedt beteiligen sich regelm\u00e4\u00dfig Elternteile, die sich als Lernpaten zur Verf\u00fcgung stellen.<\/span><\/p>\n<p><span style=\"font-family: georgia,palatino,serif\"><strong>Lesekompetenz<\/strong><\/span><br \/>\n<span style=\"font-family: georgia,palatino,serif\"> <span id=\"articleText\">Nicht zuletzt die gro\u00dfen empirischen Untersuchungen zu Sch\u00fclerleistungen (PISA und IGLU) haben gezeigt, dass die Lesekompetenz eine zentrale Voraussetzung f\u00fcr den schulischen Erfolg ist.<\/span> Deshalb haben wir uns die F\u00f6rderung der Lesekompetenz zum Ziel gesetzt. Dies geschieht durch unterschiedlichste \u00dcbungsformen in den Klassen, Antolin, bundesweiter Vorlesetag, Autorenlesungen.<\/span><\/p>\n<p><span style=\"font-family: georgia,palatino,serif\"><strong>Notf\u00e4lle<\/strong><\/span><br \/>\n<span style=\"font-family: georgia,palatino,serif\"> Hat sich ein Kind ernsthaft verletzt, leisten wir in der Schule Erste Hilfe. Lehrkr\u00e4fte und Betreuungskr\u00e4fte verf\u00fcgen \u00fcber eine entsprechende Ausbildung.<\/span><\/p>\n<p><span style=\"font-family: georgia,palatino,serif\"><strong>Parken<\/strong><\/span><br \/>\n<span style=\"font-family: georgia,palatino,serif\"> Bitte lassen Sie ihre Kinder nicht direkt vor der Schule ein- und aussteigen, Sie&nbsp;blockieren damit die Fahrbahn und\/ oder die Bushaltestelle und gef\u00e4hrden die Sicherheit Ihres Kindes.<\/span><\/p>\n<p><span style=\"font-family: georgia,palatino,serif\"><strong>Pausen<\/strong><\/span><br \/>\n<span style=\"font-family: georgia,palatino,serif\"> In den gro\u00dfen Pausen bietet unser Au\u00dfengel\u00e4nde viele M\u00f6glichkeiten zur Bewegung an frischer Luft. Die Kinder k\u00f6nnen sich Pausenspiele ausleihen.<\/span><\/p>\n<p><span style=\"font-family: georgia,palatino,serif\"><strong>Pausenaufsicht<\/strong><\/span><br \/>\n<span style=\"font-family: georgia,palatino,serif\"> Auf dem Pausenhof befinden sich Lehrkr\u00e4fte, die von den Pausenlotsen unterst\u00fctzt&nbsp;werden. Sch\u00fcler der vierten Klassen arbeiten in den gro\u00dfen Pausen als Pausenlotsen. Sie dienen neben den beiden Lehrkr\u00e4ften, die Aufsicht f\u00fchren, als Ansprechpartner bei Problemen oder Sorgen und bieten Hilfe oder vermitteln.<br \/>\n<\/span><\/p>\n<p><span style=\"font-family: georgia,palatino,serif\"><strong>Pausenlotsen<\/strong><\/span><br \/>\n<span style=\"font-family: georgia,palatino,serif\"> sind Sch\u00fcler der vierten Klassen der Poststra\u00dfe, zur Unterst\u00fctzung der Lehrkr\u00e4fte in den Pausenzeiten.<\/span><\/p>\n<p><span style=\"font-family: georgia,palatino,serif\"><strong>Schulkleidung<\/strong><\/span><br \/>\n<span style=\"font-family: georgia,palatino,serif\"> Unter Schulkleidung verstehen wir Shirts und Jacken, die mit unserem Schullogo bedruckt sind und die wir in der Schule und bei Schulveranstaltungen tragen. Der Erwerb und das Tragen der Schulkleidung sind freiwillig.<\/span><\/p>\n<p><span style=\"font-family: georgia,palatino,serif\"><strong>Schulleben<\/strong><\/span><br \/>\n<span style=\"font-family: georgia,palatino,serif\"> Zum Schulleben geh\u00f6ren Autorenlesungen, Sportfeste, Spieleturniere, Schulfeste,&nbsp;Projektwochen, Vorlesewettbewerbe, Auftritte von K\u00fcnstlern, Monatstreffen,&nbsp;gemeinsames Weihnachtsbasteln- und singen, Einschulung und Verabschiedung der Viertkl\u00e4ssler u.v.m.<\/span><\/p>\n<p><span style=\"font-family: georgia,palatino,serif\"><strong>Sport und Schwimmen<\/strong><\/span><br \/>\n<span style=\"font-family: georgia,palatino,serif\"> Die Teilnahme am Sportunterricht ist f\u00fcr alle Kinder obligatorisch. Eine Freistellung ist nur mit \u00e4rztlichem Attest m\u00f6glich.<\/span><\/p>\n<p><span style=\"font-family: georgia,palatino,serif\"><strong>Telefonkette<\/strong><\/span><br \/>\n<span style=\"font-family: georgia,palatino,serif\"> Jede Lehrkraft erstellt eine Telefonkette f\u00fcr ihre Klasse. Die Eltern werden dringend&nbsp;gebeten, die Angaben zuverl\u00e4ssig weiterzuleiten.<\/span><\/p>\n<p><span style=\"font-family: georgia,palatino,serif\"><strong>Unf\u00e4lle<\/strong><\/span><br \/>\n<span style=\"font-family: georgia,palatino,serif\"> Bei Unf\u00e4llen in der Schule oder auf dem Schulweg ist Ihr Kind durch die<\/span><br \/>\n<span style=\"font-family: georgia,palatino,serif\"> Gemeindeunfallversicherung versichert. Bei Inanspruchnahme \u00e4rztlicher Behandlung m\u00fcssen Sie die Lehrer oder die Sekret\u00e4rin informieren, damit der Unfallbogen an die Versicherung geschickt werden kann.<\/span><\/p>\n<p><span style=\"font-family: georgia,palatino,serif\"><strong>Unterrichtsausfall<\/strong><\/span><br \/>\n<span style=\"font-family: georgia,palatino,serif\"> Es kommt auch bei uns vor, dass Lehrer\/innen erkranken. Dann findet eine verl\u00e4ssliche Betreuung \/ Vertretungsunterricht von 7.30 bis 12.30 Uhr statt.<\/span><\/p>\n<p><span style=\"font-family: georgia,palatino,serif\"><strong>VERA<\/strong><\/span><br \/>\n<span style=\"font-family: georgia,palatino,serif\"> Das Projekt VERA (Vergleichsarbeiten in der Grundschule) ist eine fl\u00e4chendeckende&nbsp;Lernstandserhebung f\u00fcr die 3. Klassenstufen, die in den teilnehmenden Bundesl\u00e4ndern in den F\u00e4chern Mathematik und Deutsch im zweiten Schulhalbjahr durchgef\u00fchrt wird.<\/span><\/p>\n<p><span style=\"font-family: georgia,palatino,serif\"><strong>Verkehrserziehung<\/strong><\/span><br \/>\n<span style=\"font-family: georgia,palatino,serif\"> In Zeiten von immer gr\u00f6\u00dfer werdenden Gef\u00e4hrdungen im Stra\u00dfenverkehr geht es darum, ein m\u00f6glichst (selbst-) sicheres Verhalten als Fu\u00dfg\u00e4nger oder Radfahrer einzu\u00fcben. Die Verkehrserziehung ist auch durchg\u00e4ngiger Bestandteil des Sachunterrichts in allen vier Jahrgangsstufen. Im 3. oder 4. Schuljahr wird die Radfahrausbildung durchgef\u00fchrt, die mit einer theoretischen und praktischen Pr\u00fcfung abschlie\u00dft.<\/span><\/p>\n<p><span style=\"font-family: georgia,palatino,serif\"><strong>Verl\u00e4sslichkeit<\/strong><\/span><br \/>\n<span style=\"font-family: georgia,palatino,serif\"> Wie alle Grundschulen in Niedersachsen, so bietet auch unsere Schule eine \u201everl\u00e4ssliche\u201c Unterrichtszeit in der Zeit von 7.30 bis 12.30 Uhr an.<\/span><br \/>\n<span style=\"font-family: georgia,palatino,serif\"> Hiervon ausgenommen sind jeweils die Tage, an denen die Zeugnisse ausgegeben&nbsp;werden!<\/span><\/p>\n<p><span style=\"font-family: georgia,palatino,serif\"><strong>Wertsachen<\/strong><\/span><br \/>\n<span style=\"font-family: georgia,palatino,serif\"> Wertvoller Schmuck, Uhren etc. sollten zu Hause gelassen werden, um Diebst\u00e4hlen und Besch\u00e4digungen vorzubeugen. An unserer Schule sind Handys nicht erlaubt.<\/span><\/p>\n<p><span style=\"font-family: georgia,palatino,serif\"><strong>Wettbewerbe und Wettk\u00e4mpfe<\/strong><\/span><br \/>\n<span style=\"font-family: georgia,palatino,serif\"> Die Sch\u00fclerinnen und Sch\u00fcler k\u00f6nnen im Laufe ihrer Schulzeit an verschiedenen&nbsp;Wettbewerben teilnehmen: Mathematikwettbewerb K\u00e4nguru; Matheolympiade,&nbsp;Plattdeutscher Lesewettbewerb (organisiert von den Sparkassen)<\/span><\/p>\n<p><span style=\"font-family: georgia,palatino,serif\"><strong>Zahngesundheit<\/strong><\/span><br \/>\n<span style=\"font-family: georgia,palatino,serif\"> Eine gesunde Ern\u00e4hrung und die richtige Zahnpflege sind wichtige Bausteine zur&nbsp;Vorbeugung von Zahnerkrankungen als einer der wesentlichen Aufgaben der Grundschule im Rahmen einer umfassenden Gesundheitserziehung. Einmal im Schuljahr findet eine zahn\u00e4rztliche Untersuchung der Kinder mit anschlie\u00dfender Benachrichtigung der Eltern statt (nur bei Beanstandungen). Auch der jugendzahn\u00e4rztliche Dienst des Gesundheitsamtes besucht uns regelm\u00e4\u00dfig und kl\u00e4rt die Kinder \u00fcber das richtige Putzen der Z\u00e4hne auf.<\/span><\/p>\n<p><span style=\"font-family: georgia,palatino,serif\"><strong>Zeugnisse<\/strong><\/span><br \/>\n<span style=\"font-family: georgia,palatino,serif\"> Das erste Zeugnis bekommen die Kinder am Ende des ersten Schuljahres, wie auch in Klasse 2 in Berichtform. Ab Klasse 3 gibt es dann Zeugnisse mit Noten f\u00fcr die einzelnen F\u00e4cher und zus\u00e4tzlich eine verbale Beurteilung des Arbeits- und Sozialverhaltens.<\/span><\/p>\n<p>Am letzten Tag vor den Ferien <em>innerhalb eines Schuljahres<\/em> schlie\u00dft der Unterricht nach der letzten stundenplanm\u00e4\u00dfigen Unterrichtsstunde. Am letzten Schultag vor den <em>Sommerferien<\/em> und am <em>Tage der Aush\u00e4ndigung der Halbjahreszeugnisse<\/em> ist Unterrichtsschluss nach der 3. Unterrichtsstunde.&nbsp; Die Sch\u00fclerbef\u00f6rderung ist gew\u00e4hrleistet.<\/p>\n<hr>\n","protected":false},"excerpt":{"rendered":"<p>Hier finden Sie in alphabetischer Reihenfolge wichtige und n\u00fctzliche Informationen \u00fcber unsere Schule. Anmeldung Eine Anmeldung Ihrer Kinder in der GS Tostedt ist nicht notwendig. Alle Kinder, die zum Einzugsgebiet geh\u00f6ren, werden von der Schule angeschrieben und zu allen wichtigen &hellip; <a href=\"https:\/\/wordpress.nibis.de\/gstostedt\/infos-von-a-bis-z\/\">Weiterlesen <span class=\"meta-nav\">&rarr;<\/span><\/a><\/p>\n","protected":false},"author":1430,"featured_media":655,"parent":0,"menu_order":3,"comment_status":"closed","ping_status":"closed","template":"","meta":{"footnotes":""},"class_list":["post-70","page","type-page","status-publish","has-post-thumbnail","hentry"],"_links":{"self":[{"href":"https:\/\/wordpress.nibis.de\/gstostedt\/wp-json\/wp\/v2\/pages\/70","targetHints":{"allow":["GET"]}}],"collection":[{"href":"https:\/\/wordpress.nibis.de\/gstostedt\/wp-json\/wp\/v2\/pages"}],"about":[{"href":"https:\/\/wordpress.nibis.de\/gstostedt\/wp-json\/wp\/v2\/types\/page"}],"author":[{"embeddable":true,"href":"https:\/\/wordpress.nibis.de\/gstostedt\/wp-json\/wp\/v2\/users\/1430"}],"replies":[{"embeddable":true,"href":"https:\/\/wordpress.nibis.de\/gstostedt\/wp-json\/wp\/v2\/comments?post=70"}],"version-history":[{"count":12,"href":"https:\/\/wordpress.nibis.de\/gstostedt\/wp-json\/wp\/v2\/pages\/70\/revisions"}],"predecessor-version":[{"id":660,"href":"https:\/\/wordpress.nibis.de\/gstostedt\/wp-json\/wp\/v2\/pages\/70\/revisions\/660"}],"wp:featuredmedia":[{"embeddable":true,"href":"https:\/\/wordpress.nibis.de\/gstostedt\/wp-json\/wp\/v2\/media\/655"}],"wp:attachment":[{"href":"https:\/\/wordpress.nibis.de\/gstostedt\/wp-json\/wp\/v2\/media?parent=70"}],"curies":[{"name":"wp","href":"https:\/\/api.w.org\/{rel}","templated":true}]}}