{"id":74,"date":"2018-01-21T15:08:29","date_gmt":"2018-01-21T14:08:29","guid":{"rendered":"http:\/\/wordpress.nibis.de\/gstostedt\/?page_id=74"},"modified":"2023-06-01T09:00:55","modified_gmt":"2023-06-01T07:00:55","slug":"schulverein","status":"publish","type":"page","link":"https:\/\/wordpress.nibis.de\/gstostedt\/unsere-schule\/schulverein\/","title":{"rendered":"Schulverein"},"content":{"rendered":"<p>\u00a0<\/p>\n<hr \/>\n<p>Der Schulverein unterst\u00fctzt Vorhaben der Grundschule Tostedt, die der Schultr\u00e4ger nicht finanziert.<\/p>\n<p>Dabei geht es um Zusch\u00fcsse f\u00fcr besondere Projekte wie &#8222;Dunkelziffer&#8220;\u00a0 sowie f\u00fcr Klassenfahrten, Autorenlesungen, Wandertage (Eislaufen, Theater) usw.<\/p>\n<p><strong><span style=\"font-size: 14pt;color: #0000ff\">Werden Sie aktiv, denn:<\/span><\/strong><\/p>\n<p><img loading=\"lazy\" decoding=\"async\" class=\"alignnone  wp-image-651\" src=\"https:\/\/wordpress.nibis.de\/gstostedt\/files\/2019\/04\/hand-1917895_640-640x478.png\" alt=\"\" width=\"316\" height=\"236\" \/><\/p>\n<p><span style=\"color: #3366ff\"><strong>\u201eGemeinsam schaffen wir mehr&#8220;<\/strong><\/span><\/p>\n<p>f\u00fcr das Wohl aller Sch\u00fclerinnen und Sch\u00fcler unserer Schule. Bei immer knapper werdenden \u00f6ffentlichen Mitteln setzt sich der F\u00f6rderverein satzungsgem\u00e4\u00df in vielen Bereichen ein:<\/p>\n<ul>\n<li>Beschaffung und Bereitstellung finanzieller Mittel f\u00fcr den sachlichen Ausbau der Schule<\/li>\n<li>F\u00f6rderung von Schulprojekten und Veranstaltungen<\/li>\n<li>Unterst\u00fctzung der Schule in ideeller Hinsicht und der F\u00f6rderung ihrer Interessen in der \u00d6ffentlichkeit<\/li>\n<\/ul>\n<p>Wir freuen uns \u00fcber Ihre Mitgliedschaft im Schulverein. Mit nur 12\u20ac Jahresbeitrag k\u00f6nnen Sie unsere Schule unterst\u00fctzen.<\/p>\n<p><a href=\"https:\/\/wordpress.nibis.de\/gstostedt\/files\/2023\/06\/Schulverein-Beitrittserklaerung.pdf\">Schulverein-Beitrittserkl\u00e4rung<\/a><\/p>\n<p><a href=\"https:\/\/wordpress.nibis.de\/gstostedt\/files\/2019\/09\/1_148343_vorl\u00e4ufige-Satzung-Schulverein-Tostedt.docx\">Satzung Schulverein Tostedt<\/a><\/p>\n<p>\u00a0<\/p>\n\n\n<p><br><\/p>\n","protected":false},"excerpt":{"rendered":"<p>\u00a0 Der Schulverein unterst\u00fctzt Vorhaben der Grundschule Tostedt, die der Schultr\u00e4ger nicht finanziert. Dabei geht es um Zusch\u00fcsse f\u00fcr besondere Projekte wie &#8222;Dunkelziffer&#8220;\u00a0 sowie f\u00fcr Klassenfahrten, Autorenlesungen, Wandertage (Eislaufen, Theater) usw. Werden Sie aktiv, denn: \u201eGemeinsam schaffen wir mehr&#8220; f\u00fcr &hellip; <a href=\"https:\/\/wordpress.nibis.de\/gstostedt\/unsere-schule\/schulverein\/\">Weiterlesen <span class=\"meta-nav\">&rarr;<\/span><\/a><\/p>\n","protected":false},"author":1430,"featured_media":0,"parent":16,"menu_order":6,"comment_status":"closed","ping_status":"closed","template":"","meta":{"footnotes":""},"class_list":["post-74","page","type-page","status-publish","hentry"],"_links":{"self":[{"href":"https:\/\/wordpress.nibis.de\/gstostedt\/wp-json\/wp\/v2\/pages\/74","targetHints":{"allow":["GET"]}}],"collection":[{"href":"https:\/\/wordpress.nibis.de\/gstostedt\/wp-json\/wp\/v2\/pages"}],"about":[{"href":"https:\/\/wordpress.nibis.de\/gstostedt\/wp-json\/wp\/v2\/types\/page"}],"author":[{"embeddable":true,"href":"https:\/\/wordpress.nibis.de\/gstostedt\/wp-json\/wp\/v2\/users\/1430"}],"replies":[{"embeddable":true,"href":"https:\/\/wordpress.nibis.de\/gstostedt\/wp-json\/wp\/v2\/comments?post=74"}],"version-history":[{"count":9,"href":"https:\/\/wordpress.nibis.de\/gstostedt\/wp-json\/wp\/v2\/pages\/74\/revisions"}],"predecessor-version":[{"id":2082,"href":"https:\/\/wordpress.nibis.de\/gstostedt\/wp-json\/wp\/v2\/pages\/74\/revisions\/2082"}],"up":[{"embeddable":true,"href":"https:\/\/wordpress.nibis.de\/gstostedt\/wp-json\/wp\/v2\/pages\/16"}],"wp:attachment":[{"href":"https:\/\/wordpress.nibis.de\/gstostedt\/wp-json\/wp\/v2\/media?parent=74"}],"curies":[{"name":"wp","href":"https:\/\/api.w.org\/{rel}","templated":true}]}}