{"id":77,"date":"2018-01-21T15:55:45","date_gmt":"2018-01-21T14:55:45","guid":{"rendered":"http:\/\/wordpress.nibis.de\/gstostedt\/?page_id=77"},"modified":"2025-12-18T14:01:48","modified_gmt":"2025-12-18T13:01:48","slug":"offene-ganztagsschule","status":"publish","type":"page","link":"https:\/\/wordpress.nibis.de\/gstostedt\/offene-ganztagsschule\/","title":{"rendered":"Offene Ganztagsschule"},"content":{"rendered":"<hr \/>\n<p>Seit dem Schuljahr 2015\/2016 wird die Grundschule Tostedt als\u00a0\u201eOffene Ganztagsschule\u201c gef\u00fchrt. Das zus\u00e4tzliche freiwillige Ganztagsangebot wird von Montag bis Donnerstag angeboten.<\/p>\n<p>Das Nachmittagsangebot wird stetig weiterentwickelt. Zeitlich wiederkehrende Strukturen, R\u00e4umlichkeiten, die nur dem Ganztagsangebot zur Verf\u00fcgung stehen und der Einsatz von Lehrkr\u00e4ften und p\u00e4dagogischen Mitarbeiterinnen schaffen Bedingungen, in denen sich alle Sch\u00fclerinnen und Sch\u00fcler wohlf\u00fchlen k\u00f6nnen.<\/p>\n<p>Nach der 5. Stunde bzw. 6. Stunde essen die Kinder gemeinsam zu Mittag. Im Anschluss daran wird den Sch\u00fclerinnen und Sch\u00fclern die M\u00f6glichkeit geschaffen, die Hausaufgaben unter Beaufsichtigung und mit Unterst\u00fctzung durch unsere Ganztagslehrkr\u00e4fte und Mitarbeiterinnen anzufertigen. Anschlie\u00dfend k\u00f6nnen die Kinder an unterschiedlichen, von ihnen selbst gew\u00e4hlten Angeboten aus dem sportlichen und kreativen Bereich teilnehmen.<\/p>\n<p>F\u00fcr das Schuljahr 2026\/27 k\u00f6nnen Sie schon<strong> jetzt<\/strong> Ihr Kind verbindlich anmelden.\u00a0 Die Anmeldung muss sp\u00e4testens am 30.10.2025 im Sekretariat vorliegen, da wir schon ein halbes Jahr vorher der Landesschulbeh\u00f6rde die Anmeldezahlen melden m\u00fcssen. Das offene Ganztagsschulangebot findet im Anschluss an die verl\u00e4ssliche Grundschule von Montag bis Donnerstag bis 15:30 Uhr statt. Ihr Kind nimmt an mindestens zwei und bis zu vier Tagen teil. Die Teilnahme ist nach Anmeldung f\u00fcr ein Schuljahr verpflichtend!<\/p>\n<p>Bitte f\u00fcllen Sie gewissenhaft mit allen Angaben das Formular <a href=\"https:\/\/wordpress.nibis.de\/gstostedt\/files\/2025\/12\/Anmeldung-OGS-SJ._2026_2027.pdf\">Anmeldung OGS SJ._2026_2027<\/a>\u00a0aus!<\/p>\n<p>F\u00fcr Sch\u00fclerinnen und Sch\u00fcler, die neu an der Grundschule Tostedt angemeldet werden, stehen auf Anfrage Restpl\u00e4tze zur Verf\u00fcgung.<\/p>\n<p>Den Antrag zum Chipsystem f\u00fcr die Mensa gibt es hier: <a href=\"https:\/\/wordpress.nibis.de\/gstostedt\/files\/2025\/12\/Antrag_Chipsystem.pdf\">Antrag_Chipsystem<\/a><br \/>\nHier k\u00f6nnen Sie sich mit Ihren Zugangsdaten bei GiroWeb einloggen:\u00a0<a href=\"https:\/\/grundschule-tostedt.giro-web.de\/\" target=\"_blank\" rel=\"noopener noreferrer\">Login<\/a>.<\/p>\n<p>Bitte wenden Sie sich f\u00fcr weitergehende Fragen zur Bezahlung an das Familienb\u00fcro der Samtgemeinde Tostedt.<br \/>\n<strong>Tel.: 04182 298-0<\/strong> (Samtgemeinde Tostedt)<\/p>\n<p>Hier finden Sie den Flyer: <a href=\"https:\/\/wordpress.nibis.de\/gstostedt\/files\/2019\/06\/Flyer_Juni-2019.pdf\">Flyer_Juni 2019<\/a><\/p>\n<hr \/>\n<p><img loading=\"lazy\" decoding=\"async\" class=\"alignnone size-medium wp-image-279\" src=\"http:\/\/wordpress.nibis.de\/gstostedt\/files\/2018\/08\/NEUE-BILDER-746-850x478.jpg\" alt=\"\" width=\"850\" height=\"478\" srcset=\"https:\/\/wordpress.nibis.de\/gstostedt\/files\/2018\/08\/NEUE-BILDER-746-850x478.jpg 850w, https:\/\/wordpress.nibis.de\/gstostedt\/files\/2018\/08\/NEUE-BILDER-746-250x141.jpg 250w\" sizes=\"auto, (max-width: 850px) 100vw, 850px\" \/><\/p>\n","protected":false},"excerpt":{"rendered":"<p>Seit dem Schuljahr 2015\/2016 wird die Grundschule Tostedt als\u00a0\u201eOffene Ganztagsschule\u201c gef\u00fchrt. Das zus\u00e4tzliche freiwillige Ganztagsangebot wird von Montag bis Donnerstag angeboten. Das Nachmittagsangebot wird stetig weiterentwickelt. Zeitlich wiederkehrende Strukturen, R\u00e4umlichkeiten, die nur dem Ganztagsangebot zur Verf\u00fcgung stehen und der Einsatz &hellip; <a href=\"https:\/\/wordpress.nibis.de\/gstostedt\/offene-ganztagsschule\/\">Weiterlesen <span class=\"meta-nav\">&rarr;<\/span><\/a><\/p>\n","protected":false},"author":1430,"featured_media":0,"parent":0,"menu_order":4,"comment_status":"closed","ping_status":"closed","template":"","meta":{"footnotes":""},"class_list":["post-77","page","type-page","status-publish","hentry"],"_links":{"self":[{"href":"https:\/\/wordpress.nibis.de\/gstostedt\/wp-json\/wp\/v2\/pages\/77","targetHints":{"allow":["GET"]}}],"collection":[{"href":"https:\/\/wordpress.nibis.de\/gstostedt\/wp-json\/wp\/v2\/pages"}],"about":[{"href":"https:\/\/wordpress.nibis.de\/gstostedt\/wp-json\/wp\/v2\/types\/page"}],"author":[{"embeddable":true,"href":"https:\/\/wordpress.nibis.de\/gstostedt\/wp-json\/wp\/v2\/users\/1430"}],"replies":[{"embeddable":true,"href":"https:\/\/wordpress.nibis.de\/gstostedt\/wp-json\/wp\/v2\/comments?post=77"}],"version-history":[{"count":19,"href":"https:\/\/wordpress.nibis.de\/gstostedt\/wp-json\/wp\/v2\/pages\/77\/revisions"}],"predecessor-version":[{"id":2384,"href":"https:\/\/wordpress.nibis.de\/gstostedt\/wp-json\/wp\/v2\/pages\/77\/revisions\/2384"}],"wp:attachment":[{"href":"https:\/\/wordpress.nibis.de\/gstostedt\/wp-json\/wp\/v2\/media?parent=77"}],"curies":[{"name":"wp","href":"https:\/\/api.w.org\/{rel}","templated":true}]}}