{"id":778,"date":"2019-06-21T18:10:02","date_gmt":"2019-06-21T16:10:02","guid":{"rendered":"https:\/\/wordpress.nibis.de\/gstostedt\/?page_id=778"},"modified":"2019-06-21T18:13:08","modified_gmt":"2019-06-21T16:13:08","slug":"sozialzielecenter-ein-lehrgang-zur-systematischen-steigerung-der-sozialen-kompetenzen","status":"publish","type":"page","link":"https:\/\/wordpress.nibis.de\/gstostedt\/sozialzielecenter-ein-lehrgang-zur-systematischen-steigerung-der-sozialen-kompetenzen\/","title":{"rendered":"Sozialzielecenter &#8211; ein Lehrgang zur systematischen Steigerung der sozialen Kompetenzen"},"content":{"rendered":"<p><!--StartFragment--><\/p>\n\n\n<div class=\"wp-block-cover has-background-dim is-layout-flow wp-block-cover-is-layout-flow\" style=\"background-image:url(https:\/\/wordpress.nibis.de\/gstostedt\/files\/2019\/05\/hands-2847508_1280.jpg)\"><p class=\"wp-block-cover-text\"><em><strong>Ein gemeinsames Ziel<\/strong><\/em><\/p><\/div>\n\n\n\n<p>Seit Anfang Mai 2019 wollen wir \u2013 im Rahmen des Kooperativen Lernens \u2013 gemeinsam einen f\u00fcr unsere Schule verbindlichen Sozialziele- Katalog erstellen und schulhausweit damit arbeiten. Er  soll dazu dienen, Verhalten zu reflektieren, zu modellieren und in konstruktiver Weise zu verbessern. Aggressive und sozialproblematische Handlungen jeglicher Art sollen dadurch verringert werden. Sch\u00fcler, Eltern, Lehrer, Heilp\u00e4dagoginnen und Erzieherinnen sollen in diesen Prozess einbezogen werden, so dass wir uns gegenseitig in synergetischer Weise unterst\u00fctzen und st\u00e4rken.<\/p>\n\n\n\n<p>Bei diesem Konzept setzt sich zun\u00e4chst die Klasse ein Sozialziel, welches sowohl f\u00fcr die Lehrkraft als auch f\u00fcr die Klasse relevant und wichtig ist. Die M\u00f6glichkeiten reichen dabei von \u201eIch bin freundlich\u201c bis \u201eIch halte meine Sachen ordentlich\u201c. Wir beteiligen dabei unsere Sch\u00fclerinnen und Sch\u00fcler aktiv an der Auswahl des Zieles. Gemeinsam werden Kriterien festgelegt, die allen zeigen, ob das Ziel bereits erreicht wurde. Nachdem wir mit allen\nKlassen sehr erfolgreich an ihren Zielen gearbeitet haben, arbeitet nun die\ngesamte Schule an einem Ziel: \u201eWir gehen langsam durch die Schule!\u201c. Gemeinsam\nwollen wir so Unf\u00e4lle auf dem Weg in das Klassenzimmer vermeiden und unsere\nSchule zu einem ruhigeren Ort zum Lernen machen.<br><\/p>\n\n\n<p><!--EndFragment--><\/p>","protected":false},"excerpt":{"rendered":"<p>Seit Anfang Mai 2019 wollen wir \u2013 im Rahmen des Kooperativen Lernens \u2013 gemeinsam einen f\u00fcr unsere Schule verbindlichen Sozialziele- Katalog erstellen und schulhausweit damit arbeiten. Er soll dazu dienen, Verhalten zu reflektieren, zu modellieren und in konstruktiver Weise zu &hellip; <a href=\"https:\/\/wordpress.nibis.de\/gstostedt\/sozialzielecenter-ein-lehrgang-zur-systematischen-steigerung-der-sozialen-kompetenzen\/\">Weiterlesen <span class=\"meta-nav\">&rarr;<\/span><\/a><\/p>\n","protected":false},"author":9192536,"featured_media":0,"parent":0,"menu_order":0,"comment_status":"closed","ping_status":"closed","template":"","meta":{"footnotes":""},"class_list":["post-778","page","type-page","status-publish","hentry"],"_links":{"self":[{"href":"https:\/\/wordpress.nibis.de\/gstostedt\/wp-json\/wp\/v2\/pages\/778","targetHints":{"allow":["GET"]}}],"collection":[{"href":"https:\/\/wordpress.nibis.de\/gstostedt\/wp-json\/wp\/v2\/pages"}],"about":[{"href":"https:\/\/wordpress.nibis.de\/gstostedt\/wp-json\/wp\/v2\/types\/page"}],"author":[{"embeddable":true,"href":"https:\/\/wordpress.nibis.de\/gstostedt\/wp-json\/wp\/v2\/users\/9192536"}],"replies":[{"embeddable":true,"href":"https:\/\/wordpress.nibis.de\/gstostedt\/wp-json\/wp\/v2\/comments?post=778"}],"version-history":[{"count":3,"href":"https:\/\/wordpress.nibis.de\/gstostedt\/wp-json\/wp\/v2\/pages\/778\/revisions"}],"predecessor-version":[{"id":782,"href":"https:\/\/wordpress.nibis.de\/gstostedt\/wp-json\/wp\/v2\/pages\/778\/revisions\/782"}],"wp:attachment":[{"href":"https:\/\/wordpress.nibis.de\/gstostedt\/wp-json\/wp\/v2\/media?parent=778"}],"curies":[{"name":"wp","href":"https:\/\/api.w.org\/{rel}","templated":true}]}}