{"id":834,"date":"2019-11-11T12:47:40","date_gmt":"2019-11-11T11:47:40","guid":{"rendered":"https:\/\/wordpress.nibis.de\/gstostedt\/?page_id=834"},"modified":"2019-11-11T12:53:03","modified_gmt":"2019-11-11T11:53:03","slug":"schueler-erlaufen-ueber-5-600-euro","status":"publish","type":"page","link":"https:\/\/wordpress.nibis.de\/gstostedt\/schueler-erlaufen-ueber-5-600-euro\/","title":{"rendered":"Sch\u00fcler erlaufen \u00fcber 5.600 Euro"},"content":{"rendered":"\n<p>September 2019<\/p>\n\n\n\n<figure class=\"wp-block-image\"><img loading=\"lazy\" decoding=\"async\" width=\"1024\" height=\"675\" src=\"https:\/\/wordpress.nibis.de\/gstostedt\/files\/2019\/11\/355622_XL-1024x675.jpg\" alt=\"\" class=\"wp-image-836\" \/><figcaption><br>Bei der Spenden\u00fcbergabe (hinten v.li.): Anne Mohr und Klaus Jassmann vom Schulverein, Schulleiterin Gudrun Brinkmann, die Mitorganisatorinnen Maike Jagau und Julia Meier sowie vorn: Malene (8) und Tom (9) Foto: bim<br><\/figcaption><\/figure>\n\n\n\n<p><strong>bim. Tostedt. <\/strong>&#8222;Einen so hohen Betrag hatten wir noch nie, eine ganz tolle Leistung&#8220;, sagt Mitorganisatorin Julia Meier zu dem beeindruckenden Ergebnis, das die rund 375 Grundsch\u00fcler der beiden Tostedter Schulstandorte Post- und Dieckhofstra\u00dfe im Rahmen ihres Sponsorenlaufs erlaufen haben. 5.627 Euro kamen f\u00fcr den Schulf\u00f6rderverein zusammen, die u.a. in neue Spielger\u00e4te f\u00fcr die Pausen-Ausleihe investiert werden sollen.<br> Die M\u00e4dchen und Jungen liefen beim Sponsorenlauf vor den Sommerferien in 15, 20, 25 und 30 Minuten Runden von je 750 Metern vom Schulgel\u00e4nde in der Dieckhofstra\u00dfe zum Marktplatz, zur Johanneskirche und zur\u00fcck. F\u00fcr Abk\u00fchlung an dem hei\u00dfen Tag sorgten der Schulverein mit erfrischenden Getr\u00e4nken und Hausmeister Paul Retzlaff mit dem Rasensprenger. &#8222;Ganz viele Eltern haben uns unterst\u00fctzt als Streckenposten und zur Motivation. Ohne ihre Hilfe w\u00e4re der Sponsorenlauf nicht so erfolgreich gewesen&#8220;, lobt Maike Jagau. &#8222;Und die Klassenverb\u00e4nde haben sich gegenseitig unterst\u00fctzt&#8220;, so Klaus Jassmann.<br> Das Engagement der Sch\u00fcler passe au\u00dferdem zum Konzept der Grundschule mit dem sozialen Lernen, sagt Schulleiterin Gudrun Brinkmann. So waren die Kinder aufgefordert, sich selbst Sponsoren zu suchen und mit ihnen einen Sponsorenvertrag abzuschlie\u00dfen. Denn von dem Engagement profitieren nun alle Grundsch\u00fcler.<br> &#8222;Spendenk\u00f6nige&#8220; wurden die Sch\u00fcler der 3a (vormals 2a), die 687 Euro erliefen, gefolgt von der 3b (2b) mit 593 Euro und der 2d (1d) mit 533 Euro.<\/p>\n\n\n\n<p>Autor: Bianca Marquardt, Wochenblatt<a href=\"https:\/\/www.kreiszeitung-wochenblatt.de\/tostedt\/profile-8\/bianca-marquardt\">B<\/a><\/p>\n","protected":false},"excerpt":{"rendered":"<p>September 2019 bim. Tostedt. &#8222;Einen so hohen Betrag hatten wir noch nie, eine ganz tolle Leistung&#8220;, sagt Mitorganisatorin Julia Meier zu dem beeindruckenden Ergebnis, das die rund 375 Grundsch\u00fcler der beiden Tostedter Schulstandorte Post- und Dieckhofstra\u00dfe im Rahmen ihres Sponsorenlaufs &hellip; <a href=\"https:\/\/wordpress.nibis.de\/gstostedt\/schueler-erlaufen-ueber-5-600-euro\/\">Weiterlesen <span class=\"meta-nav\">&rarr;<\/span><\/a><\/p>\n","protected":false},"author":9192536,"featured_media":0,"parent":0,"menu_order":0,"comment_status":"closed","ping_status":"closed","template":"","meta":{"footnotes":""},"class_list":["post-834","page","type-page","status-publish","hentry"],"_links":{"self":[{"href":"https:\/\/wordpress.nibis.de\/gstostedt\/wp-json\/wp\/v2\/pages\/834","targetHints":{"allow":["GET"]}}],"collection":[{"href":"https:\/\/wordpress.nibis.de\/gstostedt\/wp-json\/wp\/v2\/pages"}],"about":[{"href":"https:\/\/wordpress.nibis.de\/gstostedt\/wp-json\/wp\/v2\/types\/page"}],"author":[{"embeddable":true,"href":"https:\/\/wordpress.nibis.de\/gstostedt\/wp-json\/wp\/v2\/users\/9192536"}],"replies":[{"embeddable":true,"href":"https:\/\/wordpress.nibis.de\/gstostedt\/wp-json\/wp\/v2\/comments?post=834"}],"version-history":[{"count":4,"href":"https:\/\/wordpress.nibis.de\/gstostedt\/wp-json\/wp\/v2\/pages\/834\/revisions"}],"predecessor-version":[{"id":840,"href":"https:\/\/wordpress.nibis.de\/gstostedt\/wp-json\/wp\/v2\/pages\/834\/revisions\/840"}],"wp:attachment":[{"href":"https:\/\/wordpress.nibis.de\/gstostedt\/wp-json\/wp\/v2\/media?parent=834"}],"curies":[{"name":"wp","href":"https:\/\/api.w.org\/{rel}","templated":true}]}}