{"id":844,"date":"2019-11-11T14:13:03","date_gmt":"2019-11-11T13:13:03","guid":{"rendered":"https:\/\/wordpress.nibis.de\/gstostedt\/?page_id=844"},"modified":"2022-02-02T12:21:00","modified_gmt":"2022-02-02T11:21:00","slug":"bundesweiter-vorlesetag","status":"publish","type":"page","link":"https:\/\/wordpress.nibis.de\/gstostedt\/bundesweiter-vorlesetag\/","title":{"rendered":"bundesweiter Vorlesetag"},"content":{"rendered":"\n<div class=\"wp-block-image\"><figure class=\"aligncenter is-resized\"><img loading=\"lazy\" decoding=\"async\" src=\"https:\/\/wordpress.nibis.de\/gstostedt\/files\/2019\/11\/for-reading-813666_1920-1200x675.jpg\" alt=\"\" class=\"wp-image-841\" width=\"528\" height=\"296\" srcset=\"https:\/\/wordpress.nibis.de\/gstostedt\/files\/2019\/11\/for-reading-813666_1920-1200x675.jpg 1200w, https:\/\/wordpress.nibis.de\/gstostedt\/files\/2019\/11\/for-reading-813666_1920-250x141.jpg 250w, https:\/\/wordpress.nibis.de\/gstostedt\/files\/2019\/11\/for-reading-813666_1920-850x478.jpg 850w, https:\/\/wordpress.nibis.de\/gstostedt\/files\/2019\/11\/for-reading-813666_1920-768x432.jpg 768w, https:\/\/wordpress.nibis.de\/gstostedt\/files\/2019\/11\/for-reading-813666_1920.jpg 1920w\" sizes=\"auto, (max-width: 528px) 100vw, 528px\" \/><\/figure><\/div>\n\n\n\n<p>Der Bundesweite Vorlesetag ist <strong>seit 2004 Deutschlands gr\u00f6\u00dftes Vorlesefest<\/strong> und eine gemeinsame Initiative von DIE ZEIT, Stiftung Lesen und Deutsche Bahn Stiftung. Jedes Jahr am dritten Freitag im November setzt der Aktionstag ein \u00f6ffentliches Zeichen f\u00fcr die Bedeutung des Vorlesens und begeistert Kinder und Erwachsene f\u00fcr Geschichten. <\/p>\n","protected":false},"excerpt":{"rendered":"<p>Der Bundesweite Vorlesetag ist seit 2004 Deutschlands gr\u00f6\u00dftes Vorlesefest und eine gemeinsame Initiative von DIE ZEIT, Stiftung Lesen und Deutsche Bahn Stiftung. Jedes Jahr am dritten Freitag im November setzt der Aktionstag ein \u00f6ffentliches Zeichen f\u00fcr die Bedeutung des Vorlesens &hellip; <a href=\"https:\/\/wordpress.nibis.de\/gstostedt\/bundesweiter-vorlesetag\/\">Weiterlesen <span class=\"meta-nav\">&rarr;<\/span><\/a><\/p>\n","protected":false},"author":9192536,"featured_media":0,"parent":0,"menu_order":0,"comment_status":"closed","ping_status":"closed","template":"","meta":{"footnotes":""},"class_list":["post-844","page","type-page","status-publish","hentry"],"_links":{"self":[{"href":"https:\/\/wordpress.nibis.de\/gstostedt\/wp-json\/wp\/v2\/pages\/844","targetHints":{"allow":["GET"]}}],"collection":[{"href":"https:\/\/wordpress.nibis.de\/gstostedt\/wp-json\/wp\/v2\/pages"}],"about":[{"href":"https:\/\/wordpress.nibis.de\/gstostedt\/wp-json\/wp\/v2\/types\/page"}],"author":[{"embeddable":true,"href":"https:\/\/wordpress.nibis.de\/gstostedt\/wp-json\/wp\/v2\/users\/9192536"}],"replies":[{"embeddable":true,"href":"https:\/\/wordpress.nibis.de\/gstostedt\/wp-json\/wp\/v2\/comments?post=844"}],"version-history":[{"count":2,"href":"https:\/\/wordpress.nibis.de\/gstostedt\/wp-json\/wp\/v2\/pages\/844\/revisions"}],"predecessor-version":[{"id":1742,"href":"https:\/\/wordpress.nibis.de\/gstostedt\/wp-json\/wp\/v2\/pages\/844\/revisions\/1742"}],"wp:attachment":[{"href":"https:\/\/wordpress.nibis.de\/gstostedt\/wp-json\/wp\/v2\/media?parent=844"}],"curies":[{"name":"wp","href":"https:\/\/api.w.org\/{rel}","templated":true}]}}