{"id":847,"date":"2019-11-13T14:01:04","date_gmt":"2019-11-13T13:01:04","guid":{"rendered":"https:\/\/wordpress.nibis.de\/gstostedt\/?page_id=847"},"modified":"2019-11-13T14:11:38","modified_gmt":"2019-11-13T13:11:38","slug":"netzdschungel","status":"publish","type":"page","link":"https:\/\/wordpress.nibis.de\/gstostedt\/netzdschungel\/","title":{"rendered":"Netz-Dschungel"},"content":{"rendered":"\n<p>Die L\u00fcneburger Pr\u00e4ventionspuppenb\u00fchne bietet Kinderg\u00e4rten und Grundschulen ein Pr\u00e4ventionsprogramm an, bei dem das emotionale und soziale Lernen und das Vermitteln von Handlungskompetenz in Konflikten, die Sicherheit im Stra\u00dfenverkehr und Grundkenntnisse f\u00fcr den Umgang mit dem Internet im Mittelpunkt stehen. <\/p>\n\n\n\n<div class=\"wp-block-image\"><figure class=\"aligncenter\"><img loading=\"lazy\" decoding=\"async\" width=\"450\" height=\"300\" src=\"https:\/\/wordpress.nibis.de\/gstostedt\/files\/2019\/11\/109743.jpg\" alt=\"\" class=\"wp-image-850\" \/><\/figure><\/div>\n\n\n\n<p><strong>Inhalt des Theaterst\u00fcckes Netz-Dschungel: <\/strong><\/p>\n\n\n\n<p>Die Zuschauer erleben mit dem 10-j\u00e4hrigen Tobias eine Reise durch das weltweite Netz. Symbolisch wird die Reichweite des Internets mittels Tierfiguren aus verschiedenen L\u00e4ndern bzw. Kontinenten dargestellt. Er begegnet z.B. dem lustigen Pinguin aus der Antarktis, dem Didgeridoo spielenden K\u00e4ngeruh Arnie aus Australien oder einem plappernden Papageien aus dem s\u00fcdamerikanischen Regenwald.<\/p>\n\n\n\n<p>Tobias taucht immer weiter ins World-Wide-Web ein. <\/p>\n\n\n\n<p>Bei seiner Netzreise glaubt er, mit der hilfsbereiten, niedlichen Maus Trixi Freundschaft geschlossen zu haben und gibt unbedarft viele pers\u00f6nliche Daten von sich im Internet preis. Als Trixis Maske f\u00e4llt und sie ihr wahres Gesicht zeigt werden virtuelle Wahrheiten in Frage gestellt, doch auf Tobias Schulfreund Mark und auf seine Mama ist wirklich Verlass.<\/p>\n\n\n\n<p><strong>Ziel des Theaterst\u00fcckes: <\/strong><\/p>\n\n\n\n<p><br>Mit dem Pr\u00e4ventionstheaterst\u00fcck soll verdeutlicht werden, dass das Internet viele tolle M\u00f6glichkeiten bietet, die Kinder sollen jedoch auch auf die m\u00f6glichen Gefahren aufmerksam gemacht werden. Im Anschluss an das Puppentheaterst\u00fcck findet eine 45-min\u00fctige Nachbereitung mit den Sch\u00fclerinnen und Sch\u00fclern in der jeweiligen Klasse statt. Das Pr\u00e4ventionsteam der Polizei spricht mit den Kindern \u00fcber das Puppentheaterst\u00fcck und \u00fcber m\u00f6gliche Vorsichtsma\u00dfnahmen im Umgang mit dem Internet. <\/p>\n","protected":false},"excerpt":{"rendered":"<p>Die L\u00fcneburger Pr\u00e4ventionspuppenb\u00fchne bietet Kinderg\u00e4rten und Grundschulen ein Pr\u00e4ventionsprogramm an, bei dem das emotionale und soziale Lernen und das Vermitteln von Handlungskompetenz in Konflikten, die Sicherheit im Stra\u00dfenverkehr und Grundkenntnisse f\u00fcr den Umgang mit dem Internet im Mittelpunkt stehen. Inhalt &hellip; <a href=\"https:\/\/wordpress.nibis.de\/gstostedt\/netzdschungel\/\">Weiterlesen <span class=\"meta-nav\">&rarr;<\/span><\/a><\/p>\n","protected":false},"author":9192536,"featured_media":848,"parent":0,"menu_order":0,"comment_status":"closed","ping_status":"closed","template":"","meta":{"footnotes":""},"class_list":["post-847","page","type-page","status-publish","has-post-thumbnail","hentry"],"_links":{"self":[{"href":"https:\/\/wordpress.nibis.de\/gstostedt\/wp-json\/wp\/v2\/pages\/847","targetHints":{"allow":["GET"]}}],"collection":[{"href":"https:\/\/wordpress.nibis.de\/gstostedt\/wp-json\/wp\/v2\/pages"}],"about":[{"href":"https:\/\/wordpress.nibis.de\/gstostedt\/wp-json\/wp\/v2\/types\/page"}],"author":[{"embeddable":true,"href":"https:\/\/wordpress.nibis.de\/gstostedt\/wp-json\/wp\/v2\/users\/9192536"}],"replies":[{"embeddable":true,"href":"https:\/\/wordpress.nibis.de\/gstostedt\/wp-json\/wp\/v2\/comments?post=847"}],"version-history":[{"count":3,"href":"https:\/\/wordpress.nibis.de\/gstostedt\/wp-json\/wp\/v2\/pages\/847\/revisions"}],"predecessor-version":[{"id":853,"href":"https:\/\/wordpress.nibis.de\/gstostedt\/wp-json\/wp\/v2\/pages\/847\/revisions\/853"}],"wp:featuredmedia":[{"embeddable":true,"href":"https:\/\/wordpress.nibis.de\/gstostedt\/wp-json\/wp\/v2\/media\/848"}],"wp:attachment":[{"href":"https:\/\/wordpress.nibis.de\/gstostedt\/wp-json\/wp\/v2\/media?parent=847"}],"curies":[{"name":"wp","href":"https:\/\/api.w.org\/{rel}","templated":true}]}}