{"id":856,"date":"2019-11-13T14:50:25","date_gmt":"2019-11-13T13:50:25","guid":{"rendered":"https:\/\/wordpress.nibis.de\/gstostedt\/?page_id=856"},"modified":"2019-11-13T14:51:53","modified_gmt":"2019-11-13T13:51:53","slug":"mein-koerper-gehoert-mir-2","status":"publish","type":"page","link":"https:\/\/wordpress.nibis.de\/gstostedt\/mein-koerper-gehoert-mir-2\/","title":{"rendered":"Mein K\u00f6rper geh\u00f6rt mir"},"content":{"rendered":"\n<p>Das interaktive Theaterst\u00fcck &#8222;Mein K\u00f6rper geh\u00f6rt mir!&#8220; wird in drei Sequenzen von je einer Stunde im w\u00f6chentlichen Abstand im Klassenverband gespielt. Die Kinder sehen jeweils eine der drei aufeinander aufbauenden alltagsnahen Szenen. Dabei lernen die Kinder zun\u00e4chst das Schauspielerpaar kennen und fangen mit dem fr\u00f6hlichen K\u00f6rpersong \u201eMein K\u00f6rper springt lustig umher\u201c an. Die Theaterp\u00e4dagogen tauchen mit den Kindern in die Szenen ein und bleiben mit kindgerechter Sprache im Dialog \u00fcber das Gespielte.\n<\/p>\n\n\n\n<div class=\"wp-block-image\"><figure class=\"aligncenter is-resized\"><img loading=\"lazy\" decoding=\"async\" src=\"https:\/\/wordpress.nibis.de\/gstostedt\/files\/2019\/11\/boy-3081940_1920-685x675.jpg\" alt=\"\" class=\"wp-image-857\" width=\"325\" height=\"319\" \/><figcaption>Stopp sagen &#8211; keine leichte Aufgabe!<\/figcaption><\/figure><\/div>\n\n\n\n<p>Ein M\u00e4dchen b\u00fcrstet ihrem Freund die Haare. Aber das ziept! Pia verabredet sich mit ihrem neuen Chatfreund, aber der entpuppt sich als erwachsener Mann. \u201eWas h\u00e4tte der Junge tun k\u00f6nnen?\u201c, \u201eWie kann sie jetzt Hilfe bekommen\u201c Die kurzen Szenen von Mein K\u00f6rper geh\u00f6rt mir! schildern Situationen, in denen die k\u00f6rperlichen Grenzen von Kindern \u00fcberschritten werden und thematisieren Facetten sexueller Gewalt. Die Kinder k\u00f6nnen so leicht nachvollziehen, wie andere Jungen und M\u00e4dchen ihre Nein-Gef\u00fchle erkennen und mit \u00fcberlegen, wie &nbsp;sie Hilfe suchen und finden &#8211; bei der Mutter, die zuh\u00f6rt, beim Hausmeister, der die Polizei einschaltet und bei der Lehrerin, mit der sich offen \u00fcber alles reden l\u00e4sst.<\/p>\n","protected":false},"excerpt":{"rendered":"<p>Das interaktive Theaterst\u00fcck &#8222;Mein K\u00f6rper geh\u00f6rt mir!&#8220; wird in drei Sequenzen von je einer Stunde im w\u00f6chentlichen Abstand im Klassenverband gespielt. Die Kinder sehen jeweils eine der drei aufeinander aufbauenden alltagsnahen Szenen. Dabei lernen die Kinder zun\u00e4chst das Schauspielerpaar kennen &hellip; <a href=\"https:\/\/wordpress.nibis.de\/gstostedt\/mein-koerper-gehoert-mir-2\/\">Weiterlesen <span class=\"meta-nav\">&rarr;<\/span><\/a><\/p>\n","protected":false},"author":9192536,"featured_media":848,"parent":0,"menu_order":0,"comment_status":"closed","ping_status":"closed","template":"","meta":{"footnotes":""},"class_list":["post-856","page","type-page","status-publish","has-post-thumbnail","hentry"],"_links":{"self":[{"href":"https:\/\/wordpress.nibis.de\/gstostedt\/wp-json\/wp\/v2\/pages\/856","targetHints":{"allow":["GET"]}}],"collection":[{"href":"https:\/\/wordpress.nibis.de\/gstostedt\/wp-json\/wp\/v2\/pages"}],"about":[{"href":"https:\/\/wordpress.nibis.de\/gstostedt\/wp-json\/wp\/v2\/types\/page"}],"author":[{"embeddable":true,"href":"https:\/\/wordpress.nibis.de\/gstostedt\/wp-json\/wp\/v2\/users\/9192536"}],"replies":[{"embeddable":true,"href":"https:\/\/wordpress.nibis.de\/gstostedt\/wp-json\/wp\/v2\/comments?post=856"}],"version-history":[{"count":1,"href":"https:\/\/wordpress.nibis.de\/gstostedt\/wp-json\/wp\/v2\/pages\/856\/revisions"}],"predecessor-version":[{"id":858,"href":"https:\/\/wordpress.nibis.de\/gstostedt\/wp-json\/wp\/v2\/pages\/856\/revisions\/858"}],"wp:featuredmedia":[{"embeddable":true,"href":"https:\/\/wordpress.nibis.de\/gstostedt\/wp-json\/wp\/v2\/media\/848"}],"wp:attachment":[{"href":"https:\/\/wordpress.nibis.de\/gstostedt\/wp-json\/wp\/v2\/media?parent=856"}],"curies":[{"name":"wp","href":"https:\/\/api.w.org\/{rel}","templated":true}]}}