{"id":900,"date":"2020-01-08T11:57:25","date_gmt":"2020-01-08T10:57:25","guid":{"rendered":"https:\/\/wordpress.nibis.de\/gstostedt\/?page_id=900"},"modified":"2020-01-08T11:57:25","modified_gmt":"2020-01-08T10:57:25","slug":"spannendes-kranich-projekt","status":"publish","type":"page","link":"https:\/\/wordpress.nibis.de\/gstostedt\/spannendes-kranich-projekt\/","title":{"rendered":"Spannendes Kranich-Projekt"},"content":{"rendered":"\n<p><strong>bim. Tostedt. <\/strong>Wenn die Klasse 2a vom Schulstandort Dieckhofstra\u00dfe der Tostedter Grundschule zum Schwimmunterricht nach Schneverdingen gebracht wurde, bestaunten die Sch\u00fcler die gro\u00dfen, grauen V\u00f6gel, die sie unterwegs sahen. Seit die 19 Jungen und M\u00e4dchen das Tister Bauernmoor &#8211; den Kranichrastaplatz der Region und beliebtes Ausflugsziel &#8211; im Herbst besucht haben, k\u00f6nnen sie genau unterscheiden, ob auf den Feldern ein Kranich oder ein Graureiher gelandet ist.<br> &#8222;Wir wollten eine Lesenacht in der Schule machen und haben \u00fcberlegt, welches Thema passt&#8220;, erl\u00e4utert Klassenlehrerin Silke Schulz. So hatte sie die Idee zu dem Projekt &#8222;Unsere Kraniche im Tister Bauernmoor&#8220;. Unterst\u00fctzt von engagierten Eltern, die sich um die Bef\u00f6rderung und das Essen k\u00fcmmerten, wurde an einem Nachmittag ein Ausflug dorthin unternommen.<br> Mit der Moorbahn ging es zu der Beobachtungsplattform am Kranich-Rastplatz. Wissenswertes \u00fcber die Zugv\u00f6gel vermittelte kindgerecht Bernd Herzig vom Verein Moorbahn Burgsittensen. Er hatte u.a. Aufnahmen von einem br\u00fctenden Kranichpaar gemacht. Der Kraninchpapa sei dann mit gebrochenem Fl\u00fcgel zum Sterben ins Wasser gegangen. &#8222;Da kam ganz schnell ein neuer Bewerber, ein Stiefpapa, der bei der Aufzucht der Jungen half&#8220;, berichtet Finn von dem, was er erfahren hat. Und Lena f\u00fcgt hinzu: &#8222;Die Jungen haben noch keine roten Punkte. Der Scheitelfleck kommt erst nach ein paar Jahren.&#8220; &#8222;In Japan wird der Kranich Vogel des Gl\u00fccks genannt&#8220;, sagt Till. Und auch auf den Flugzeugen der Lufthansa ist der Vogel abgebildet.<br> Weiterhin erfuhren die Grundsch\u00fcler: Der Kranich hat eine Fl\u00fcgelspannweite von durchschnittlich 2,20 Meter, seine Nahrung sind u.a. Fr\u00f6sche und M\u00e4use, seine Feinde Fuchs, Wildschwein, Greifv\u00f6gel und der Mensch. Sein Lebensraum sind Sumpf- und Moorlandschaften, Feuchtwiesen und Waldseen. Im Winter fliegt der Kranich bis zu 3.000 Kilometer in w\u00e4rmere Gebiete &#8211; nach in Spanien, Frankreich oder Afrika &#8211; und im Fr\u00fchjahr wieder zur\u00fcck.<br> Abgerundet wurde die Lesenacht mit einer \u00dcbernachtung in der Schule und so mancher (Grusel-)Geschichte. Au\u00dferdem hatte die B\u00fccherei eine Lesekiste mit B\u00fcchern rund um das Thema V\u00f6gel zur Verf\u00fcgung gestellt, neben Sachb\u00fcchern u.a. auch die Geschichten &#8222;Wunderbare Reise des kleinen Nils Holgersson mit den Wildg\u00e4nsen&#8220; und &#8222;Flieg Lela, flieg&#8220;.<br> Im Nachgang entstanden im Unterricht liebevoll gestaltete Lapbooks (Klappb\u00fccher) mit vielen Informationen \u00fcber Kraniche.<\/p>\n\n\n\n<figure class=\"wp-block-image\"><img decoding=\"async\" src=\"https:\/\/wordpress.nibis.de\/gstostedt\/files\/2020\/01\/366506_XXL-1200x675.jpg\" alt=\"\" class=\"wp-image-901\" \/><figcaption><br>Lehrerin Silke Schulz mit einigen Sch\u00fclern der 2a, die stolz ihre Lapbooks pr\u00e4sentieren<br><\/figcaption><\/figure>\n\n\n\n<p>Quelle: Kreiszeitung Wochenblatt, Frau Bianca Marquardt<\/p>\n","protected":false},"excerpt":{"rendered":"<p>bim. Tostedt. Wenn die Klasse 2a vom Schulstandort Dieckhofstra\u00dfe der Tostedter Grundschule zum Schwimmunterricht nach Schneverdingen gebracht wurde, bestaunten die Sch\u00fcler die gro\u00dfen, grauen V\u00f6gel, die sie unterwegs sahen. Seit die 19 Jungen und M\u00e4dchen das Tister Bauernmoor &#8211; den &hellip; <a href=\"https:\/\/wordpress.nibis.de\/gstostedt\/spannendes-kranich-projekt\/\">Weiterlesen <span class=\"meta-nav\">&rarr;<\/span><\/a><\/p>\n","protected":false},"author":9192536,"featured_media":0,"parent":0,"menu_order":0,"comment_status":"closed","ping_status":"closed","template":"","meta":{"footnotes":""},"class_list":["post-900","page","type-page","status-publish","hentry"],"_links":{"self":[{"href":"https:\/\/wordpress.nibis.de\/gstostedt\/wp-json\/wp\/v2\/pages\/900","targetHints":{"allow":["GET"]}}],"collection":[{"href":"https:\/\/wordpress.nibis.de\/gstostedt\/wp-json\/wp\/v2\/pages"}],"about":[{"href":"https:\/\/wordpress.nibis.de\/gstostedt\/wp-json\/wp\/v2\/types\/page"}],"author":[{"embeddable":true,"href":"https:\/\/wordpress.nibis.de\/gstostedt\/wp-json\/wp\/v2\/users\/9192536"}],"replies":[{"embeddable":true,"href":"https:\/\/wordpress.nibis.de\/gstostedt\/wp-json\/wp\/v2\/comments?post=900"}],"version-history":[{"count":1,"href":"https:\/\/wordpress.nibis.de\/gstostedt\/wp-json\/wp\/v2\/pages\/900\/revisions"}],"predecessor-version":[{"id":902,"href":"https:\/\/wordpress.nibis.de\/gstostedt\/wp-json\/wp\/v2\/pages\/900\/revisions\/902"}],"wp:attachment":[{"href":"https:\/\/wordpress.nibis.de\/gstostedt\/wp-json\/wp\/v2\/media?parent=900"}],"curies":[{"name":"wp","href":"https:\/\/api.w.org\/{rel}","templated":true}]}}