{"id":907,"date":"2020-01-08T12:05:13","date_gmt":"2020-01-08T11:05:13","guid":{"rendered":"https:\/\/wordpress.nibis.de\/gstostedt\/?page_id=907"},"modified":"2020-01-08T12:05:13","modified_gmt":"2020-01-08T11:05:13","slug":"neue-schlaeger-fuer-die-tischtennis-ag","status":"publish","type":"page","link":"https:\/\/wordpress.nibis.de\/gstostedt\/neue-schlaeger-fuer-die-tischtennis-ag\/","title":{"rendered":"Neue Schl\u00e4ger f\u00fcr die Tischtennis-AG"},"content":{"rendered":"\n<p><strong>bim. Tostedt.<\/strong> Die Tischtennisabteilung des MTV Tostedt spendete der Grundschule Tostedt k\u00fcrzlich 15 neue Tischtennisschl\u00e4ger. Die Reaktion der Sch\u00fcler der Tischtennis-AG, als sie die neuen Tischtennisschl\u00e4ger ausprobierten, lautete: &#8222;Sind die cool!&#8220;<br> Rund 40 M\u00e4dchen und Jungen der Grundschule Tostedt spielen regelm\u00e4\u00dfig Tischtennis und sind begeistert. Trainiert wird sowohl mit Tischtennisb\u00e4llen als auch mit Luftballons und Wasserb\u00e4llen. Auch &#8222;Flugger\u00e4te&#8220; wie Frisbees, Indiaca oder Nerf-Wurfraketen werden eingesetzt. \u201eDas \u00dcben von Wurf- und R\u00fcckschlagtechnik geh\u00f6rt zu jedem Unterrichtsbeginn. So steht neben dem Spa\u00df an k\u00f6rperlicher Bewegung das Kennenlernen der Ger\u00e4te und Einpr\u00e4gen von tischtennisspezifischen Bewegungsabl\u00e4ufen im Vordergrund\u201c, sagt Trainerin und Diplom-P\u00e4dagogin Gabriele Tsch\u00f6pe. Daneben werden den jungen Sportlern soziale Kompetenzen wie Teamgeist vermittelt und Koordination und Kondition trainiert.<br> MTV-Tischtennis-Abteilungsleiter Michael Bannehr sieht in der Kooperation von Schule und Verein sowohl eine gelungene Bereicherung f\u00fcr das Schulleben als auch einen positiven Imagegewinn f\u00fcr den MTV: \u201eNach mehr als drei Jahren Schul-Verein-Kooperation wurde es Zeit, den AG-Bereich mit neuen sch\u00fclergerechten Tischtennisschl\u00e4gern auszustatten.\u201d<br> \u2022 Das Sch\u00fcler- und Jugendtraining findet freitags ab 15.45 Uhr in der Grundschulturnhalle Poststra\u00dfe statt. Interessierte melden sich unter Tel. 04186-888460 oder per E-Mail an &#71;&#x54;&#115;&#x63;&#104;&#x6f;&#101;&#x70;&#101;&#x40;&#103;&#x6d;&#120;&#x2e;&#100;&#x65; bei Trainerin Gabriele Tsch\u00f6pe.<\/p>\n\n\n\n<figure class=\"wp-block-image\"><img loading=\"lazy\" decoding=\"async\" width=\"1200\" height=\"675\" src=\"https:\/\/wordpress.nibis.de\/gstostedt\/files\/2020\/01\/368792_XL-1200x675.jpg\" alt=\"\" class=\"wp-image-908\" srcset=\"https:\/\/wordpress.nibis.de\/gstostedt\/files\/2020\/01\/368792_XL-1200x675.jpg 1200w, https:\/\/wordpress.nibis.de\/gstostedt\/files\/2020\/01\/368792_XL-250x141.jpg 250w, https:\/\/wordpress.nibis.de\/gstostedt\/files\/2020\/01\/368792_XL-850x478.jpg 850w\" sizes=\"auto, (max-width: 1200px) 100vw, 1200px\" \/><figcaption><br>Die Sch\u00fcler der Tischtennis-AG freuen sich \u00fcber ihre neuen Schl\u00e4ger<br>Foto: Grundschule Tostedt<br>hochgeladen von <a href=\"https:\/\/www.kreiszeitung-wochenblatt.de\/tostedt\/profile-8\/bianca-marquardt\">Bianca Marquardt<\/a><\/figcaption><\/figure>\n\n\n\n<p>Quelle: Kreiszeitung Wochenblatt, Frau Bianca Marquardt<\/p>\n","protected":false},"excerpt":{"rendered":"<p>bim. Tostedt. Die Tischtennisabteilung des MTV Tostedt spendete der Grundschule Tostedt k\u00fcrzlich 15 neue Tischtennisschl\u00e4ger. Die Reaktion der Sch\u00fcler der Tischtennis-AG, als sie die neuen Tischtennisschl\u00e4ger ausprobierten, lautete: &#8222;Sind die cool!&#8220; Rund 40 M\u00e4dchen und Jungen der Grundschule Tostedt spielen &hellip; <a href=\"https:\/\/wordpress.nibis.de\/gstostedt\/neue-schlaeger-fuer-die-tischtennis-ag\/\">Weiterlesen <span class=\"meta-nav\">&rarr;<\/span><\/a><\/p>\n","protected":false},"author":9192536,"featured_media":0,"parent":0,"menu_order":0,"comment_status":"closed","ping_status":"closed","template":"","meta":{"footnotes":""},"class_list":["post-907","page","type-page","status-publish","hentry"],"_links":{"self":[{"href":"https:\/\/wordpress.nibis.de\/gstostedt\/wp-json\/wp\/v2\/pages\/907","targetHints":{"allow":["GET"]}}],"collection":[{"href":"https:\/\/wordpress.nibis.de\/gstostedt\/wp-json\/wp\/v2\/pages"}],"about":[{"href":"https:\/\/wordpress.nibis.de\/gstostedt\/wp-json\/wp\/v2\/types\/page"}],"author":[{"embeddable":true,"href":"https:\/\/wordpress.nibis.de\/gstostedt\/wp-json\/wp\/v2\/users\/9192536"}],"replies":[{"embeddable":true,"href":"https:\/\/wordpress.nibis.de\/gstostedt\/wp-json\/wp\/v2\/comments?post=907"}],"version-history":[{"count":1,"href":"https:\/\/wordpress.nibis.de\/gstostedt\/wp-json\/wp\/v2\/pages\/907\/revisions"}],"predecessor-version":[{"id":909,"href":"https:\/\/wordpress.nibis.de\/gstostedt\/wp-json\/wp\/v2\/pages\/907\/revisions\/909"}],"wp:attachment":[{"href":"https:\/\/wordpress.nibis.de\/gstostedt\/wp-json\/wp\/v2\/media?parent=907"}],"curies":[{"name":"wp","href":"https:\/\/api.w.org\/{rel}","templated":true}]}}