{"id":111,"date":"2020-12-20T09:27:38","date_gmt":"2020-12-20T08:27:38","guid":{"rendered":"https:\/\/wordpress.nibis.de\/gsuo\/?page_id=111"},"modified":"2023-03-18T08:02:44","modified_gmt":"2023-03-18T07:02:44","slug":"schulstandort-utarp","status":"publish","type":"page","link":"https:\/\/wordpress.nibis.de\/gsuo\/schulstandort-utarp\/","title":{"rendered":"Schulstandort Utarp"},"content":{"rendered":"\n<figure class=\"wp-block-gallery has-nested-images columns-default is-cropped wp-block-gallery-1 is-layout-flex wp-block-gallery-is-layout-flex\">\n<figure class=\"wp-block-image size-large is-style-default\"><img loading=\"lazy\" decoding=\"async\" width=\"640\" height=\"480\" data-id=\"123\" src=\"https:\/\/wordpress.nibis.de\/gsuo\/files\/2020\/12\/Utarp4.jpeg\" alt=\"\" class=\"wp-image-123\" \/><\/figure>\n<\/figure>\n\n\n\n<p>Am Schulstandort Utarp sind die Eingangsstufen 1\/ 2 sowie die Klassen 3 und 4 vertreten.\u00a0 Auf dem gro\u00dfz\u00fcgigen Au\u00dfengel\u00e4nde finden die Sch\u00fcler vielf\u00e4ltige Bewegungsm\u00f6glichkeiten.<\/p>\n<p>Ebenso befinden sich hier die Mensa, der Konferenzraum und das Sekretariat der Schule.<\/p>\n","protected":false},"excerpt":{"rendered":"<p>Am Schulstandort Utarp sind die Eingangsstufen 1\/ 2 sowie die Klassen 3 und 4 vertreten.\u00a0 Auf dem gro\u00dfz\u00fcgigen Au\u00dfengel\u00e4nde finden die Sch\u00fcler vielf\u00e4ltige Bewegungsm\u00f6glichkeiten. Ebenso befinden sich hier die Mensa, der Konferenzraum und das Sekretariat der Schule.<\/p>\n","protected":false},"author":9193308,"featured_media":0,"parent":0,"menu_order":0,"comment_status":"closed","ping_status":"closed","template":"","meta":{"footnotes":""},"class_list":["post-111","page","type-page","status-publish","hentry"],"_links":{"self":[{"href":"https:\/\/wordpress.nibis.de\/gsuo\/wp-json\/wp\/v2\/pages\/111","targetHints":{"allow":["GET"]}}],"collection":[{"href":"https:\/\/wordpress.nibis.de\/gsuo\/wp-json\/wp\/v2\/pages"}],"about":[{"href":"https:\/\/wordpress.nibis.de\/gsuo\/wp-json\/wp\/v2\/types\/page"}],"author":[{"embeddable":true,"href":"https:\/\/wordpress.nibis.de\/gsuo\/wp-json\/wp\/v2\/users\/9193308"}],"replies":[{"embeddable":true,"href":"https:\/\/wordpress.nibis.de\/gsuo\/wp-json\/wp\/v2\/comments?post=111"}],"version-history":[{"count":8,"href":"https:\/\/wordpress.nibis.de\/gsuo\/wp-json\/wp\/v2\/pages\/111\/revisions"}],"predecessor-version":[{"id":715,"href":"https:\/\/wordpress.nibis.de\/gsuo\/wp-json\/wp\/v2\/pages\/111\/revisions\/715"}],"wp:attachment":[{"href":"https:\/\/wordpress.nibis.de\/gsuo\/wp-json\/wp\/v2\/media?parent=111"}],"curies":[{"name":"wp","href":"https:\/\/api.w.org\/{rel}","templated":true}]}}