{"id":114,"date":"2020-12-20T09:27:55","date_gmt":"2020-12-20T08:27:55","guid":{"rendered":"https:\/\/wordpress.nibis.de\/gsuo\/?page_id=114"},"modified":"2020-12-28T07:32:36","modified_gmt":"2020-12-28T06:32:36","slug":"schulstandort-ochtersum","status":"publish","type":"page","link":"https:\/\/wordpress.nibis.de\/gsuo\/schulstandort-ochtersum\/","title":{"rendered":"Schulstandort Ochtersum"},"content":{"rendered":"\n\n\n<figure class=\"wp-block-image size-large\"><img loading=\"lazy\" decoding=\"async\" width=\"640\" height=\"480\" src=\"https:\/\/wordpress.nibis.de\/gsuo\/files\/2020\/12\/Ochtersum.jpeg\" alt=\"\" class=\"wp-image-129\" \/><\/figure>\n\n\n\n<p>Am Schulstandort Ochtersum befinden sich die Klassen 1\/2, 3 und 4.<\/p>\n<p>Der Standort verf\u00fcgt au\u00dferdem \u00fcber eine Turnhalle, in der f\u00fcr alle Klassen der Schule der Sportunterricht statt findet.<\/p>\n<p>Das Au\u00dfengel\u00e4nde ist neben dem Spielplatz durch den Sportplatz erg\u00e4nzt. Den Spielplatz teilen sich die Grundsch\u00fcler mit dem angegliederten Kindergarten &#8222;S\u00fcnnenstrahl&#8220; der AWO.<\/p>\n","protected":false},"excerpt":{"rendered":"<p>Am Schulstandort Ochtersum befinden sich die Klassen 1\/2, 3 und 4. Der Standort verf\u00fcgt au\u00dferdem \u00fcber eine Turnhalle, in der f\u00fcr alle Klassen der Schule der Sportunterricht statt findet. Das Au\u00dfengel\u00e4nde ist neben dem Spielplatz durch den Sportplatz erg\u00e4nzt. Den Spielplatz teilen sich die Grundsch\u00fcler mit dem angegliederten Kindergarten &#8222;S\u00fcnnenstrahl&#8220; der AWO.<\/p>\n","protected":false},"author":9193308,"featured_media":0,"parent":0,"menu_order":0,"comment_status":"closed","ping_status":"closed","template":"","meta":{"footnotes":""},"class_list":["post-114","page","type-page","status-publish","hentry"],"_links":{"self":[{"href":"https:\/\/wordpress.nibis.de\/gsuo\/wp-json\/wp\/v2\/pages\/114","targetHints":{"allow":["GET"]}}],"collection":[{"href":"https:\/\/wordpress.nibis.de\/gsuo\/wp-json\/wp\/v2\/pages"}],"about":[{"href":"https:\/\/wordpress.nibis.de\/gsuo\/wp-json\/wp\/v2\/types\/page"}],"author":[{"embeddable":true,"href":"https:\/\/wordpress.nibis.de\/gsuo\/wp-json\/wp\/v2\/users\/9193308"}],"replies":[{"embeddable":true,"href":"https:\/\/wordpress.nibis.de\/gsuo\/wp-json\/wp\/v2\/comments?post=114"}],"version-history":[{"count":5,"href":"https:\/\/wordpress.nibis.de\/gsuo\/wp-json\/wp\/v2\/pages\/114\/revisions"}],"predecessor-version":[{"id":131,"href":"https:\/\/wordpress.nibis.de\/gsuo\/wp-json\/wp\/v2\/pages\/114\/revisions\/131"}],"wp:attachment":[{"href":"https:\/\/wordpress.nibis.de\/gsuo\/wp-json\/wp\/v2\/media?parent=114"}],"curies":[{"name":"wp","href":"https:\/\/api.w.org\/{rel}","templated":true}]}}