{"id":117,"date":"2020-12-20T09:29:11","date_gmt":"2020-12-20T08:29:11","guid":{"rendered":"https:\/\/wordpress.nibis.de\/gsuo\/?page_id=117"},"modified":"2025-12-17T19:06:14","modified_gmt":"2025-12-17T18:06:14","slug":"schueler-lehrer-eltern","status":"publish","type":"page","link":"https:\/\/wordpress.nibis.de\/gsuo\/schueler-lehrer-eltern\/","title":{"rendered":"Unser Kollegium"},"content":{"rendered":"\n<figure class=\"wp-block-image size-full is-style-default\"><img loading=\"lazy\" decoding=\"async\" width=\"2560\" height=\"1707\" src=\"https:\/\/wordpress.nibis.de\/gsuo\/files\/2025\/09\/U2-scaled.jpg\" alt=\"\" class=\"wp-image-1568\" srcset=\"https:\/\/wordpress.nibis.de\/gsuo\/files\/2025\/09\/U2-scaled.jpg 2560w, https:\/\/wordpress.nibis.de\/gsuo\/files\/2025\/09\/U2-211x141.jpg 211w, https:\/\/wordpress.nibis.de\/gsuo\/files\/2025\/09\/U2-768x512.jpg 768w, https:\/\/wordpress.nibis.de\/gsuo\/files\/2025\/09\/U2-1536x1024.jpg 1536w, https:\/\/wordpress.nibis.de\/gsuo\/files\/2025\/09\/U2-2048x1366.jpg 2048w\" sizes=\"auto, (max-width: 2560px) 100vw, 2560px\" \/><figcaption>Schulstandort Utarp<\/figcaption><\/figure>\n\n\n\n<p><\/p>\n\n\n\n<h2 class=\"wp-block-heading\">Klassenleitungen Schuljahr 2025\/26 <\/h2>\n\n\n\n<p><\/p>\n\n\n\n<p>Kl. 1\/2 U: Frau Herden <\/p>\n\n\n\n<p>Kl. 1\/2 U: Frau Poker<\/p>\n\n\n\n<p>Kl.    3 U:  Frau Wiebersiek<\/p>\n\n\n\n<p>Kl.     4 U: Herr Wilts<\/p>\n\n\n\n<p><\/p>\n\n\n\n<p>Kl. 1\/2 O: Frau Isdepsky<\/p>\n\n\n\n<p>Kl. 3\/4 O: Frau Dettmers<\/p>\n\n\n\n<h2 class=\"wp-block-heading\">weitere Lehrkr\u00e4fte<\/h2>\n\n\n\n<p>Herr Schipper<\/p>\n\n\n\n<p>Frau Hoffmann-Nies<\/p>\n\n\n\n<h2 class=\"wp-block-heading\">P\u00e4dagogische Mitarbeiter<\/h2>\n\n\n\n<p>Frau K\u00f6hler<\/p>\n\n\n\n<p>Frau Onken<\/p>\n\n\n\n<p>Frau Klose<\/p>\n\n\n\n<h2 class=\"wp-block-heading\">Praktikanten<\/h2>\n\n\n\n<p>Bufdi: Frau Gerdes<\/p>\n\n\n\n<p>BBS: Frau Aswegen und Frau Tjaden (mittwochs)<\/p>\n\n\n\n<h2 class=\"wp-block-heading\">Schulbegleitungen<\/h2>\n\n\n\n<p>Frau Wichamnn<\/p>\n\n\n\n<p>Frau K\u00f6hler<\/p>\n\n\n\n<p>Frau Tautz-Jan\u00dfen<\/p>\n\n\n\n<p>Frau Onken<\/p>\n\n\n\n<h2 class=\"wp-block-heading\">Sekretariat<\/h2>\n\n\n\n<p>Frau Freese<\/p>\n","protected":false},"excerpt":{"rendered":"<p>Klassenleitungen Schuljahr 2025\/26 Kl. 1\/2 U: Frau Herden Kl. 1\/2 U: Frau Poker Kl. 3 U: Frau Wiebersiek Kl. 4 U: Herr Wilts Kl. 1\/2 O: Frau Isdepsky Kl. 3\/4 O: Frau Dettmers weitere Lehrkr\u00e4fte Herr Schipper Frau Hoffmann-Nies P\u00e4dagogische Mitarbeiter Frau K\u00f6hler Frau Onken Frau Klose Praktikanten Bufdi: Frau Gerdes BBS: Frau Aswegen und [&hellip;]<\/p>\n","protected":false},"author":9193308,"featured_media":0,"parent":0,"menu_order":0,"comment_status":"closed","ping_status":"closed","template":"","meta":{"footnotes":""},"class_list":["post-117","page","type-page","status-publish","hentry"],"_links":{"self":[{"href":"https:\/\/wordpress.nibis.de\/gsuo\/wp-json\/wp\/v2\/pages\/117","targetHints":{"allow":["GET"]}}],"collection":[{"href":"https:\/\/wordpress.nibis.de\/gsuo\/wp-json\/wp\/v2\/pages"}],"about":[{"href":"https:\/\/wordpress.nibis.de\/gsuo\/wp-json\/wp\/v2\/types\/page"}],"author":[{"embeddable":true,"href":"https:\/\/wordpress.nibis.de\/gsuo\/wp-json\/wp\/v2\/users\/9193308"}],"replies":[{"embeddable":true,"href":"https:\/\/wordpress.nibis.de\/gsuo\/wp-json\/wp\/v2\/comments?post=117"}],"version-history":[{"count":17,"href":"https:\/\/wordpress.nibis.de\/gsuo\/wp-json\/wp\/v2\/pages\/117\/revisions"}],"predecessor-version":[{"id":1569,"href":"https:\/\/wordpress.nibis.de\/gsuo\/wp-json\/wp\/v2\/pages\/117\/revisions\/1569"}],"wp:attachment":[{"href":"https:\/\/wordpress.nibis.de\/gsuo\/wp-json\/wp\/v2\/media?parent=117"}],"curies":[{"name":"wp","href":"https:\/\/api.w.org\/{rel}","templated":true}]}}