{"id":140,"date":"2020-12-27T08:52:28","date_gmt":"2020-12-27T07:52:28","guid":{"rendered":"https:\/\/wordpress.nibis.de\/gsuo\/?page_id=140"},"modified":"2021-02-09T07:47:03","modified_gmt":"2021-02-09T06:47:03","slug":"lotsen","status":"publish","type":"page","link":"https:\/\/wordpress.nibis.de\/gsuo\/lotsen\/","title":{"rendered":"Lotsen"},"content":{"rendered":"\n<p>An beiden Schulstandorten werden die Sch\u00fcler vor Schulbeginn und nach Schulschluss durch Lotsen sicher \u00fcber die Stra\u00dfe geleitet.\u00a0 Auch nach dem Ganztag ist am Schulstandort Utarp ein Lotsendienst eingerichtet. Den Lotsendienst \u00fcbernehmen Eltern, p\u00e4dagogische Mitarbeiter und Lehrer.<\/p>\n<p>Die Verkehrshelfer sind schon von weitem durch ihre Signalwesten sichtbar. Zus\u00e4tzlich blinken Warnlampen an den Stra\u00dfen.<\/p>\n<p>Machen Sie mit! Sch\u00fctzen Sie die Sch\u00fcler auf ihrem Schulweg! Die Einweisung sowie die Ausstattung erfolgt durch die Verkehrswacht.<\/p>\n<p>\u00a0<\/p>\n","protected":false},"excerpt":{"rendered":"<p>An beiden Schulstandorten werden die Sch\u00fcler vor Schulbeginn und nach Schulschluss durch Lotsen sicher \u00fcber die Stra\u00dfe geleitet.\u00a0 Auch nach dem Ganztag ist am Schulstandort Utarp ein Lotsendienst eingerichtet. Den Lotsendienst \u00fcbernehmen Eltern, p\u00e4dagogische Mitarbeiter und Lehrer. Die Verkehrshelfer sind schon von weitem durch ihre Signalwesten sichtbar. Zus\u00e4tzlich blinken Warnlampen an den Stra\u00dfen. Machen Sie [&hellip;]<\/p>\n","protected":false},"author":9193308,"featured_media":0,"parent":0,"menu_order":0,"comment_status":"closed","ping_status":"closed","template":"","meta":{"footnotes":""},"class_list":["post-140","page","type-page","status-publish","hentry"],"_links":{"self":[{"href":"https:\/\/wordpress.nibis.de\/gsuo\/wp-json\/wp\/v2\/pages\/140","targetHints":{"allow":["GET"]}}],"collection":[{"href":"https:\/\/wordpress.nibis.de\/gsuo\/wp-json\/wp\/v2\/pages"}],"about":[{"href":"https:\/\/wordpress.nibis.de\/gsuo\/wp-json\/wp\/v2\/types\/page"}],"author":[{"embeddable":true,"href":"https:\/\/wordpress.nibis.de\/gsuo\/wp-json\/wp\/v2\/users\/9193308"}],"replies":[{"embeddable":true,"href":"https:\/\/wordpress.nibis.de\/gsuo\/wp-json\/wp\/v2\/comments?post=140"}],"version-history":[{"count":3,"href":"https:\/\/wordpress.nibis.de\/gsuo\/wp-json\/wp\/v2\/pages\/140\/revisions"}],"predecessor-version":[{"id":370,"href":"https:\/\/wordpress.nibis.de\/gsuo\/wp-json\/wp\/v2\/pages\/140\/revisions\/370"}],"wp:attachment":[{"href":"https:\/\/wordpress.nibis.de\/gsuo\/wp-json\/wp\/v2\/media?parent=140"}],"curies":[{"name":"wp","href":"https:\/\/api.w.org\/{rel}","templated":true}]}}