{"id":21,"date":"2020-12-20T06:47:31","date_gmt":"2020-12-20T05:47:31","guid":{"rendered":"https:\/\/wordpress.nibis.de\/gsuo\/?page_id=21"},"modified":"2023-10-16T05:43:51","modified_gmt":"2023-10-16T03:43:51","slug":"kontakt","status":"publish","type":"page","link":"https:\/\/wordpress.nibis.de\/gsuo\/kontakt\/","title":{"rendered":"Kontakt"},"content":{"rendered":"\n<p>Grundschule Utarp-Ochtersum<\/p>\n\n\n\n<figure class=\"wp-block-table is-style-stripes\"><table><tbody><tr><td>Schulstandort Utarp<\/td><td>Schulstandort Ochtersum<\/td><td><\/td><\/tr><tr><td>Hermann-Heeren-Weg 2<br>26556 Utarp<\/td><td>Negenmeertener Str 2<br>26489 Ochtersum<\/td><td><\/td><\/tr><tr><td>Tel. 04975 &#8211; 228<\/td><td>Tel. 04975 &#8211; 912260<\/td><td><\/td><\/tr><\/tbody><\/table><\/figure>\n\n\n\n<p>Email:     &#105;&#x6e;&#x66;o&#64;&#x67;&#x72;u&#110;&#x64;s&#99;&#x68;&#x75;l&#101;&#x2d;u&#116;&#x61;&#x72;p&#45;&#x6f;&#x63;&#104;&#x74;&#x65;r&#115;&#x75;&#x6d;&#46;&#100;&#x65;  <\/p>\n\n\n\n<p>Rektorin: Frau Poker<\/p>\n\n\n\n<p>Email:    schulleitung&#64;grundschule&#45;&#117;&#116;&#97;&#114;&#112;&#45;&#111;&#99;&#104;&#116;&#101;&#114;&#115;&#117;&#109;&#46;&#100;&#101;<\/p>\n\n\n\n<p>Das B\u00fcro ist nicht durchg\u00e4ngig besetzt. Da wir im Unterricht sind oder Aufsicht f\u00fchren, erreichen uns Nachrichten auf dem Anrufbeantworter versp\u00e4tet. Wir bitten um Beachtung.<\/p>\n\n\n\n<p><\/p>\n\n\n\n<p><\/p>\n\n\n\n<p><\/p>\n\n\n\n<p><\/p>\n\n\n<p>\u00a0<\/p>\n<table style=\"width: 100%;height: 120px\">\n<tbody>\n<tr style=\"height: 24px\">\n<td style=\"height: 24px\">\u00a0<\/td>\n<td style=\"height: 24px\">\u00a0<\/td>\n<\/tr>\n<tr style=\"height: 24px\">\n<td style=\"height: 24px\">B\u00fcrozeiten des Sekretariats am Standort Utarp<\/td>\n<td style=\"height: 24px\">\u00a0<\/td>\n<\/tr>\n<tr style=\"height: 24px\">\n<td style=\"height: 24px\">dienstags, mittwochs und freitags<\/td>\n<td style=\"height: 24px\">8 &#8211; 12 Uhr<\/td>\n<\/tr>\n<tr style=\"height: 24px\">\n<td style=\"height: 24px\">montags und donnerstags<\/td>\n<td style=\"height: 24px\">nicht besetzt<\/td>\n<\/tr>\n<tr style=\"height: 24px\">\n<td style=\"height: 24px\">\u00a0<\/td>\n<td style=\"height: 24px\">\u00a0<\/td>\n<\/tr>\n<\/tbody>\n<\/table>\n\n\n\n\n<p><\/p>\n","protected":false},"excerpt":{"rendered":"<p>Grundschule Utarp-Ochtersum Schulstandort Utarp Schulstandort Ochtersum Hermann-Heeren-Weg 226556 Utarp Negenmeertener Str 226489 Ochtersum Tel. 04975 &#8211; 228 Tel. 04975 &#8211; 912260 Email: &#105;&#x6e;&#102;&#x6f;&#64;&#x67;&#114;&#x75;&#110;&#x64;&#115;&#x63;h&#x75;l&#x65;-&#x75;t&#x61;r&#x70;-&#111;&#x63;&#104;&#x74;&#101;&#x72;&#115;&#x75;&#109;&#x2e;&#100;&#x65; Rektorin: Frau Poker Email: &#x73;&#x63;&#x68;&#x75;&#x6c;&#x6c;&#x65;&#x69;&#x74;&#x75;&#x6e;&#x67;&#x40;&#x67;&#114;&#117;&#110;&#100;&#115;&#99;&#104;&#117;&#108;&#101;&#45;utarp-oc&#x68;&#x74;&#x65;&#x72;&#x73;&#x75;&#x6d;&#x2e;&#x64;&#x65; Das B\u00fcro ist nicht durchg\u00e4ngig besetzt. Da wir im Unterricht sind oder Aufsicht f\u00fchren, erreichen uns Nachrichten auf dem Anrufbeantworter versp\u00e4tet. Wir bitten um Beachtung. \u00a0 \u00a0 [&hellip;]<\/p>\n","protected":false},"author":9193308,"featured_media":0,"parent":0,"menu_order":0,"comment_status":"closed","ping_status":"closed","template":"","meta":{"footnotes":""},"class_list":["post-21","page","type-page","status-publish","hentry"],"_links":{"self":[{"href":"https:\/\/wordpress.nibis.de\/gsuo\/wp-json\/wp\/v2\/pages\/21","targetHints":{"allow":["GET"]}}],"collection":[{"href":"https:\/\/wordpress.nibis.de\/gsuo\/wp-json\/wp\/v2\/pages"}],"about":[{"href":"https:\/\/wordpress.nibis.de\/gsuo\/wp-json\/wp\/v2\/types\/page"}],"author":[{"embeddable":true,"href":"https:\/\/wordpress.nibis.de\/gsuo\/wp-json\/wp\/v2\/users\/9193308"}],"replies":[{"embeddable":true,"href":"https:\/\/wordpress.nibis.de\/gsuo\/wp-json\/wp\/v2\/comments?post=21"}],"version-history":[{"count":19,"href":"https:\/\/wordpress.nibis.de\/gsuo\/wp-json\/wp\/v2\/pages\/21\/revisions"}],"predecessor-version":[{"id":883,"href":"https:\/\/wordpress.nibis.de\/gsuo\/wp-json\/wp\/v2\/pages\/21\/revisions\/883"}],"wp:attachment":[{"href":"https:\/\/wordpress.nibis.de\/gsuo\/wp-json\/wp\/v2\/media?parent=21"}],"curies":[{"name":"wp","href":"https:\/\/api.w.org\/{rel}","templated":true}]}}