{"id":25,"date":"2020-12-20T07:00:46","date_gmt":"2020-12-20T06:00:46","guid":{"rendered":"https:\/\/wordpress.nibis.de\/gsuo\/?page_id=25"},"modified":"2024-06-16T08:45:23","modified_gmt":"2024-06-16T06:45:23","slug":"schulleben","status":"publish","type":"page","link":"https:\/\/wordpress.nibis.de\/gsuo\/schulleben\/","title":{"rendered":"Aktuelles"},"content":{"rendered":"\n<p>Schule ist mehr als nur in und aus B\u00fcchern zu lernen. Unser Schulleben ist vielf\u00e4ltig und abwechslungsreich. In jedem Schuljahr finden zahlreiche Aktivit\u00e4ten statt. Auch Sch\u00fclerinnen und Sch\u00fcler ver\u00f6ffentlichen gerne ihre Arbeiten.<\/p>\n\n\n\n<p>Die Beitr\u00e4ge finden Sie in den jeweiligen Schuljahren. <\/p>\n\n\n\n<figure class=\"wp-block-gallery has-nested-images columns-default is-cropped wp-block-gallery-1 is-layout-flex wp-block-gallery-is-layout-flex\"><\/figure>\n","protected":false},"excerpt":{"rendered":"<p>Schule ist mehr als nur in und aus B\u00fcchern zu lernen. Unser Schulleben ist vielf\u00e4ltig und abwechslungsreich. In jedem Schuljahr finden zahlreiche Aktivit\u00e4ten statt. Auch Sch\u00fclerinnen und Sch\u00fcler ver\u00f6ffentlichen gerne ihre Arbeiten. Die Beitr\u00e4ge finden Sie in den jeweiligen Schuljahren.<\/p>\n","protected":false},"author":9193308,"featured_media":0,"parent":0,"menu_order":0,"comment_status":"closed","ping_status":"closed","template":"page-templates\/full-width.php","meta":{"footnotes":""},"class_list":["post-25","page","type-page","status-publish","hentry"],"_links":{"self":[{"href":"https:\/\/wordpress.nibis.de\/gsuo\/wp-json\/wp\/v2\/pages\/25","targetHints":{"allow":["GET"]}}],"collection":[{"href":"https:\/\/wordpress.nibis.de\/gsuo\/wp-json\/wp\/v2\/pages"}],"about":[{"href":"https:\/\/wordpress.nibis.de\/gsuo\/wp-json\/wp\/v2\/types\/page"}],"author":[{"embeddable":true,"href":"https:\/\/wordpress.nibis.de\/gsuo\/wp-json\/wp\/v2\/users\/9193308"}],"replies":[{"embeddable":true,"href":"https:\/\/wordpress.nibis.de\/gsuo\/wp-json\/wp\/v2\/comments?post=25"}],"version-history":[{"count":27,"href":"https:\/\/wordpress.nibis.de\/gsuo\/wp-json\/wp\/v2\/pages\/25\/revisions"}],"predecessor-version":[{"id":1096,"href":"https:\/\/wordpress.nibis.de\/gsuo\/wp-json\/wp\/v2\/pages\/25\/revisions\/1096"}],"wp:attachment":[{"href":"https:\/\/wordpress.nibis.de\/gsuo\/wp-json\/wp\/v2\/media?parent=25"}],"curies":[{"name":"wp","href":"https:\/\/api.w.org\/{rel}","templated":true}]}}