{"id":279,"date":"2021-01-14T06:39:24","date_gmt":"2021-01-14T05:39:24","guid":{"rendered":"https:\/\/wordpress.nibis.de\/gsuo\/?page_id=279"},"modified":"2025-12-17T19:39:59","modified_gmt":"2025-12-17T18:39:59","slug":"mobiler-dienst","status":"publish","type":"page","link":"https:\/\/wordpress.nibis.de\/gsuo\/mobiler-dienst\/","title":{"rendered":"Mobiler Dienst"},"content":{"rendered":"\n<div class=\"wp-block-group is-layout-flow wp-block-group-is-layout-flow\">\n<p>Unsere Schule arbeitet sowohl eng mit dem Mobilen Dienst des Regionalen Landesamtes f\u00fcr Schule und Bildung Osnabr\u00fcck als auch mit dem Mobilen Dienst des Pr\u00e4ventionsrates im Harlingerland e.V. zusammen. Beide Dienste erg\u00e4nzen und unterst\u00fctzen unsere Arbeit auf sehr wertvolle Weise.<\/p>\n<p>Frau Hedlefs, vom Mobilen Team ES des Pr\u00e4ventionsrates im Harlingerland e.V., unterst\u00fctzt z.B. die Kinder und Familien in schwierigen Konflikt-, Schul- und Lebenssituationen. Dies kann durch Einzelgespr\u00e4che mit Sch\u00fclern oder auch den Eltern geschehen.\u00a0<\/p>\n<p>Sie begleitet ebenso die Lehrkr\u00e4fte sowohl bei der Planung, Einf\u00fchrung und Durchf\u00fchrung des Klassenrates und des Sozialtrainings. Auch k\u00f6nnen in Einzelgespr\u00e4chen und -\u00fcbungen mit Sch\u00fclern Motorik, Konzentration und Empathief\u00e4higkeit ausgebaut werden.<\/p>\n<p>Frau Abben, ebenfalls vom Mobilen Dienst ES des Pr\u00e4ventionsrates im Harlingerland e.V., bietet auch bei schwerwiegenden Problemen als zus\u00e4tzliche Hilfe eine Intensiv-Unterst\u00fctzung eines einzelnen Sch\u00fclers \u00fcber einen\u00a0 Zeitraum von 6 Wochen an, indem sie andere Strategien und Sichtweisen des Lernens und der Konzentration mit dem Sch\u00fcler im Unterricht ausprobiert und ein\u00fcbt. Die Eltern sind eng in dieser Zeit eingebunden, es finden regelm\u00e4\u00dfig &#8222;runde Tische&#8220; zum Austausch mit der Lehrkraft statt.<\/p>\n<p>Weitere Informationen zum Pr\u00e4ventionsrat im Harlingerland e.V. erhalten Sie hier: <a href=\"http:\/\/www.praeventionsrat-harlingerland.de\/hp\/\">Pr\u00e4ventionsrat im Harlingerland e.V. <\/a><\/p>\n<p>\u00a0<\/p>\n<p>\u00a0<\/p>\n<\/div>\n\n\n\n<p>\u00a0<\/p>\n<p>Weitere Informationen zum Mobilen Dienst erhalten Sie hier. <a href=\"https:\/\/www.nibis.de\/mobile-dienste_11480\">Mobile Dienste &#8211; Nieders\u00e4chsischer Bildungsserver<\/a><\/p>\n<p>Wenn Sie Fragen haben, sprechen Sie uns bitte an oder schreiben Sie uns eine Email.\u00a0 \u00a0<\/p>\n","protected":false},"excerpt":{"rendered":"<p>Unsere Schule arbeitet sowohl eng mit dem Mobilen Dienst des Regionalen Landesamtes f\u00fcr Schule und Bildung Osnabr\u00fcck als auch mit dem Mobilen Dienst des Pr\u00e4ventionsrates im Harlingerland e.V. zusammen. Beide Dienste erg\u00e4nzen und unterst\u00fctzen unsere Arbeit auf sehr wertvolle Weise. Frau Hedlefs, vom Mobilen Team ES des Pr\u00e4ventionsrates im Harlingerland e.V., unterst\u00fctzt z.B. die Kinder [&hellip;]<\/p>\n","protected":false},"author":9193308,"featured_media":0,"parent":0,"menu_order":0,"comment_status":"closed","ping_status":"closed","template":"","meta":{"footnotes":""},"class_list":["post-279","page","type-page","status-publish","hentry"],"_links":{"self":[{"href":"https:\/\/wordpress.nibis.de\/gsuo\/wp-json\/wp\/v2\/pages\/279","targetHints":{"allow":["GET"]}}],"collection":[{"href":"https:\/\/wordpress.nibis.de\/gsuo\/wp-json\/wp\/v2\/pages"}],"about":[{"href":"https:\/\/wordpress.nibis.de\/gsuo\/wp-json\/wp\/v2\/types\/page"}],"author":[{"embeddable":true,"href":"https:\/\/wordpress.nibis.de\/gsuo\/wp-json\/wp\/v2\/users\/9193308"}],"replies":[{"embeddable":true,"href":"https:\/\/wordpress.nibis.de\/gsuo\/wp-json\/wp\/v2\/comments?post=279"}],"version-history":[{"count":22,"href":"https:\/\/wordpress.nibis.de\/gsuo\/wp-json\/wp\/v2\/pages\/279\/revisions"}],"predecessor-version":[{"id":1668,"href":"https:\/\/wordpress.nibis.de\/gsuo\/wp-json\/wp\/v2\/pages\/279\/revisions\/1668"}],"wp:attachment":[{"href":"https:\/\/wordpress.nibis.de\/gsuo\/wp-json\/wp\/v2\/media?parent=279"}],"curies":[{"name":"wp","href":"https:\/\/api.w.org\/{rel}","templated":true}]}}