{"id":325,"date":"2021-01-25T05:36:21","date_gmt":"2021-01-25T04:36:21","guid":{"rendered":"https:\/\/wordpress.nibis.de\/gsuo\/?page_id=325"},"modified":"2025-05-16T06:04:42","modified_gmt":"2025-05-16T04:04:42","slug":"schul-t-shirt","status":"publish","type":"page","link":"https:\/\/wordpress.nibis.de\/gsuo\/schul-t-shirt\/","title":{"rendered":"Schul-T-Shirt"},"content":{"rendered":"\n<p><img decoding=\"async\" src=\"https:\/\/wordpress.nibis.de\/gsuo\/files\/2021\/01\/T-Shirt-vorne.png\" alt=\"Dieses Bild hat ein leeres Alt-Attribut. Der Dateiname ist T-Shirt-vorne.png\">&nbsp; &nbsp; &nbsp; &nbsp;<img decoding=\"async\" src=\"https:\/\/wordpress.nibis.de\/gsuo\/files\/2021\/01\/T-Shirt-hinten.png\" alt=\"Dieses Bild hat ein leeres Alt-Attribut. Der Dateiname ist T-Shirt-hinten.png\"><\/p>\n\n\n\n<p>Unsere Schule hat ein eigenes T-Shirt. Es ist blau und hat orangene Beschriftungen: vorne ist unser Schul-Logo zu sehen und hinten der Schulname (siehe Fotos). Die Sch\u00fcler tragen es gerne und auch mit Stolz. Aber es ist nat\u00fcrlich freiwillig.<\/p>\n<p>Das T-Shirt besteht aus Baumwolle. Die Beschriftung ist eine Beflockung. Das garantiert eine gute Qualit\u00e4t und Haltbarkeit.<\/p>\n<p>Das Schul-T-Shirt kostet 12,00 \u20ac. Es kann wie folgt bestellt werden:<\/p>\n<p>\u00a0<\/p>\n<table>\n<tbody>\n<tr>\n<td width=\"217\">\n<p>Gr\u00f6\u00dfe<\/p>\n<\/td>\n<td width=\"217\">\n<p>Breite in cm<\/p>\n<\/td>\n<td width=\"217\">\n<p>L\u00e4nge in cm<\/p>\n<\/td>\n<\/tr>\n<tr>\n<td width=\"217\">\n<p>110\/116<\/p>\n<\/td>\n<td width=\"217\">\n<p>35<\/p>\n<\/td>\n<td width=\"217\">\n<p>45<\/p>\n<\/td>\n<\/tr>\n<tr>\n<td width=\"217\">\n<p>122\/128<\/p>\n<\/td>\n<td width=\"217\">\n<p>40<\/p>\n<\/td>\n<td width=\"217\">\n<p>50<\/p>\n<\/td>\n<\/tr>\n<tr>\n<td width=\"217\">\n<p>134\/146<\/p>\n<\/td>\n<td width=\"217\">\n<p>41<\/p>\n<\/td>\n<td width=\"217\">\n<p>56<\/p>\n<\/td>\n<\/tr>\n<tr>\n<td width=\"217\">\n<p>152\/164<\/p>\n<\/td>\n<td width=\"217\">\n<p>45<\/p>\n<\/td>\n<td width=\"217\">\n<p>62<\/p>\n<\/td>\n<\/tr>\n<tr>\n<td width=\"217\">\n<p>S<\/p>\n<\/td>\n<td width=\"217\">\n<p>51<\/p>\n<\/td>\n<td width=\"217\">\n<p>69<\/p>\n<\/td>\n<\/tr>\n<tr>\n<td width=\"217\">\n<p>M<\/p>\n<\/td>\n<td width=\"217\">\n<p>51<\/p>\n<\/td>\n<td width=\"217\">\n<p>74<\/p>\n<\/td>\n<\/tr>\n<\/tbody>\n<\/table>\n<p>\u00a0<\/p>\n<p>Gr\u00f6\u00dfere Gr\u00f6\u00dfen werden auf Anfrage angeboten.<\/p>\n\n\n\n<p>Wenn Sie ein T-Shirt bestellen m\u00f6chten, k\u00f6nnen Sie dies gerne per Email an\u00a0 &#x69;&#110;&#102;o&#x40;&#x67;&#114;u&#x6e;&#x64;&#115;ch&#x75;&#108;&#101;-&#x75;&#x74;&#97;r&#x70;&#x2d;&#111;&#99;h&#x74;&#x65;&#114;s&#x75;&#x6d;&#46;d&#x65;<\/p>\n<p>\u00a0<\/p>\n","protected":false},"excerpt":{"rendered":"<p>&nbsp; &nbsp; &nbsp; &nbsp; Unsere Schule hat ein eigenes T-Shirt. Es ist blau und hat orangene Beschriftungen: vorne ist unser Schul-Logo zu sehen und hinten der Schulname (siehe Fotos). Die Sch\u00fcler tragen es gerne und auch mit Stolz. Aber es ist nat\u00fcrlich freiwillig. Das T-Shirt besteht aus Baumwolle. Die Beschriftung ist eine Beflockung. Das garantiert [&hellip;]<\/p>\n","protected":false},"author":9193308,"featured_media":0,"parent":0,"menu_order":0,"comment_status":"closed","ping_status":"closed","template":"","meta":{"footnotes":""},"class_list":["post-325","page","type-page","status-publish","hentry"],"_links":{"self":[{"href":"https:\/\/wordpress.nibis.de\/gsuo\/wp-json\/wp\/v2\/pages\/325","targetHints":{"allow":["GET"]}}],"collection":[{"href":"https:\/\/wordpress.nibis.de\/gsuo\/wp-json\/wp\/v2\/pages"}],"about":[{"href":"https:\/\/wordpress.nibis.de\/gsuo\/wp-json\/wp\/v2\/types\/page"}],"author":[{"embeddable":true,"href":"https:\/\/wordpress.nibis.de\/gsuo\/wp-json\/wp\/v2\/users\/9193308"}],"replies":[{"embeddable":true,"href":"https:\/\/wordpress.nibis.de\/gsuo\/wp-json\/wp\/v2\/comments?post=325"}],"version-history":[{"count":10,"href":"https:\/\/wordpress.nibis.de\/gsuo\/wp-json\/wp\/v2\/pages\/325\/revisions"}],"predecessor-version":[{"id":1387,"href":"https:\/\/wordpress.nibis.de\/gsuo\/wp-json\/wp\/v2\/pages\/325\/revisions\/1387"}],"wp:attachment":[{"href":"https:\/\/wordpress.nibis.de\/gsuo\/wp-json\/wp\/v2\/media?parent=325"}],"curies":[{"name":"wp","href":"https:\/\/api.w.org\/{rel}","templated":true}]}}