{"id":335,"date":"2021-01-25T17:24:41","date_gmt":"2021-01-25T16:24:41","guid":{"rendered":"https:\/\/wordpress.nibis.de\/gsuo\/?page_id=335"},"modified":"2025-12-17T19:09:01","modified_gmt":"2025-12-17T18:09:01","slug":"betreuungsangebot","status":"publish","type":"page","link":"https:\/\/wordpress.nibis.de\/gsuo\/betreuungsangebot\/","title":{"rendered":"Betreuungsangebot"},"content":{"rendered":"\n<p>Ihr Kind besucht eine Klasse 1 oder 2 der Verl\u00e4sslichen Grundschule Utarp-Ochtersum? Dann kann es nach dem Unterricht an einem zus\u00e4tzlichen p\u00e4dagogischen Angebot in der f\u00fcnften Stunde (von 11.45 Uhr bis 12.30 Uhr) teilnehmen.\u00a0 Diese wird an beiden Schulstandorten angeboten. Die Teilnahme ist freiwillig und kostenfrei.<\/p>\n<p>In dieser Zeit wird den Kindern ein abwechslungsreiches Bet\u00e4tigungsfeld entsprechend der Konzeption unserer Schule angeboten, das die schulische Arbeit sinnvoll erg\u00e4nzt. Die Betreuungsstunde wird durch unsere p\u00e4dagogischen Mitarbeiter geleitet. Folgende Inhalte k\u00f6nnen in der Betreuungszeit statt finden: u.a.\u00a0<\/p>\n<p>&#8211; soziales Verhalten lernen und leben\u00a0\u00a0\u00a0\u00a0\u00a0\u00a0\u00a0\u00a0\u00a0\u00a0\u00a0\u00a0\u00a0 <br \/>&#8211; Motorik verfeinern, Bewegung, Sport und Tanz aus\u00fcben<br \/>&#8211; bildnerisch und r\u00e4umlich gestalten\u00a0\u00a0\u00a0\u00a0\u00a0\u00a0\u00a0\u00a0\u00a0\u00a0\u00a0\u00a0\u00a0\u00a0\u00a0 <br \/>&#8211; Wahrnehmung trainieren, Sinne erproben<br \/>&#8211; Spiele spielen, Sitten und Gebr\u00e4uche erleben\u00a0\u00a0\u00a0\u00a0\u00a0\u00a0\u00a0\u00a0\u00a0 <br \/>&#8211; Natur erkunden und kennen lernen<\/p>\n<p>&#8211; Musik machen, h\u00f6ren und singen, Rhythmik schulen<\/p>\n<p>&#8211; Nahrung zubereiten, kochen, backen<\/p>\n<p>Ihr Kind wird nach der Betreuungszeit von dem\/der p\u00e4dagogischen Mitarbeiter\/in \u00fcber die Stra\u00dfe gebracht.<\/p>\n<p>Die Teilnahme ist keineswegs nur f\u00fcr Kinder berufst\u00e4tiger Eltern geeignet, sondern f\u00fcr alle zu empfehlen.<\/p>\n","protected":false},"excerpt":{"rendered":"<p>Ihr Kind besucht eine Klasse 1 oder 2 der Verl\u00e4sslichen Grundschule Utarp-Ochtersum? Dann kann es nach dem Unterricht an einem zus\u00e4tzlichen p\u00e4dagogischen Angebot in der f\u00fcnften Stunde (von 11.45 Uhr bis 12.30 Uhr) teilnehmen.\u00a0 Diese wird an beiden Schulstandorten angeboten. Die Teilnahme ist freiwillig und kostenfrei. In dieser Zeit wird den Kindern ein abwechslungsreiches Bet\u00e4tigungsfeld [&hellip;]<\/p>\n","protected":false},"author":9193308,"featured_media":0,"parent":0,"menu_order":0,"comment_status":"closed","ping_status":"closed","template":"","meta":{"footnotes":""},"class_list":["post-335","page","type-page","status-publish","hentry"],"_links":{"self":[{"href":"https:\/\/wordpress.nibis.de\/gsuo\/wp-json\/wp\/v2\/pages\/335","targetHints":{"allow":["GET"]}}],"collection":[{"href":"https:\/\/wordpress.nibis.de\/gsuo\/wp-json\/wp\/v2\/pages"}],"about":[{"href":"https:\/\/wordpress.nibis.de\/gsuo\/wp-json\/wp\/v2\/types\/page"}],"author":[{"embeddable":true,"href":"https:\/\/wordpress.nibis.de\/gsuo\/wp-json\/wp\/v2\/users\/9193308"}],"replies":[{"embeddable":true,"href":"https:\/\/wordpress.nibis.de\/gsuo\/wp-json\/wp\/v2\/comments?post=335"}],"version-history":[{"count":5,"href":"https:\/\/wordpress.nibis.de\/gsuo\/wp-json\/wp\/v2\/pages\/335\/revisions"}],"predecessor-version":[{"id":1662,"href":"https:\/\/wordpress.nibis.de\/gsuo\/wp-json\/wp\/v2\/pages\/335\/revisions\/1662"}],"wp:attachment":[{"href":"https:\/\/wordpress.nibis.de\/gsuo\/wp-json\/wp\/v2\/media?parent=335"}],"curies":[{"name":"wp","href":"https:\/\/api.w.org\/{rel}","templated":true}]}}