{"id":606,"date":"2022-08-17T12:55:33","date_gmt":"2022-08-17T10:55:33","guid":{"rendered":"https:\/\/wordpress.nibis.de\/gsuo\/?page_id=606"},"modified":"2024-02-20T18:13:18","modified_gmt":"2024-02-20T17:13:18","slug":"unsere-schulregeln","status":"publish","type":"page","link":"https:\/\/wordpress.nibis.de\/gsuo\/unsere-schulregeln\/","title":{"rendered":"Unsere Schulregeln"},"content":{"rendered":"\n<p><strong>Wir brauchen diese Regeln,<\/strong><\/p>\n\n\n\n<ul class=\"wp-block-list\"><li><strong>damit wir in der Schule gut lernen und arbeiten k\u00f6nnen.<\/strong><\/li><li><strong>damit alle im Unterricht und in den Pausen zufrieden sein k\u00f6nnen und sich wohlf\u00fchlen.<\/strong><\/li><\/ul>\n\n\n\n<p><\/p>\n\n\n\n<p>Gemeinsam mit den Sch\u00fclerinnen und Sch\u00fclern unserer Schule sind folgende Regeln entstanden:<\/p>\n\n\n\n<p><strong>Miteinander<\/strong><\/p>\n\n\n\n<p>Ich verhalte ich mich friedlich und mische mich nicht ein.<\/p>\n\n\n\n<p>Wenn ich etwas falsch gemacht habe, entschuldige ich mich sofort bei dem anderen Kind.<\/p>\n\n\n\n<p>Wenn ich ein Problem mit einem anderen Kind habe, gehe ich diesem Kind aus dem Weg oder bitte den Lehrer um Hilfe.<\/p>\n\n\n\n<p>Im Schulgeb\u00e4ude gehe ich langsam und verhalte mich leise.<\/p>\n\n\n\n<p><\/p>\n\n\n\n<p><strong>So verhalte ich mich vor und im Unterricht:<\/strong><\/p>\n\n\n\n<p>Nach dem Klingelzeichen gehe ich sofort in meine Klasse und setze mich auf meinen Platz.<\/p>\n\n\n\n<p>Mein Handy und meine Smartwatch bleiben zuhause.<\/p>\n\n\n\n<p>Im Unterricht bin ich leise, h\u00f6re zu und abreite mit. Ich melde mich, wenn ich etwas sagen m\u00f6chte.<\/p>\n\n\n\n<p>Ich verhalte mich so, dass alle gut lernen k\u00f6nnen.<\/p>\n\n\n\n<p>Ich helfe meinen Mitsch\u00fclern.<\/p>\n\n\n\n<p>Ich gebe mir M\u00fche und afrbeite in meinem Tempo.<\/p>\n\n\n\n<p>Ich frage, ob ich etwas ausleihen darf und gehe mit dem Material sorgsam um.<\/p>\n\n\n\n<p>Meine Arbeitsmaterialien sind vollst\u00e4ndig. Ich gehe sorgsam damit um.<\/p>\n\n\n\n<p>Wenn die Unterrichtsstunde zu Ende ist, r\u00e4ume ich meinen Platz auf.<\/p>\n\n\n\n<p><\/p>\n\n\n\n<p><strong>So verhalte ich mich in der Pause:<\/strong><br>Ich bleibe auf dem Schulgel\u00e4nde:<\/p>\n\n\n\n<p>Utarp- die Z\u00e4une grenzen den Pausenbereich ein. Vor dem Schulgeb\u00e4ude wird nicht gespielt.<\/p>\n\n\n\n<p>Ochtersum \u2013 Der Zaun zur Stra\u00dfe, und die Werbetafeln auf dem Sportplatz grenzen den<\/p>\n\n\n\n<p>Pausenbereich ein.<\/p>\n\n\n\n<p>In der Pause gehe ich nach drau\u00dfen.<\/p>\n\n\n\n<p>Nur in der Regenpause darf ich im Schulgeb\u00e4ude (Klassenraum, Pausenhalle) bleiben.<\/p>\n\n\n\n<p>Ich nehme beim Spielen R\u00fccksicht auf andere Kinder, damit es keinen Streit gibt.<\/p>\n\n\n\n<p>Ich gehe w\u00e4hrend der Pause nur wieder ins Geb\u00e4ude, wenn ich die Toilette benutzen muss.<\/p>\n\n\n\n<p>Ich darf in der Pause mit Spielger\u00e4ten spielen. Am Ende der Pause bringe ich meine Spielsachen wieder zur\u00fcck an seinen Platz.<\/p>\n\n\n\n<p>Ich nutze die Pause zum Essen und Trinken im Klassenraum.<\/p>\n\n\n\n<p>Ich gehe z\u00fcgig in meine Klasse, wenn es klingelt.<\/p>\n\n\n\n<p>Auf dem Pausenhof gilt f\u00fcr alle Kinder ein \u201cSt\u00f6ckerverbot\u201d.<\/p>\n\n\n\n<p><\/p>\n\n\n\n<p><strong>So verhalte ich mich auf der Toilette:<\/strong><\/p>\n\n\n\n<p>Ich gehe einzeln auf die Toilette.<\/p>\n\n\n\n<p>Die Toilette ist kein Spielplatz.<\/p>\n\n\n\n<p>Ich pinkle ins Klo.<\/p>\n\n\n\n<p>Ich verwende das Klopapier angemessen.<\/p>\n\n\n\n<p>Anschlie\u00dfend bet\u00e4tige ich die Klosp\u00fclung.<\/p>\n\n\n\n<p>Ich wasche mir die H\u00e4nde und benutze dabei sorgsam die Seife.<\/p>\n\n\n\n<p>Wenn ich fertig bin, stelle ich das Wasser aus.<\/p>\n\n\n\n<p>Die benutzten Papiert\u00fccher werfe ich in den M\u00fclleimer.<\/p>\n\n\n\n<p>Ich verlasse die Toilette sauber.<\/p>\n\n\n\n<p>Wenn ich Dreck und Sch\u00e4den dort entdecke, sage ich es sofort dem Lehrer.<\/p>\n\n\n\n<p><\/p>\n\n\n\n<p><strong>So verhalte ich mich bei Schulschluss:<\/strong><br>Ich r\u00e4ume meinen Platz auf und stelle den Stuhl hoch, bevor ich gehe.<\/p>\n\n\n\n<p>Wenn ich mit dem Fahrrad zur Schule komme, schiebe ich das Fahrrad \u00fcber die Stra\u00dfe.<\/p>\n\n\n\n<p>Wenn ich von meinen Eltern abgeholt werde, warte ich an der Bushaltestelle und renne nicht herum.<\/p>\n\n\n\n<p>Die \u201cGanztagskinder\u201d in Ochtersum warten am Tor auf den Bus.<\/p>\n\n\n\n<p><\/p>\n\n\n\n<p><strong>Was ist, wenn ich mich nicht an diese Regeln halte?<\/strong><br><br>1. Ich werde von der Lehrkraft ermahnt.<\/p>\n\n\n\n<p>2. Gelbe Karte<\/p>\n\n\n\n<p>Halte ich mic him Unterricht wiederholt nicht an die Regeln, dann muss ich zu Hause vers\u00e4umten Unterrichtsstoff nachholen. Die Eltern unterschreiben diese Arbeit.<\/p>\n\n\n\n<p>Halte ich mich wiederholt in der Pause nicht an die regeln, dann sitze ich die restliche Pausenzeit des Tages auf der Bank im Eingangsbereich.<\/p>\n\n\n\n<p>3. Rote Karte<\/p>\n\n\n\n<p>Wenn ich absichtlich anderen weh tue,<\/p>\n\n\n\n<p>wenn ich absichtlich Sachen in der Schule besch\u00e4dige,<\/p>\n\n\n\n<p>wenn ich durch mein anhaltendes st\u00f6rendes Verhalten keinen Unterricht f\u00fcr mich und meine Mitsch\u00fcler erm\u00f6gliche,<\/p>\n\n\n\n<p>dann<\/p>\n\n\n\n<p>werden meine Eltern angerufen und ich werde abgeholt. F\u00fcr die Zeit zu Hause become ich Aufgaben.<\/p>\n","protected":false},"excerpt":{"rendered":"<p>Wir brauchen diese Regeln, damit wir in der Schule gut lernen und arbeiten k\u00f6nnen. damit alle im Unterricht und in den Pausen zufrieden sein k\u00f6nnen und sich wohlf\u00fchlen. Gemeinsam mit den Sch\u00fclerinnen und Sch\u00fclern unserer Schule sind folgende Regeln entstanden: Miteinander Ich verhalte ich mich friedlich und mische mich nicht ein. Wenn ich etwas falsch [&hellip;]<\/p>\n","protected":false},"author":9193308,"featured_media":0,"parent":0,"menu_order":0,"comment_status":"closed","ping_status":"closed","template":"","meta":{"footnotes":""},"class_list":["post-606","page","type-page","status-publish","hentry"],"_links":{"self":[{"href":"https:\/\/wordpress.nibis.de\/gsuo\/wp-json\/wp\/v2\/pages\/606","targetHints":{"allow":["GET"]}}],"collection":[{"href":"https:\/\/wordpress.nibis.de\/gsuo\/wp-json\/wp\/v2\/pages"}],"about":[{"href":"https:\/\/wordpress.nibis.de\/gsuo\/wp-json\/wp\/v2\/types\/page"}],"author":[{"embeddable":true,"href":"https:\/\/wordpress.nibis.de\/gsuo\/wp-json\/wp\/v2\/users\/9193308"}],"replies":[{"embeddable":true,"href":"https:\/\/wordpress.nibis.de\/gsuo\/wp-json\/wp\/v2\/comments?post=606"}],"version-history":[{"count":3,"href":"https:\/\/wordpress.nibis.de\/gsuo\/wp-json\/wp\/v2\/pages\/606\/revisions"}],"predecessor-version":[{"id":979,"href":"https:\/\/wordpress.nibis.de\/gsuo\/wp-json\/wp\/v2\/pages\/606\/revisions\/979"}],"wp:attachment":[{"href":"https:\/\/wordpress.nibis.de\/gsuo\/wp-json\/wp\/v2\/media?parent=606"}],"curies":[{"name":"wp","href":"https:\/\/api.w.org\/{rel}","templated":true}]}}