{"id":752,"date":"2023-05-10T12:58:46","date_gmt":"2023-05-10T10:58:46","guid":{"rendered":"https:\/\/wordpress.nibis.de\/gsuo\/?page_id=752"},"modified":"2025-05-16T06:04:06","modified_gmt":"2025-05-16T04:04:06","slug":"infrastrukturelle-schulbegleiter","status":"publish","type":"page","link":"https:\/\/wordpress.nibis.de\/gsuo\/infrastrukturelle-schulbegleiter\/","title":{"rendered":"Infrastrukturelle Schulbegleiter"},"content":{"rendered":"\n<p>Durch die Kooperation mit dem Landkreis Wittmund und der Volkshochschule ist es uns m\u00f6glich, an unserer Schule vier Schulbegleiterinnen zur Unterst\u00fctzung aller Sch\u00fclerinnen und Sch\u00fcler zu haben. Am Schulstandort Ochtersum ist t\u00e4glich Frau K\u00f6hler im Einsatz, in Utarp helfen Frau Onken, Frau Wiemann und Frau Tautz-Jan\u00dfen den Kindern. <\/p>\n\n\n\n<p>Weitere Informationen entnehmen Sie bitte dem Flyer des Landkreises.<\/p>\n\n\n\n<figure class=\"wp-block-image size-full is-style-default\"><img loading=\"lazy\" decoding=\"async\" width=\"1079\" height=\"1556\" src=\"https:\/\/wordpress.nibis.de\/gsuo\/files\/2023\/05\/Screenshot_20230510_125509_Adobe-Acrobat.jpg\" alt=\"\" class=\"wp-image-753\" srcset=\"https:\/\/wordpress.nibis.de\/gsuo\/files\/2023\/05\/Screenshot_20230510_125509_Adobe-Acrobat.jpg 1079w, https:\/\/wordpress.nibis.de\/gsuo\/files\/2023\/05\/Screenshot_20230510_125509_Adobe-Acrobat-98x141.jpg 98w, https:\/\/wordpress.nibis.de\/gsuo\/files\/2023\/05\/Screenshot_20230510_125509_Adobe-Acrobat-768x1108.jpg 768w, https:\/\/wordpress.nibis.de\/gsuo\/files\/2023\/05\/Screenshot_20230510_125509_Adobe-Acrobat-1065x1536.jpg 1065w\" sizes=\"auto, (max-width: 1079px) 100vw, 1079px\" \/><\/figure>\n\n\n\n<p><\/p>\n","protected":false},"excerpt":{"rendered":"<p>Durch die Kooperation mit dem Landkreis Wittmund und der Volkshochschule ist es uns m\u00f6glich, an unserer Schule vier Schulbegleiterinnen zur Unterst\u00fctzung aller Sch\u00fclerinnen und Sch\u00fcler zu haben. Am Schulstandort Ochtersum ist t\u00e4glich Frau K\u00f6hler im Einsatz, in Utarp helfen Frau Onken, Frau Wiemann und Frau Tautz-Jan\u00dfen den Kindern. Weitere Informationen entnehmen Sie bitte dem Flyer [&hellip;]<\/p>\n","protected":false},"author":9193308,"featured_media":0,"parent":0,"menu_order":0,"comment_status":"closed","ping_status":"closed","template":"","meta":{"footnotes":""},"class_list":["post-752","page","type-page","status-publish","hentry"],"_links":{"self":[{"href":"https:\/\/wordpress.nibis.de\/gsuo\/wp-json\/wp\/v2\/pages\/752","targetHints":{"allow":["GET"]}}],"collection":[{"href":"https:\/\/wordpress.nibis.de\/gsuo\/wp-json\/wp\/v2\/pages"}],"about":[{"href":"https:\/\/wordpress.nibis.de\/gsuo\/wp-json\/wp\/v2\/types\/page"}],"author":[{"embeddable":true,"href":"https:\/\/wordpress.nibis.de\/gsuo\/wp-json\/wp\/v2\/users\/9193308"}],"replies":[{"embeddable":true,"href":"https:\/\/wordpress.nibis.de\/gsuo\/wp-json\/wp\/v2\/comments?post=752"}],"version-history":[{"count":5,"href":"https:\/\/wordpress.nibis.de\/gsuo\/wp-json\/wp\/v2\/pages\/752\/revisions"}],"predecessor-version":[{"id":1386,"href":"https:\/\/wordpress.nibis.de\/gsuo\/wp-json\/wp\/v2\/pages\/752\/revisions\/1386"}],"wp:attachment":[{"href":"https:\/\/wordpress.nibis.de\/gsuo\/wp-json\/wp\/v2\/media?parent=752"}],"curies":[{"name":"wp","href":"https:\/\/api.w.org\/{rel}","templated":true}]}}