{"id":90,"date":"2020-12-20T09:11:46","date_gmt":"2020-12-20T08:11:46","guid":{"rendered":"https:\/\/wordpress.nibis.de\/gsuo\/?page_id=90"},"modified":"2023-06-28T21:48:59","modified_gmt":"2023-06-28T19:48:59","slug":"foerderverein","status":"publish","type":"page","link":"https:\/\/wordpress.nibis.de\/gsuo\/foerderverein\/","title":{"rendered":"F\u00f6rderverein"},"content":{"rendered":"\n<p>Der F\u00f6rderverein der Grundschule Utarp-Ochtersum e.V. wurde 1998 von engagierten Eltern gegr\u00fcndet.\u00a0Ziel ist es, die schulische Arbeit zus\u00e4tzlich zu unterst\u00fctzen.<\/p>\n<p>Der F\u00f6rderverein der Grundschule Utarp-Ochtersum e.V. hat sich beispielsweise aktiv bei folgenden j\u00e4hrlichen Veranstaltungen eingebracht:<\/p>\n<ul>\n<li>Kinderfest in Ochtersum<\/li>\n<li>Erntedankfest in Ochtersum<\/li>\n<li>Weihnachtsmarkt in Schweindorf<\/li>\n<\/ul>\n<p>Durch Beitr\u00e4ge der Mitglieder, Spenden und Aktivit\u00e4ten konnte die Schule bereits in Ausstattungen, Anschaffungen und Unternehmungen gef\u00f6rdert werden, wie zum Beispiel Anschaffung von Fl\u00f6ten, Spiele, Nachschlagewerke f\u00fcr den Deutschunterricht, Unterst\u00fctzung durch Kosten\u00fcbernahme bei Ausfl\u00fcgen&#8230;.<\/p>\n<p>Wir haben Ihr Interesse geweckt? Prima! Mit einem steuerlich absetzbaren Mitgliedsbeitrag von 1\u20ac pro Monat, also 12\u20ac\u00a0 pro Jahr, k\u00f6nnen Sie aktiv die Arbeit zum Wohle der Kinder unterst\u00fctzen.<\/p>\n<p>Den Flyer sowie die Beitrittserkl\u00e4rung zum F\u00f6rderverein k\u00f6nnen Sie hier downloaden:\u00a0<\/p>\n\n\n\n<div class=\"wp-block-file\"><a id=\"wp-block-file--media-1f217ced-83b1-43b5-9dc0-18a3fd28a794\" href=\"https:\/\/wordpress.nibis.de\/gsuo\/files\/2023\/06\/Foerderverein_Flyer_fertig.pdf\">Foerderverein_Flyer_fertig<\/a><a href=\"https:\/\/wordpress.nibis.de\/gsuo\/files\/2023\/06\/Foerderverein_Flyer_fertig.pdf\" class=\"wp-block-file__button\" download aria-describedby=\"wp-block-file--media-1f217ced-83b1-43b5-9dc0-18a3fd28a794\">Herunterladen<\/a><\/div>\n\n\n\n<p>Bei R\u00fcckfragen, Anregungen und Projektideen stehen wir Ihnen gerne pers\u00f6nlich oder per Email zur Verf\u00fcgung.\u00a0 \u00a0&#x66;&#x6f;&#x65;&#x72;&#x64;&#x65;&#x72;&#x76;&#x65;&#x72;&#x65;&#x69;&#x6e;&#x40;&#x67;&#x72;&#x75;&#x6e;&#x64;&#x73;&#x63;&#x68;&#x75;&#x6c;&#x65;&#x2d;&#x75;&#x74;&#x61;&#x72;&#x70;&#x2d;&#x6f;&#x63;&#x68;&#x74;&#x65;&#x72;&#x73;&#x75;&#x6d;&#x2e;&#x64;&#x65;<\/p>\n<p>\u00a0<\/p>\n","protected":false},"excerpt":{"rendered":"<p>Der F\u00f6rderverein der Grundschule Utarp-Ochtersum e.V. wurde 1998 von engagierten Eltern gegr\u00fcndet.\u00a0Ziel ist es, die schulische Arbeit zus\u00e4tzlich zu unterst\u00fctzen. Der F\u00f6rderverein der Grundschule Utarp-Ochtersum e.V. hat sich beispielsweise aktiv bei folgenden j\u00e4hrlichen Veranstaltungen eingebracht: Kinderfest in Ochtersum Erntedankfest in Ochtersum Weihnachtsmarkt in Schweindorf Durch Beitr\u00e4ge der Mitglieder, Spenden und Aktivit\u00e4ten konnte die Schule bereits [&hellip;]<\/p>\n","protected":false},"author":9193308,"featured_media":0,"parent":0,"menu_order":0,"comment_status":"closed","ping_status":"closed","template":"","meta":{"footnotes":""},"class_list":["post-90","page","type-page","status-publish","hentry"],"_links":{"self":[{"href":"https:\/\/wordpress.nibis.de\/gsuo\/wp-json\/wp\/v2\/pages\/90","targetHints":{"allow":["GET"]}}],"collection":[{"href":"https:\/\/wordpress.nibis.de\/gsuo\/wp-json\/wp\/v2\/pages"}],"about":[{"href":"https:\/\/wordpress.nibis.de\/gsuo\/wp-json\/wp\/v2\/types\/page"}],"author":[{"embeddable":true,"href":"https:\/\/wordpress.nibis.de\/gsuo\/wp-json\/wp\/v2\/users\/9193308"}],"replies":[{"embeddable":true,"href":"https:\/\/wordpress.nibis.de\/gsuo\/wp-json\/wp\/v2\/comments?post=90"}],"version-history":[{"count":14,"href":"https:\/\/wordpress.nibis.de\/gsuo\/wp-json\/wp\/v2\/pages\/90\/revisions"}],"predecessor-version":[{"id":1183,"href":"https:\/\/wordpress.nibis.de\/gsuo\/wp-json\/wp\/v2\/pages\/90\/revisions\/1183"}],"wp:attachment":[{"href":"https:\/\/wordpress.nibis.de\/gsuo\/wp-json\/wp\/v2\/media?parent=90"}],"curies":[{"name":"wp","href":"https:\/\/api.w.org\/{rel}","templated":true}]}}