{"id":93,"date":"2020-12-20T09:13:26","date_gmt":"2020-12-20T08:13:26","guid":{"rendered":"https:\/\/wordpress.nibis.de\/gsuo\/?page_id=93"},"modified":"2026-03-04T10:29:32","modified_gmt":"2026-03-04T09:29:32","slug":"schulprogramm","status":"publish","type":"page","link":"https:\/\/wordpress.nibis.de\/gsuo\/schulprogramm\/","title":{"rendered":"Leitbild"},"content":{"rendered":"\n<figure class=\"wp-block-image size-large\"><img loading=\"lazy\" decoding=\"async\" width=\"1200\" height=\"675\" src=\"https:\/\/wordpress.nibis.de\/gsuo\/files\/2026\/03\/leitbild-1200x675.png\" alt=\"\" class=\"wp-image-1716\" srcset=\"https:\/\/wordpress.nibis.de\/gsuo\/files\/2026\/03\/leitbild-1200x675.png 1200w, https:\/\/wordpress.nibis.de\/gsuo\/files\/2026\/03\/leitbild-850x478.png 850w\" sizes=\"auto, (max-width: 1200px) 100vw, 1200px\" \/><\/figure>\n\n\n\n<p><\/p>\n\n\n\n<p><strong>\u201eWertsch\u00e4tzend miteinander leben, lernen und wachsen\u201c <\/strong>\u2013 dieser Leitsatz der Grundschule Utarp &#8211; Ochtersum bezieht sich allumfassend auf das ganze Schulleben, auch auf den Ganztag.<\/p>\n\n\n\n<p>Ein achtsames und wertsch\u00e4tzendes Miteinander, das von Verst\u00e4ndnis und Offenheit, von R\u00fccksicht und Freundlichkeit gepr\u00e4gt ist, bildet f\u00fcr uns die Grundlage f\u00fcr das Leben, Lernen und Lehren an der Schule.<\/p>\n\n\n\n<p>Ein Schwerpunkt unserer t\u00e4glichen Arbeit ist, neben dem guten, sch\u00fcleraktiven und handlungsorientierten Unterricht, das F\u00f6rdern von Wachstum an Selbstst\u00e4ndigkeit, sozialem Lernen sowie der F\u00f6rderung und Forderung individueller F\u00e4higkeiten der Kinder.<\/p>\n","protected":false},"excerpt":{"rendered":"<p>\u201eWertsch\u00e4tzend miteinander leben, lernen und wachsen\u201c \u2013 dieser Leitsatz der Grundschule Utarp &#8211; Ochtersum bezieht sich allumfassend auf das ganze Schulleben, auch auf den Ganztag. Ein achtsames und wertsch\u00e4tzendes Miteinander, das von Verst\u00e4ndnis und Offenheit, von R\u00fccksicht und Freundlichkeit gepr\u00e4gt ist, bildet f\u00fcr uns die Grundlage f\u00fcr das Leben, Lernen und Lehren an der Schule. [&hellip;]<\/p>\n","protected":false},"author":9193308,"featured_media":0,"parent":0,"menu_order":0,"comment_status":"closed","ping_status":"closed","template":"","meta":{"footnotes":""},"class_list":["post-93","page","type-page","status-publish","hentry"],"_links":{"self":[{"href":"https:\/\/wordpress.nibis.de\/gsuo\/wp-json\/wp\/v2\/pages\/93","targetHints":{"allow":["GET"]}}],"collection":[{"href":"https:\/\/wordpress.nibis.de\/gsuo\/wp-json\/wp\/v2\/pages"}],"about":[{"href":"https:\/\/wordpress.nibis.de\/gsuo\/wp-json\/wp\/v2\/types\/page"}],"author":[{"embeddable":true,"href":"https:\/\/wordpress.nibis.de\/gsuo\/wp-json\/wp\/v2\/users\/9193308"}],"replies":[{"embeddable":true,"href":"https:\/\/wordpress.nibis.de\/gsuo\/wp-json\/wp\/v2\/comments?post=93"}],"version-history":[{"count":2,"href":"https:\/\/wordpress.nibis.de\/gsuo\/wp-json\/wp\/v2\/pages\/93\/revisions"}],"predecessor-version":[{"id":1717,"href":"https:\/\/wordpress.nibis.de\/gsuo\/wp-json\/wp\/v2\/pages\/93\/revisions\/1717"}],"wp:attachment":[{"href":"https:\/\/wordpress.nibis.de\/gsuo\/wp-json\/wp\/v2\/media?parent=93"}],"curies":[{"name":"wp","href":"https:\/\/api.w.org\/{rel}","templated":true}]}}