{"id":1784,"date":"2019-08-21T14:50:43","date_gmt":"2019-08-21T12:50:43","guid":{"rendered":"https:\/\/wordpress.nibis.de\/gsvienen\/?page_id=1784"},"modified":"2025-05-05T22:24:10","modified_gmt":"2025-05-05T20:24:10","slug":"hinweise-der-fachkonferenzen","status":"publish","type":"page","link":"https:\/\/wordpress.nibis.de\/gsvienen\/hinweise-der-fachkonferenzen\/","title":{"rendered":"Schul-ABC"},"content":{"rendered":"\n<p><span style=\"font-family: comic sans ms,sans-serif\"><span style=\"font-family: tahoma, arial, helvetica, sans-serif\">Mit dem Schul-ABC erhalten Sie eine \u00dcbersicht zu den wichtigen und wiederkehrenden Fragen des Schulalltages. Bitte sprechen Sie uns immer an, sodass wir Ihr Anliegen schnellstm\u00f6glich kl\u00e4ren k\u00f6nnen.<\/span><\/span><\/p>\n\n\n\n<div class=\"wp-block-file\"><a href=\"https:\/\/wordpress.nibis.de\/gsvienen\/files\/2022\/07\/Schul-ABC.pdf\" class=\"wp-block-file__button\" download aria-describedby=\"wp-block-file--media-b9f43bf6-f3e8-40c2-aa14-79a5a605824b\">Herunterladen<\/a><\/div>\n\n\n","protected":false},"excerpt":{"rendered":"<p>Mit dem Schul-ABC erhalten Sie eine \u00dcbersicht zu den wichtigen und wiederkehrenden Fragen des Schulalltages. Bitte sprechen Sie uns immer an, sodass wir Ihr Anliegen schnellstm\u00f6glich kl\u00e4ren k\u00f6nnen.<\/p>\n","protected":false},"author":1286,"featured_media":0,"parent":0,"menu_order":0,"comment_status":"closed","ping_status":"closed","template":"","meta":{"footnotes":""},"class_list":["post-1784","page","type-page","status-publish","hentry","without-featured-image"],"_links":{"self":[{"href":"https:\/\/wordpress.nibis.de\/gsvienen\/wp-json\/wp\/v2\/pages\/1784","targetHints":{"allow":["GET"]}}],"collection":[{"href":"https:\/\/wordpress.nibis.de\/gsvienen\/wp-json\/wp\/v2\/pages"}],"about":[{"href":"https:\/\/wordpress.nibis.de\/gsvienen\/wp-json\/wp\/v2\/types\/page"}],"author":[{"embeddable":true,"href":"https:\/\/wordpress.nibis.de\/gsvienen\/wp-json\/wp\/v2\/users\/1286"}],"replies":[{"embeddable":true,"href":"https:\/\/wordpress.nibis.de\/gsvienen\/wp-json\/wp\/v2\/comments?post=1784"}],"version-history":[{"count":6,"href":"https:\/\/wordpress.nibis.de\/gsvienen\/wp-json\/wp\/v2\/pages\/1784\/revisions"}],"predecessor-version":[{"id":2923,"href":"https:\/\/wordpress.nibis.de\/gsvienen\/wp-json\/wp\/v2\/pages\/1784\/revisions\/2923"}],"wp:attachment":[{"href":"https:\/\/wordpress.nibis.de\/gsvienen\/wp-json\/wp\/v2\/media?parent=1784"}],"curies":[{"name":"wp","href":"https:\/\/api.w.org\/{rel}","templated":true}]}}