{"id":2142,"date":"2021-03-06T13:39:19","date_gmt":"2021-03-06T13:39:19","guid":{"rendered":"https:\/\/wordpress.nibis.de\/gsvienen\/?page_id=2142"},"modified":"2025-08-04T19:45:41","modified_gmt":"2025-08-04T17:45:41","slug":"unkostenbeitraege-fuer-die-schulhalbjahre","status":"publish","type":"page","link":"https:\/\/wordpress.nibis.de\/gsvienen\/unkostenbeitraege-fuer-die-schulhalbjahre\/","title":{"rendered":"Unkostenbeitr\u00e4ge f\u00fcr die Schulhalbjahre"},"content":{"rendered":"\n<div class=\"wp-block-group alignfull\"><div class=\"wp-block-group__inner-container is-layout-flow wp-block-group-is-layout-flow\"><\/div><\/div>\n\n\n\n\n\n<div class=\"wp-block-group alignfull\"><div class=\"wp-block-group__inner-container is-layout-flow wp-block-group-is-layout-flow\">\n<div class=\"wp-block-image is-style-rounded\"><figure class=\"aligncenter size-medium is-resized\"><img loading=\"lazy\" decoding=\"async\" src=\"https:\/\/wordpress.nibis.de\/gsvienen\/files\/2017\/09\/IMG_0128-300x225.jpg\" alt=\"\" class=\"wp-image-1090\" width=\"225\" height=\"169\" \/><\/figure><\/div>\n\n\n\n<h2 class=\"has-text-align-center tw-mt-0 wp-block-heading\"><\/h2>\n\n\n\n<p class=\"has-text-align-left\">Unser Schulleben wird von zahlreichen Aktivit\u00e4ten gepr\u00e4gt. Ausfl\u00fcge zu au\u00dferschulischen Lernorten, Theaterbesuche, der Besuch einer Puppenb\u00fchne in der Schule, die Entdeckertage, Klasse 2000, Klassenfahrten und vieles mehr bereichert den Lernalltag der Sch\u00fclerinnen und Sch\u00fcler.<\/p>\n\n\n\n<p class=\"has-text-align-left\">Um den organisatorischen Aufwand mit den entstehenden Kosten f\u00fcr die Familien und die Klassenlehrerinnen so gering wie m\u00f6glich zu halten, haben sich der Schulelternrat und das Kollegium auf zwei Termine zum Einsammeln der Betr\u00e4ge geeinigt. Mit einer \u00dcberweisung auf das Schulkonto ist eine kontaktfreie und nachvollziehbare Art der Einzahlung m\u00f6glich. Die Einnahmen und Ausgaben werden f\u00fcr jede Klasse separat gef\u00fchrt und k\u00f6nnen von den Elternvertretern jederzeit im Sekretariat eingesehen werden.<\/p>\n\n\n\n<p class=\"has-text-align-left\">Die geplanten Kosten f\u00fcr die jeweiligen Jahrg\u00e4nge finden Sie in der folgenden Tabelle:<\/p>\n\n\n\n<div class=\"wp-block-buttons is-content-justification-center is-layout-flex wp-container-core-buttons-is-layout-16018d1d wp-block-buttons-is-layout-flex\"><\/div>\n<\/div><\/div>\n\n\n\n<div class=\"wp-block-file aligncenter\"><a id=\"wp-block-file--media-66b0f7c9-5e6e-492b-8d5a-ce8dd583b171\" href=\"https:\/\/wordpress.nibis.de\/gsvienen\/files\/2021\/03\/Umlagen-2020-21.pdf\" target=\"_blank\" rel=\"noreferrer noopener\">                                                                      <\/a><a href=\"https:\/\/wordpress.nibis.de\/gsvienen\/files\/2021\/03\/Umlagen-2020-21.pdf\" class=\"wp-block-file__button\" download aria-describedby=\"wp-block-file--media-66b0f7c9-5e6e-492b-8d5a-ce8dd583b171\">Herunterladen<\/a><\/div>\n\n\n\n<p style=\"text-align: left\"><span style=\"font-family: tahoma, arial, helvetica, sans-serif\">Eine j\u00e4hrliche Anpassung kann erfolgen.<\/span> <\/p>\n\n\n","protected":false},"excerpt":{"rendered":"<p>Unser Schulleben wird von zahlreichen Aktivit\u00e4ten gepr\u00e4gt. Ausfl\u00fcge zu au\u00dferschulischen Lernorten, Theaterbesuche, der Besuch einer Puppenb\u00fchne in der Schule, die Entdeckertage, Klasse 2000, Klassenfahrten und vieles mehr bereichert den Lernalltag der Sch\u00fclerinnen und Sch\u00fcler. Um den organisatorischen Aufwand mit den entstehenden Kosten f\u00fcr die Familien und die Klassenlehrerinnen so gering wie m\u00f6glich zu halten, haben &hellip; <a href=\"https:\/\/wordpress.nibis.de\/gsvienen\/unkostenbeitraege-fuer-die-schulhalbjahre\/\" class=\"more-link\">Weiterlesen <span class=\"screen-reader-text\">Unkostenbeitr\u00e4ge f\u00fcr die Schulhalbjahre<\/span><\/a><\/p>\n","protected":false},"author":1286,"featured_media":0,"parent":0,"menu_order":0,"comment_status":"closed","ping_status":"closed","template":"","meta":{"footnotes":""},"class_list":["post-2142","page","type-page","status-publish","hentry","without-featured-image"],"_links":{"self":[{"href":"https:\/\/wordpress.nibis.de\/gsvienen\/wp-json\/wp\/v2\/pages\/2142","targetHints":{"allow":["GET"]}}],"collection":[{"href":"https:\/\/wordpress.nibis.de\/gsvienen\/wp-json\/wp\/v2\/pages"}],"about":[{"href":"https:\/\/wordpress.nibis.de\/gsvienen\/wp-json\/wp\/v2\/types\/page"}],"author":[{"embeddable":true,"href":"https:\/\/wordpress.nibis.de\/gsvienen\/wp-json\/wp\/v2\/users\/1286"}],"replies":[{"embeddable":true,"href":"https:\/\/wordpress.nibis.de\/gsvienen\/wp-json\/wp\/v2\/comments?post=2142"}],"version-history":[{"count":15,"href":"https:\/\/wordpress.nibis.de\/gsvienen\/wp-json\/wp\/v2\/pages\/2142\/revisions"}],"predecessor-version":[{"id":3052,"href":"https:\/\/wordpress.nibis.de\/gsvienen\/wp-json\/wp\/v2\/pages\/2142\/revisions\/3052"}],"wp:attachment":[{"href":"https:\/\/wordpress.nibis.de\/gsvienen\/wp-json\/wp\/v2\/media?parent=2142"}],"curies":[{"name":"wp","href":"https:\/\/api.w.org\/{rel}","templated":true}]}}