{"id":2224,"date":"2021-04-09T11:32:48","date_gmt":"2021-04-09T11:32:48","guid":{"rendered":"https:\/\/wordpress.nibis.de\/gsvienen\/?page_id=2224"},"modified":"2021-04-18T17:33:56","modified_gmt":"2021-04-18T17:33:56","slug":"sport","status":"publish","type":"page","link":"https:\/\/wordpress.nibis.de\/gsvienen\/sport\/","title":{"rendered":"Sport"},"content":{"rendered":"<p><span style=\"font-family: 'comic sans ms', sans-serif\">F\u00fcr das Fach Sport sind die Schuleigenen Arbeitspl\u00e4ne f\u00fcr die Klassen 1 bis 4 in einem Dokument zusammengefasst. Ebenfalls sind die wichtigen Punkte der Bewertung im Arbeitsplan enthalten <a href=\"https:\/\/wordpress.nibis.de\/gsvienen\/files\/2021\/04\/\u00dcberarbeitete-Version-SA-Sport.pdf\" target=\"_blank\" rel=\"noopener noreferrer\"><img loading=\"lazy\" decoding=\"async\" class=\"alignnone size-full wp-image-1055\" src=\"https:\/\/wordpress.nibis.de\/gsvienen\/files\/2017\/08\/doorin2.gif\" alt=\"\" width=\"34\" height=\"33\" \/><\/a> .<\/span><\/p>\n<p><span style=\"font-family: 'comic sans ms', sans-serif\">Zus\u00e4tzlich sind f\u00fcr die wichtigen Kompetenzen entsprechende Raster erarbeitet. Die Raster sind f\u00fcr die Klassen 1\/2 und 3\/4 vorhanden.<\/span><\/p>\n<p><span style=\"font-family: 'comic sans ms', sans-serif\"> Exemplarisch finden Sie hier f\u00fcr die Klasse 1\/2 <a href=\"https:\/\/wordpress.nibis.de\/gsvienen\/files\/2021\/04\/Kompetenzraster-Laufen-Springen-Werfen-ExemplarischJg1_2.pdf\" target=\"_blank\" rel=\"noopener noreferrer\"><img loading=\"lazy\" decoding=\"async\" class=\"alignnone size-full wp-image-1055\" src=\"https:\/\/wordpress.nibis.de\/gsvienen\/files\/2017\/08\/doorin2.gif\" alt=\"\" width=\"34\" height=\"33\" \/><\/a> und die Klasse 3\/4 <a href=\"https:\/\/wordpress.nibis.de\/gsvienen\/files\/2021\/04\/Kompetenzraster-Laufen-Springen-Werfen-3_4.pdf\" target=\"_blank\" rel=\"noopener noreferrer\"><img loading=\"lazy\" decoding=\"async\" class=\"alignnone size-full wp-image-1055\" src=\"https:\/\/wordpress.nibis.de\/gsvienen\/files\/2017\/08\/doorin2.gif\" alt=\"\" width=\"34\" height=\"33\" \/><\/a> die Raster f\u00fcr die Kompetenzen &#8222;Laufen, Springen und Werfen&#8220;.<\/span><\/p>\n<p><span style=\"font-family: 'comic sans ms', sans-serif\">Bei Fragen wenden Sie sich bitte an die Sportlehrerinnen oder die Fachkonferenzleitung.\u00a0<\/span><\/p>\n","protected":false},"excerpt":{"rendered":"<p>F\u00fcr das Fach Sport sind die Schuleigenen Arbeitspl\u00e4ne f\u00fcr die Klassen 1 bis 4 in einem Dokument zusammengefasst. Ebenfalls sind die wichtigen Punkte der Bewertung im Arbeitsplan enthalten . Zus\u00e4tzlich sind f\u00fcr die wichtigen Kompetenzen entsprechende Raster erarbeitet. Die Raster sind f\u00fcr die Klassen 1\/2 und 3\/4 vorhanden. Exemplarisch finden Sie hier f\u00fcr die Klasse &hellip; <a href=\"https:\/\/wordpress.nibis.de\/gsvienen\/sport\/\" class=\"more-link\">Weiterlesen <span class=\"screen-reader-text\">Sport<\/span><\/a><\/p>\n","protected":false},"author":1286,"featured_media":0,"parent":0,"menu_order":0,"comment_status":"closed","ping_status":"closed","template":"","meta":{"footnotes":""},"class_list":["post-2224","page","type-page","status-publish","hentry","without-featured-image"],"_links":{"self":[{"href":"https:\/\/wordpress.nibis.de\/gsvienen\/wp-json\/wp\/v2\/pages\/2224","targetHints":{"allow":["GET"]}}],"collection":[{"href":"https:\/\/wordpress.nibis.de\/gsvienen\/wp-json\/wp\/v2\/pages"}],"about":[{"href":"https:\/\/wordpress.nibis.de\/gsvienen\/wp-json\/wp\/v2\/types\/page"}],"author":[{"embeddable":true,"href":"https:\/\/wordpress.nibis.de\/gsvienen\/wp-json\/wp\/v2\/users\/1286"}],"replies":[{"embeddable":true,"href":"https:\/\/wordpress.nibis.de\/gsvienen\/wp-json\/wp\/v2\/comments?post=2224"}],"version-history":[{"count":11,"href":"https:\/\/wordpress.nibis.de\/gsvienen\/wp-json\/wp\/v2\/pages\/2224\/revisions"}],"predecessor-version":[{"id":2282,"href":"https:\/\/wordpress.nibis.de\/gsvienen\/wp-json\/wp\/v2\/pages\/2224\/revisions\/2282"}],"wp:attachment":[{"href":"https:\/\/wordpress.nibis.de\/gsvienen\/wp-json\/wp\/v2\/media?parent=2224"}],"curies":[{"name":"wp","href":"https:\/\/api.w.org\/{rel}","templated":true}]}}