{"id":2230,"date":"2021-04-09T11:33:53","date_gmt":"2021-04-09T11:33:53","guid":{"rendered":"https:\/\/wordpress.nibis.de\/gsvienen\/?page_id=2230"},"modified":"2021-10-05T15:51:30","modified_gmt":"2021-10-05T13:51:30","slug":"musik","status":"publish","type":"page","link":"https:\/\/wordpress.nibis.de\/gsvienen\/musik\/","title":{"rendered":"Musik"},"content":{"rendered":"\n<p>\u00a0<\/p>\n<p><span style=\"font-family: 'comic sans ms', sans-serif\">F\u00fcr das Fach Musik sind die Schuleigenen Arbeitspl\u00e4ne f\u00fcr die Klassen aktuell in der \u00dcberarbeitung.\u00a0<\/span><span style=\"font-family: 'comic sans ms', sans-serif\">Aus diesem Grund stehen hier noch die urspr\u00fcnglichen Pl\u00e4ne bis auf weiteres zur Einsicht<\/span><\/p>\n<p><span style=\"font-family: 'comic sans ms', sans-serif\">Schuleigene Arbeitspl\u00e4ne der:<\/span><\/p>\n<p><span style=\"font-family: 'comic sans ms', sans-serif\">Klasse 1\u00a0 <a href=\"https:\/\/wordpress.nibis.de\/gsvienen\/files\/2021\/09\/Arbeitsplan-Musk1.pdf\" target=\"_blank\" rel=\"noopener\"><img loading=\"lazy\" decoding=\"async\" class=\"alignnone wp-image-1055 size-full\" src=\"https:\/\/wordpress.nibis.de\/gsvienen\/files\/2017\/08\/doorin2.gif\" alt=\"\" width=\"34\" height=\"33\" \/><\/a>\u00a0 \u00a0 \u00a0 \u00a0 <\/span><span style=\"font-family: 'comic sans ms', sans-serif\">Klasse 2\u00a0 <a href=\"https:\/\/wordpress.nibis.de\/gsvienen\/files\/2021\/09\/Arbeitsplan-Musik2-1.pdf\" target=\"_blank\" rel=\"noopener\"><img loading=\"lazy\" decoding=\"async\" class=\"alignnone wp-image-1055 size-full\" src=\"https:\/\/wordpress.nibis.de\/gsvienen\/files\/2017\/08\/doorin2.gif\" alt=\"\" width=\"34\" height=\"33\" \/><\/a>\u00a0\u00a0\u00a0\u00a0\u00a0\u00a0\u00a0\u00a0\u00a0\u00a0<\/span><span style=\"font-family: 'comic sans ms', sans-serif\">Klasse 3\u00a0 <a href=\"https:\/\/wordpress.nibis.de\/gsvienen\/files\/2021\/09\/Arbeitsplan-Musik3_.pdf\" target=\"_blank\" rel=\"noopener\"><img loading=\"lazy\" decoding=\"async\" class=\"alignnone wp-image-1055 size-full\" src=\"https:\/\/wordpress.nibis.de\/gsvienen\/files\/2017\/08\/doorin2.gif\" alt=\"\" width=\"34\" height=\"33\" \/><\/a>\u00a0\u00a0\u00a0\u00a0\u00a0\u00a0\u00a0\u00a0\u00a0\u00a0<\/span><span style=\"font-family: 'comic sans ms', sans-serif\">Klasse 4\u00a0 <a href=\"https:\/\/wordpress.nibis.de\/gsvienen\/files\/2021\/09\/Arbeitsplan-Musik4_.pdf\" target=\"_blank\" rel=\"noopener\"><img loading=\"lazy\" decoding=\"async\" class=\"alignnone size-full wp-image-1055\" src=\"https:\/\/wordpress.nibis.de\/gsvienen\/files\/2017\/08\/doorin2.gif\" alt=\"\" width=\"34\" height=\"33\" \/><\/a><\/span><\/p>\n<p><span style=\"font-family: 'comic sans ms', sans-serif\">Ma\u00dfst\u00e4be der Bewertung\u00a0 <a href=\"https:\/\/wordpress.nibis.de\/gsvienen\/files\/2017\/08\/doorin2.gif\"><img loading=\"lazy\" decoding=\"async\" class=\"alignnone size-full wp-image-1055\" src=\"https:\/\/wordpress.nibis.de\/gsvienen\/files\/2017\/08\/doorin2.gif\" alt=\"\" width=\"34\" height=\"33\" \/><\/a><\/span><\/p>\n<p><span style=\"font-family: 'comic sans ms', sans-serif\">Chorklassenarbeit an unserer Schule<\/span><\/p>\n<p><span style=\"font-family: 'comic sans ms', sans-serif\">Mit Beginn des Schuljahres 2013\/14 wurde eine Chorklasse an unserer Schule eingerichtet. Hierbei handelt es sich um eine Form des Klassenmusizierens, bei der das Singen in den Mittelpunkt des Unterrichts gestellt wird. \u00dcber das Medium des Singens sind nahezu alle n\u00f6tigen Inhalte eines zeitgem\u00e4\u00dfen Musikunterrichts zu vermitteln- und das mit dem Anspruch, die junge Stimme \u00fcber kindgerechte Stimmbildung allm\u00e4hlich zu sauberer Intonation und sch\u00f6nem Klang heranreifen zu lassen.<\/span><\/p>\n<p><span style=\"font-family: 'comic sans ms', sans-serif\">Hier finden Sie allgemeine Informationen zur Chorklassenarbeit <a href=\"https:\/\/wordpress.nibis.de\/gsvienen\/files\/2021\/10\/Die-Chorklasse-an-unserer-Schule.pdf\" target=\"_blank\" rel=\"noopener\"><img loading=\"lazy\" decoding=\"async\" class=\"alignnone size-full wp-image-1055\" src=\"https:\/\/wordpress.nibis.de\/gsvienen\/files\/2017\/08\/doorin2.gif\" alt=\"\" width=\"34\" height=\"33\" \/><\/a> und die Arbeitspl\u00e4ne der entsprechenden Jahrg\u00e4nge:\u00a0<\/span><\/p>\n<p><span style=\"font-family: 'comic sans ms', sans-serif\">Klasse 1\u00a0 <a href=\"https:\/\/wordpress.nibis.de\/gsvienen\/files\/2021\/10\/Arbeitsplan-Chorklasse-Klasse1.pdf\" target=\"_blank\" rel=\"noopener\"><img loading=\"lazy\" decoding=\"async\" class=\"alignnone wp-image-1055 size-full\" src=\"https:\/\/wordpress.nibis.de\/gsvienen\/files\/2017\/08\/doorin2.gif\" alt=\"\" width=\"34\" height=\"33\" \/><\/a>\u00a0 \u00a0 \u00a0 \u00a0 \u00a0<\/span><span style=\"font-family: 'comic sans ms', sans-serif\">Klasse 2\u00a0 <a href=\"https:\/\/wordpress.nibis.de\/gsvienen\/files\/2021\/10\/Arbeitsplan-Chorklasse-klasse2.pdf\" target=\"_blank\" rel=\"noopener\"><img loading=\"lazy\" decoding=\"async\" class=\"alignnone wp-image-1055 size-full\" src=\"https:\/\/wordpress.nibis.de\/gsvienen\/files\/2017\/08\/doorin2.gif\" alt=\"\" width=\"34\" height=\"33\" \/><\/a>\u00a0\u00a0\u00a0\u00a0\u00a0\u00a0\u00a0\u00a0\u00a0\u00a0<\/span><span style=\"font-family: 'comic sans ms', sans-serif\">Klasse 3\u00a0 <a href=\"https:\/\/wordpress.nibis.de\/gsvienen\/files\/2021\/10\/Arbeitsplan-Chorklasse-klasse3.pdf\" target=\"_blank\" rel=\"noopener\"><img loading=\"lazy\" decoding=\"async\" class=\"alignnone wp-image-1055 size-full\" src=\"https:\/\/wordpress.nibis.de\/gsvienen\/files\/2017\/08\/doorin2.gif\" alt=\"\" width=\"34\" height=\"33\" \/><\/a>\u00a0\u00a0\u00a0\u00a0\u00a0\u00a0\u00a0\u00a0\u00a0\u00a0<\/span><span style=\"font-family: 'comic sans ms', sans-serif\">Klasse 4\u00a0 <a href=\"https:\/\/wordpress.nibis.de\/gsvienen\/files\/2021\/10\/Arbeitsplan-Chorklasse-klasse4.pdf\" target=\"_blank\" rel=\"noopener\"><img loading=\"lazy\" decoding=\"async\" class=\"alignnone size-full wp-image-1055\" src=\"https:\/\/wordpress.nibis.de\/gsvienen\/files\/2017\/08\/doorin2.gif\" alt=\"\" width=\"34\" height=\"33\" \/><\/a><\/span><\/p>\n<p>\u00a0<\/p>\n<p>\u00a0<\/p>\n<p>\u00a0<\/p>\n<p>\u00a0<\/p>\n<p>\u00a0<\/p>\n","protected":false},"excerpt":{"rendered":"<p>\u00a0 F\u00fcr das Fach Musik sind die Schuleigenen Arbeitspl\u00e4ne f\u00fcr die Klassen aktuell in der \u00dcberarbeitung.\u00a0Aus diesem Grund stehen hier noch die urspr\u00fcnglichen Pl\u00e4ne bis auf weiteres zur Einsicht Schuleigene Arbeitspl\u00e4ne der: Klasse 1\u00a0 \u00a0 \u00a0 \u00a0 \u00a0 Klasse 2\u00a0 \u00a0\u00a0\u00a0\u00a0\u00a0\u00a0\u00a0\u00a0\u00a0\u00a0Klasse 3\u00a0 \u00a0\u00a0\u00a0\u00a0\u00a0\u00a0\u00a0\u00a0\u00a0\u00a0Klasse 4\u00a0 Ma\u00dfst\u00e4be der Bewertung\u00a0 Chorklassenarbeit an unserer Schule Mit Beginn des Schuljahres &hellip; <a href=\"https:\/\/wordpress.nibis.de\/gsvienen\/musik\/\" class=\"more-link\">Weiterlesen <span class=\"screen-reader-text\">Musik<\/span><\/a><\/p>\n","protected":false},"author":1286,"featured_media":0,"parent":0,"menu_order":0,"comment_status":"closed","ping_status":"closed","template":"","meta":{"footnotes":""},"class_list":["post-2230","page","type-page","status-publish","hentry","without-featured-image"],"_links":{"self":[{"href":"https:\/\/wordpress.nibis.de\/gsvienen\/wp-json\/wp\/v2\/pages\/2230","targetHints":{"allow":["GET"]}}],"collection":[{"href":"https:\/\/wordpress.nibis.de\/gsvienen\/wp-json\/wp\/v2\/pages"}],"about":[{"href":"https:\/\/wordpress.nibis.de\/gsvienen\/wp-json\/wp\/v2\/types\/page"}],"author":[{"embeddable":true,"href":"https:\/\/wordpress.nibis.de\/gsvienen\/wp-json\/wp\/v2\/users\/1286"}],"replies":[{"embeddable":true,"href":"https:\/\/wordpress.nibis.de\/gsvienen\/wp-json\/wp\/v2\/comments?post=2230"}],"version-history":[{"count":18,"href":"https:\/\/wordpress.nibis.de\/gsvienen\/wp-json\/wp\/v2\/pages\/2230\/revisions"}],"predecessor-version":[{"id":2424,"href":"https:\/\/wordpress.nibis.de\/gsvienen\/wp-json\/wp\/v2\/pages\/2230\/revisions\/2424"}],"wp:attachment":[{"href":"https:\/\/wordpress.nibis.de\/gsvienen\/wp-json\/wp\/v2\/media?parent=2230"}],"curies":[{"name":"wp","href":"https:\/\/api.w.org\/{rel}","templated":true}]}}