{"id":23,"date":"2016-12-12T20:32:44","date_gmt":"2016-12-12T19:32:44","guid":{"rendered":"http:\/\/wordpress.nibis.de\/gsvienen\/?page_id=23"},"modified":"2025-06-24T13:22:30","modified_gmt":"2025-06-24T11:22:30","slug":"elternverein","status":"publish","type":"page","link":"https:\/\/wordpress.nibis.de\/gsvienen\/elternverein\/","title":{"rendered":"Elternverein"},"content":{"rendered":"<p style=\"text-align: center\"><span style=\"font-size: 14pt;font-family: tahoma, arial, helvetica, sans-serif\">Erreichbarkeit per Mail\u00a0<strong><br \/><\/strong><\/span><\/p>\n<p style=\"text-align: center\"><span style=\"font-family: tahoma, arial, helvetica, sans-serif\"><a href=\"mai&#108;&#116;&#111;&#x3a;&#x65;&#x6c;&#x74;&#x65;&#x72;nve&#114;&#101;&#105;&#110;&#x2e;&#x67;&#x73;&#x76;&#x69;&#x65;nen&#98;&#117;&#114;&#x67;&#x40;&#x67;&#x73;&#x76;&#x69;ene&#110;&#98;&#117;&#114;&#x67;&#x2e;&#x64;&#x65;\"><span style=\"font-size: 14pt\"><u>&#x65;&#x6c;&#116;&#101;r&#x6e;&#x76;&#x65;&#114;&#101;i&#x6e;&#x2e;&#x67;&#115;&#118;i&#x65;&#x6e;&#x65;&#110;&#98;u&#x72;&#x67;&#x40;&#103;sv&#x69;&#x65;&#x6e;&#101;nb&#x75;&#x72;&#103;&#46;de<\/u><\/span><\/a><\/span><\/p>\n<p style=\"text-align: center\">\u00a0<\/p>\n<p><strong><span style=\"font-family: tahoma, arial, helvetica, sans-serif\">Wer sind wir?<\/span><\/strong><\/p>\n<p><span style=\"font-family: tahoma, arial, helvetica, sans-serif\">Unseren Verein gibt es seit 1971.\u00a0 Ein Gro\u00dfteil unserer Mitglieder setzt sich aus den Eltern der Grundsch\u00fcler zusammen.<\/span><\/p>\n<p><strong><span style=\"font-family: tahoma, arial, helvetica, sans-serif\">Gibt es Vertreter f\u00fcr den Elternverein?<\/span><\/strong><\/p>\n<p><span style=\"font-family: tahoma, arial, helvetica, sans-serif\">Zu Beginn eines Schuljahres werden aus jeder Klasse 2 Elternvertreter f\u00fcr unseren Verein f\u00fcr zwei Jahre gew\u00e4hlt. Diese sind Ihre \u201edirekten\u201c Ansprechpartner. \u00dcber sie erfahren Sie alles, was wir auf den Elternvereinssitzungen besprechen und alles \u00fcber unsere Vorhaben.<\/span><\/p>\n<p><span style=\"font-family: tahoma, arial, helvetica, sans-serif\"><strong>Was tun wir?<\/strong><\/span><\/p>\n<p><span style=\"font-family: tahoma, arial, helvetica, sans-serif\">Wir als Verein habe es uns zum Ziel gemacht, das \u201eschulische Leben\u201c zu f\u00f6rdern und zu unterst\u00fctzen, indem wir unsere finanziellen Mittel f\u00fcr Dinge aufwenden, f\u00fcr die kein oder nicht ausreichend Geld vom Schultr\u00e4ger zur Verf\u00fcgung steht. Zum Beispiel Spielger\u00e4te f\u00fcr die Pausen, B\u00fccher f\u00fcr Klassenb\u00fccher-Kisten und vieles mehr. Wir unterst\u00fctzen finanziell die Klassenfahrten unserer Sch\u00fcler, die Projektwochen, Theaterbesuche sowie Ausstattung f\u00fcr den Schulalltag. Wir organisieren j\u00e4hrlich ein Schulfest, die Verk\u00f6stigungen bei allen Schulveranstaltungen und die Faschingsfeier (im Wechsel mit der Lehrerschaft).<\/span><\/p>\n<p><span style=\"font-family: tahoma, arial, helvetica, sans-serif\">Und was w\u00e4re das j\u00e4hrlich statt findende Spiel- und Sportfest ohne die hei\u00df begehrte Quarkspeise? Deren Rezept ist allerdings streng geheim und wird nur an wenige Auserw\u00e4hlte weiter gegeben!!!<\/span><\/p>\n<p><span style=\"font-family: tahoma, arial, helvetica, sans-serif\"><strong>Woher bekommen wir das Geld?<\/strong><\/span><\/p>\n<p><span style=\"font-family: tahoma, arial, helvetica, sans-serif\">Im Gro\u00dfen und Ganzen arbeiten wir mit unseren <strong>Mitgliedsbeitr\u00e4gen<\/strong> und nat\u00fcrlich unterst\u00fctzen Sie unsere Vorhaben auch mit Ihren kleinen und gro\u00dfen Spenden. Als gemeinn\u00fctzig anerkannter Verein sind wir berechtigt, Ihnen aus Anfrage eine Spendenquittung auszustellen.<\/span><\/p>\n<p><span style=\"font-family: tahoma, arial, helvetica, sans-serif\"><strong>Wie werde ich Mitglied?<\/strong><\/span><\/p>\n<p><span style=\"font-family: tahoma, arial, helvetica, sans-serif\">Durch die Zahlung des Mitgliedsbeitrages in H\u00f6he von nur<strong>\u00a0 12 \u20ac\u00a0<\/strong>(pro Schuljahr\/pro Familie) werden Sie f\u00fcr 1 Schuljahr Mitglied.<\/span><\/p>\n<p><span style=\"font-family: tahoma, arial, helvetica, sans-serif\">Spenden und Mitgliedsbeitr\u00e4ge k\u00f6nnen Sie auf folgendes Konto einzahlen:<\/span><\/p>\n<p><span style=\"font-family: tahoma, arial, helvetica, sans-serif\">Elternverein der Grundschule Vienenburg<\/span><\/p>\n<p><span style=\"font-family: tahoma, arial, helvetica, sans-serif\">Volksbank Nordharz<\/span><\/p>\n<p><span style=\"font-family: tahoma, arial, helvetica, sans-serif\">IBAN <strong>DE34 2689 0019 0080 9870 00<\/strong><\/span><\/p>\n<p><span style=\"font-family: tahoma, arial, helvetica, sans-serif\">BIC <strong>GENODEF1VNH<\/strong><\/span><\/p>\n<p><span style=\"font-family: tahoma, arial, helvetica, sans-serif\"><strong>Oder: Sie bringen den Mitgliedsbeitrag einfach zu Ihrem 1. Elternabend des neuen Schuljahres mit.<\/strong><strong>\u00a0<\/strong><\/span><\/p>\n<p><span style=\"font-family: tahoma, arial, helvetica, sans-serif\"><strong>F\u00fcr Fragen W\u00fcnsche und Anregungen sind wir immer offen und dankbar! Der Vorstand<\/strong><\/span><\/p>\n\n","protected":false},"excerpt":{"rendered":"<p>Erreichbarkeit per Mail\u00a0 elt&#101;&#114;&#110;&#x76;&#x65;&#x72;&#x65;&#x69;&#x6e;&#46;gs&#118;&#105;&#101;&#110;&#x65;&#x6e;&#x62;&#x75;&#x72;&#x67;&#64;gs&#118;&#105;&#101;&#x6e;&#x65;&#x6e;&#x62;&#x75;&#x72;g&#46;d&#101; \u00a0 Wer sind wir? Unseren Verein gibt es seit 1971.\u00a0 Ein Gro\u00dfteil unserer Mitglieder setzt sich aus den Eltern der Grundsch\u00fcler zusammen. Gibt es Vertreter f\u00fcr den Elternverein? Zu Beginn eines Schuljahres werden aus jeder Klasse 2 Elternvertreter f\u00fcr unseren Verein f\u00fcr zwei Jahre gew\u00e4hlt. Diese sind Ihre \u201edirekten\u201c Ansprechpartner. \u00dcber &hellip; <a href=\"https:\/\/wordpress.nibis.de\/gsvienen\/elternverein\/\" class=\"more-link\">Weiterlesen <span class=\"screen-reader-text\">Elternverein<\/span><\/a><\/p>\n","protected":false},"author":1286,"featured_media":0,"parent":0,"menu_order":0,"comment_status":"closed","ping_status":"closed","template":"","meta":{"footnotes":""},"class_list":["post-23","page","type-page","status-publish","hentry","without-featured-image"],"_links":{"self":[{"href":"https:\/\/wordpress.nibis.de\/gsvienen\/wp-json\/wp\/v2\/pages\/23","targetHints":{"allow":["GET"]}}],"collection":[{"href":"https:\/\/wordpress.nibis.de\/gsvienen\/wp-json\/wp\/v2\/pages"}],"about":[{"href":"https:\/\/wordpress.nibis.de\/gsvienen\/wp-json\/wp\/v2\/types\/page"}],"author":[{"embeddable":true,"href":"https:\/\/wordpress.nibis.de\/gsvienen\/wp-json\/wp\/v2\/users\/1286"}],"replies":[{"embeddable":true,"href":"https:\/\/wordpress.nibis.de\/gsvienen\/wp-json\/wp\/v2\/comments?post=23"}],"version-history":[{"count":41,"href":"https:\/\/wordpress.nibis.de\/gsvienen\/wp-json\/wp\/v2\/pages\/23\/revisions"}],"predecessor-version":[{"id":2985,"href":"https:\/\/wordpress.nibis.de\/gsvienen\/wp-json\/wp\/v2\/pages\/23\/revisions\/2985"}],"wp:attachment":[{"href":"https:\/\/wordpress.nibis.de\/gsvienen\/wp-json\/wp\/v2\/media?parent=23"}],"curies":[{"name":"wp","href":"https:\/\/api.w.org\/{rel}","templated":true}]}}