{"id":26,"date":"2016-12-12T20:34:29","date_gmt":"2016-12-12T19:34:29","guid":{"rendered":"http:\/\/wordpress.nibis.de\/gsvienen\/?page_id=26"},"modified":"2025-06-23T14:06:26","modified_gmt":"2025-06-23T12:06:26","slug":"downloads","status":"publish","type":"page","link":"https:\/\/wordpress.nibis.de\/gsvienen\/downloads\/","title":{"rendered":"Downloads"},"content":{"rendered":"<p><span style=\"font-family: tahoma, arial, helvetica, sans-serif;font-size: 14pt\">Hier finden Sie Informationen und Unterlagen zum Herunterladen als PDF.<\/span><\/p>\n<p><span style=\"font-family: tahoma, arial, helvetica, sans-serif\"><a href=\"https:\/\/wordpress.nibis.de\/gsvienen\/files\/2024\/06\/MensaMax.pdf\" target=\"_blank\" rel=\"noopener\">MensaMax Anmeldung<\/a><\/span><\/p>\n<p><span style=\"font-family: tahoma, arial, helvetica, sans-serif\"><a href=\"https:\/\/wordpress.nibis.de\/gsvienen\/files\/2019\/03\/Vorlage-WEB-Sch\u00fcleraufnahmebogen-neu.pdf\" target=\"_blank\" rel=\"noopener noreferrer\">Sch\u00fcleraufnahmebogen<\/a><\/span><\/p>\n<p><span style=\"font-family: tahoma, arial, helvetica, sans-serif\"><a href=\"https:\/\/wordpress.nibis.de\/gsvienen\/files\/2024\/06\/Abfage-Ganztag-1.pdf\" target=\"_blank\" rel=\"noopener\">Anmeldung Ganztagsschule f\u00fcr 2024 &#8211; 2025<\/a><\/span><\/p>\n<p><span style=\"font-family: tahoma, arial, helvetica, sans-serif;font-size: 14pt\"><a href=\"https:\/\/wordpress.nibis.de\/gsvienen\/files\/2019\/03\/Ver\u00f6ffentlichung-Fotos.pdf\" target=\"_blank\" rel=\"noopener noreferrer\">Ver\u00f6ffentlichung Fotos auf der Homepage<\/a> <\/span><\/p>\n<p><span style=\"font-family: tahoma, arial, helvetica, sans-serif\"><a href=\"https:\/\/wordpress.nibis.de\/gsvienen\/files\/2019\/03\/Ver\u00f6ffentlichung-Fotos-Zeitung-.pdf\" target=\"_blank\" rel=\"noopener noreferrer\"><span style=\"font-size: 14pt\">Ver\u00f6ffentlichung Fotos in der Zeitung\u00a0<\/span><\/a><\/span><\/p>\n<p><span style=\"font-family: tahoma, arial, helvetica, sans-serif;font-size: 14pt\"><a href=\"http:\/\/wordpress.nibis.de\/gsvienen\/files\/2016\/12\/Beurlaubung-vom-Schulbesuch.pdf\" target=\"_blank\" rel=\"noopener noreferrer\">Beurlaubung vom Schulbesuch<\/a><\/span><\/p>\n<p><span style=\"font-family: tahoma, arial, helvetica, sans-serif;font-size: 14pt\"><a href=\"https:\/\/wordpress.nibis.de\/gsvienen\/files\/2023\/08\/Anlage_Antragsvordruck_Unterrichtsbefreiung.pdf\" target=\"_blank\" rel=\"noopener\">Antragsvordruck Unterrichtsbefreiung kirchliche Feiertage<\/a><\/span><\/p>\n<p><span style=\"font-family: tahoma, arial, helvetica, sans-serif\"><a href=\"http:\/\/wordpress.nibis.de\/gsvienen\/files\/2016\/12\/Schlechtwetterbrief.pdf\" target=\"_blank\" rel=\"noopener noreferrer\"><span style=\"font-size: 14pt\">Informationen bei extremen Witterungsverh\u00e4ltnissen<\/span><\/a><\/span><\/p>\n<p><span style=\"font-family: tahoma, arial, helvetica, sans-serif;font-size: 14pt\"><a href=\"http:\/\/wordpress.nibis.de\/gsvienen\/files\/2016\/12\/Schweigepflichtsentbindung-.pdf\" target=\"_blank\" rel=\"noopener noreferrer\">Schweigepflichtentbindung<\/a><\/span><\/p>\n<p><span style=\"font-family: tahoma, arial, helvetica, sans-serif\"><a href=\"http:\/\/wordpress.nibis.de\/gsvienen\/files\/2017\/03\/Schulwegeplan-ab-2016.pdf\" target=\"_blank\" rel=\"noopener noreferrer\"><span style=\"font-size: 14pt\">Schulwegsicherheit &#8211; Schulwegeplan<\/span><\/a><\/span><\/p>\n<p><span style=\"font-family: tahoma, arial, helvetica, sans-serif;font-size: 14pt\"><a href=\"http:\/\/wordpress.nibis.de\/gsvienen\/files\/2016\/12\/Sorgeberechtigung.pdf\" target=\"_blank\" rel=\"noopener noreferrer\"><span style=\"font-family: tahoma, arial, helvetica, sans-serif\">Sorgeberechtigung<\/span><\/a><\/span><\/p>\n\n","protected":false},"excerpt":{"rendered":"<p>Hier finden Sie Informationen und Unterlagen zum Herunterladen als PDF. MensaMax Anmeldung Sch\u00fcleraufnahmebogen Anmeldung Ganztagsschule f\u00fcr 2024 &#8211; 2025 Ver\u00f6ffentlichung Fotos auf der Homepage Ver\u00f6ffentlichung Fotos in der Zeitung\u00a0 Beurlaubung vom Schulbesuch Antragsvordruck Unterrichtsbefreiung kirchliche Feiertage Informationen bei extremen Witterungsverh\u00e4ltnissen Schweigepflichtentbindung Schulwegsicherheit &#8211; Schulwegeplan Sorgeberechtigung<\/p>\n","protected":false},"author":1286,"featured_media":0,"parent":0,"menu_order":0,"comment_status":"closed","ping_status":"closed","template":"","meta":{"footnotes":""},"class_list":["post-26","page","type-page","status-publish","hentry","without-featured-image"],"_links":{"self":[{"href":"https:\/\/wordpress.nibis.de\/gsvienen\/wp-json\/wp\/v2\/pages\/26","targetHints":{"allow":["GET"]}}],"collection":[{"href":"https:\/\/wordpress.nibis.de\/gsvienen\/wp-json\/wp\/v2\/pages"}],"about":[{"href":"https:\/\/wordpress.nibis.de\/gsvienen\/wp-json\/wp\/v2\/types\/page"}],"author":[{"embeddable":true,"href":"https:\/\/wordpress.nibis.de\/gsvienen\/wp-json\/wp\/v2\/users\/1286"}],"replies":[{"embeddable":true,"href":"https:\/\/wordpress.nibis.de\/gsvienen\/wp-json\/wp\/v2\/comments?post=26"}],"version-history":[{"count":49,"href":"https:\/\/wordpress.nibis.de\/gsvienen\/wp-json\/wp\/v2\/pages\/26\/revisions"}],"predecessor-version":[{"id":2960,"href":"https:\/\/wordpress.nibis.de\/gsvienen\/wp-json\/wp\/v2\/pages\/26\/revisions\/2960"}],"wp:attachment":[{"href":"https:\/\/wordpress.nibis.de\/gsvienen\/wp-json\/wp\/v2\/media?parent=26"}],"curies":[{"name":"wp","href":"https:\/\/api.w.org\/{rel}","templated":true}]}}