{"id":2773,"date":"2024-12-11T14:06:14","date_gmt":"2024-12-11T13:06:14","guid":{"rendered":"https:\/\/wordpress.nibis.de\/gsvienen\/?page_id=2773"},"modified":"2025-05-05T23:36:41","modified_gmt":"2025-05-05T21:36:41","slug":"kooperationen","status":"publish","type":"page","link":"https:\/\/wordpress.nibis.de\/gsvienen\/kooperationen\/","title":{"rendered":"Kooperationen"},"content":{"rendered":"\n<div class=\"wp-block-group alignfull\"><div class=\"wp-block-group__inner-container is-layout-flow wp-block-group-is-layout-flow\">\n<div class=\"wp-block-image is-style-tw-rounded-corners\"><figure class=\"aligncenter size-full is-resized\"><img loading=\"lazy\" decoding=\"async\" src=\"https:\/\/wordpress.nibis.de\/gsvienen\/files\/2025\/05\/Antolin_Grafik_1.jpg\" alt=\"\" class=\"wp-image-2930\" width=\"88\" height=\"125\" srcset=\"https:\/\/wordpress.nibis.de\/gsvienen\/files\/2025\/05\/Antolin_Grafik_1.jpg 351w, https:\/\/wordpress.nibis.de\/gsvienen\/files\/2025\/05\/Antolin_Grafik_1-210x300.jpg 210w, https:\/\/wordpress.nibis.de\/gsvienen\/files\/2025\/05\/Antolin_Grafik_1-266x380.jpg 266w\" sizes=\"auto, (max-width: 88px) 100vw, 88px\" \/><\/figure><\/div>\n\n\n\n<h2 class=\"has-text-align-center tw-mt-0 wp-block-heading\">Antolin<\/h2>\n\n\n\n<p class=\"has-text-align-left\">Die Kinder der GS Vienenburg haben alle ein Benutzerkonto, um sich am Online-Portal zur Lesef\u00f6rderung\u00a0\u00a0\u201cAntolin\u201d anzumelden. Hier haben sie die M\u00f6glichkeit, Quizfragen zu Kinder- und Jugendb\u00fcchern und zu den Schulleseb\u00fcchern online zu beantworten. Individuell k\u00f6nnen M\u00e4dchen und Jungen entsprechend der eigenen Lesef\u00e4higkeiten sowohl w\u00e4hrend der Schulzeit oder zu Hause Fragen zu bereits gelesenen Texten beantworten.\u00a0Antolin bietet unseren Lehrkr\u00e4ften aussagekr\u00e4ftige Informationen zum Textverst\u00e4ndnis und zur Leseleistung ihrer Sch\u00fcler\/-innen.\u00a0Die Ergebnisse der Klassen werden viertelj\u00e4hrlich aktualisiert im Eingangsbereich der Schule ver\u00f6ffentlicht.<\/p>\n<\/div><\/div>\n\n\n\n<div class=\"wp-block-buttons is-content-justification-space-between is-layout-flex wp-container-core-buttons-is-layout-3d213aab wp-block-buttons-is-layout-flex\"><\/div>\n\n\n\n<div class=\"wp-block-columns is-layout-flex wp-container-core-columns-is-layout-abceabcf wp-block-columns-is-layout-flex\">\n<div class=\"wp-block-column is-layout-flow wp-block-column-is-layout-flow\"><\/div>\n<\/div>\n\n\n\n<div class=\"wp-block-buttons is-layout-flex wp-block-buttons-is-layout-flex\">\n<div class=\"wp-block-button has-custom-font-size is-style-fill has-small-font-size\"><a class=\"wp-block-button__link\" href=\"https:\/\/antolin.westermann.de\/\" target=\"_blank\" rel=\"noreferrer noopener\">Direkt zu Antolin<\/a><\/div>\n<\/div>\n\n\n\n<div class=\"wp-block-columns is-layout-flex wp-container-core-columns-is-layout-abceabcf wp-block-columns-is-layout-flex\">\n<div class=\"wp-block-column is-layout-flow wp-block-column-is-layout-flow\">\n<div class=\"wp-block-columns is-layout-flex wp-container-core-columns-is-layout-abceabcf wp-block-columns-is-layout-flex\">\n<div class=\"wp-block-column is-layout-flow wp-block-column-is-layout-flow\"><\/div>\n<\/div>\n<\/div>\n<\/div>\n\n\n\n<div class=\"wp-block-columns is-layout-flex wp-container-core-columns-is-layout-abceabcf wp-block-columns-is-layout-flex\">\n<div class=\"wp-block-column is-layout-flow wp-block-column-is-layout-flow\"><\/div>\n<\/div>\n\n\n\n<p><\/p>\n\n\n\n<div class=\"wp-block-group alignfull\"><div class=\"wp-block-group__inner-container is-layout-flow wp-block-group-is-layout-flow\">\n<div class=\"wp-block-image is-style-tw-rounded-corners\"><figure class=\"aligncenter size-full is-resized\"><img loading=\"lazy\" decoding=\"async\" src=\"https:\/\/wordpress.nibis.de\/gsvienen\/files\/2025\/05\/storytelling-4203628_640.jpg\" alt=\"\" class=\"wp-image-2931\" width=\"320\" height=\"180\" srcset=\"https:\/\/wordpress.nibis.de\/gsvienen\/files\/2025\/05\/storytelling-4203628_640.jpg 640w, https:\/\/wordpress.nibis.de\/gsvienen\/files\/2025\/05\/storytelling-4203628_640-300x169.jpg 300w\" sizes=\"auto, (max-width: 320px) 100vw, 320px\" \/><figcaption><sub>https:\/\/pixabay.com\/illustrations\/storytelling-fantasy-imagination-4203628\/<\/sub><\/figcaption><\/figure><\/div>\n\n\n\n<div class=\"wp-block-buttons is-layout-flex wp-block-buttons-is-layout-flex\"><\/div>\n\n\n\n<h2 class=\"has-text-align-center tw-mt-0 wp-block-heading\">Lesen macht Spa\u00df &#8211; ein Projekt der B\u00fcrgerstiftung<\/h2>\n\n\n\n<p class=\"has-text-align-left\">Lesepaten besuchen unsere Schule, um mit Kindern zu lesen. Das Projekt basiert auf dem Engagement der B\u00fcrgerstiftung. Die Paten begleiten f\u00fcr ein Schuljahr eine Gruppe von Sch\u00fclerinnen und Sch\u00fclern, mit denen Sie w\u00f6chentlich gemeinsam lesen. Spa\u00df und Freude kommen dabei, dank des hohen pers\u00f6nlichen Einsatzes der Paten, nicht zu kurz. Wir danken ganz herzlich der B\u00fcrgerstiftung und den Paten f\u00fcr die Kontinuit\u00e4t bei der Durchf\u00fchrung des Projektes und freuen uns auf die weitere Zusammenarbeit. Auf der Seite der B\u00fcrgerstiftung k\u00f6nnen Sie sich \u00fcber dieses oder andere Projekte informieren. <\/p>\n<\/div><\/div>\n\n\n\n<p><\/p>\n\n\n\n<div class=\"wp-block-columns is-layout-flex wp-container-core-columns-is-layout-abceabcf wp-block-columns-is-layout-flex\">\n<div class=\"wp-block-column is-layout-flow wp-block-column-is-layout-flow\">\n<div class=\"wp-block-columns is-layout-flex wp-container-core-columns-is-layout-abceabcf wp-block-columns-is-layout-flex\">\n<div class=\"wp-block-column is-layout-flow wp-block-column-is-layout-flow\">\n<div class=\"wp-block-buttons is-layout-flex wp-block-buttons-is-layout-flex\">\n<div class=\"wp-block-button has-custom-font-size is-style-fill has-small-font-size\"><a class=\"wp-block-button__link\" href=\"https:\/\/buergerstiftung-goslar.de\/projekte\/alle-projekte\/\" target=\"_blank\" rel=\"noreferrer noopener\">Mehr erfahren<\/a><\/div>\n<\/div>\n<\/div>\n<\/div>\n<\/div>\n<\/div>\n\n\n\n<p><\/p>\n\n\n\n<div class=\"wp-block-group alignfull\"><div class=\"wp-block-group__inner-container is-layout-flow wp-block-group-is-layout-flow\">\n<h2 class=\"has-text-align-center tw-mt-0 wp-block-heading\">Klasse 2000<\/h2>\n\n\n\n<div class=\"wp-block-image is-style-tw-rounded-corners\"><figure class=\"aligncenter size-full is-resized\"><img loading=\"lazy\" decoding=\"async\" src=\"https:\/\/wordpress.nibis.de\/gsvienen\/files\/2025\/05\/klasse2000-banner-01-240x200px.jpg\" alt=\"\" class=\"wp-image-2926\" width=\"120\" height=\"100\" \/><\/figure><\/div>\n\n\n\n<p>An unserer Grundschule nehmen alle Klassen an dem Gesundheitsprogramm &#8222;Klasse 2000&#8220; teil.<\/p>\n\n\n\n<h5 class=\"wp-block-heading\">\u201cGesund, stark und selbstbewusst \u2013 so sollen Kinder aufwachsen. Dabei unterst\u00fctzt sie Klasse2000, das in Deutschland am weitesten verbreitete Unterrichtsprogramm zur Gesundheitsf\u00f6rderung, Sucht- und Gewaltvorbeugung in der Grundschule.\u201d<\/h5>\n\n\n\n<p>Sowohl den Eltern als auch der Unterst\u00fctzung des Lions Clubs verdanken wir die M\u00f6glichkeit der Teilnahme.<\/p>\n<\/div><\/div>\n\n\n\n<p><\/p>\n\n\n\n<div class=\"wp-block-buttons is-layout-flex wp-block-buttons-is-layout-flex\">\n<div class=\"wp-block-button has-custom-font-size is-style-fill has-small-font-size\"><a class=\"wp-block-button__link\" href=\"https:\/\/www.klasse2000.de\/\" target=\"_blank\" rel=\"noreferrer noopener\">Mehr erfahren<\/a><\/div>\n<\/div>\n\n\n\n<div class=\"wp-block-columns is-layout-flex wp-container-core-columns-is-layout-abceabcf wp-block-columns-is-layout-flex\">\n<div class=\"wp-block-column is-layout-flow wp-block-column-is-layout-flow\">\n<div class=\"wp-block-columns is-layout-flex wp-container-core-columns-is-layout-abceabcf wp-block-columns-is-layout-flex\">\n<div class=\"wp-block-column is-layout-flow wp-block-column-is-layout-flow\"><\/div>\n<\/div>\n<\/div>\n<\/div>\n\n\n\n<p><\/p>\n\n\n\n<p><\/p>\n\n\n\n<header class=\"entry-header\">\n<h3 class=\"entry-title\"><span style=\"font-family: tahoma, arial, helvetica, sans-serif\">Seniorpartner in School<\/span><\/h3>\n<\/header>\n<div class=\"entry-content\">\n<p><span style=\"font-family: tahoma, arial, helvetica, sans-serif\">An unserer Schule kommen einmal in der Woche zwei Senioren, um mit den Kindern in ruhiger Atmosph\u00e4re ins Gespr\u00e4ch zu kommen. Als fremde aber doch auch vertraute Menschen h\u00f6ren sie den Kindern zu und bieten, wenn notwendig, L\u00f6sungsans\u00e4tze an. Durch die Mediationsgespr\u00e4che werden den L\u00f6sungsversuchen durch Gewalt alternative Wege ent\u00adge\u00adgen\u00adge\u00adsetzt. Die Be\u00adtei\u00adlig\u00adten finden selbst entwickelte, von allen akzeptierte L\u00f6sungen ihrer Probleme unter Anerkennung der Be\u00add\u00fcrf\u00adnis\u00adse aller. So gibt es nur Gewinner!<\/span><\/p>\n<p><span style=\"font-family: tahoma, arial, helvetica, sans-serif\">Die Schulmediation ist eine Ma\u00dfnahme zur<\/span><\/p>\n<ul>\n<li><span style=\"font-family: tahoma, arial, helvetica, sans-serif\">akuten Konfliktregulierung zwischen Sch\u00fclern<\/span><\/li>\n<li><span style=\"font-family: tahoma, arial, helvetica, sans-serif\">Gewaltpr\u00e4vention in der Schule<\/span><\/li>\n<li><span style=\"font-family: tahoma, arial, helvetica, sans-serif\">allgemeinen Verbesserung der Streitkultur und des Lernklimas durch St\u00e4rkung der pers\u00f6nlichen und sozialen Kom\u00adpe\u00adtenz der Beteiligten<\/span><\/li>\n<\/ul>\n<p><span style=\"font-family: tahoma, arial, helvetica, sans-serif\">Die Sch\u00fcler lernen Handlungsalternativen als pers\u00f6nliche Strategie zur gewaltfreien Konflikt\u00adbew\u00e4ltigung ein\u00adzu\u00adsetzen.<\/span><\/p>\n<\/div>\n\n\n\n<div class=\"wp-block-buttons is-content-justification-left is-layout-flex wp-container-core-buttons-is-layout-fdcfc74e wp-block-buttons-is-layout-flex\">\n<div class=\"wp-block-button has-custom-font-size is-style-fill has-small-font-size\"><a class=\"wp-block-button__link\" href=\"https:\/\/www.seniorpartnerinschool.de\/\" target=\"_blank\" rel=\"noreferrer noopener\">Mehr erfahren<\/a><\/div>\n<\/div>\n\n\n\n\n\n<div class=\"wp-block-columns is-layout-flex wp-container-core-columns-is-layout-abceabcf wp-block-columns-is-layout-flex\">\n<div class=\"wp-block-column is-layout-flow wp-block-column-is-layout-flow\">\n<div class=\"wp-block-columns is-layout-flex wp-container-core-columns-is-layout-abceabcf wp-block-columns-is-layout-flex\">\n<div class=\"wp-block-column is-layout-flow wp-block-column-is-layout-flow\"><\/div>\n<\/div>\n<\/div>\n<\/div>\n\n\n\n<header class=\"entry-header\">\n<h3 class=\"entry-title\"><span style=\"font-family: tahoma, arial, helvetica, sans-serif\">Schwimmen im Rahmen des Sportunterrichtes<\/span><\/h3>\n<\/header>\n<div class=\"entry-content\">\n<p><span style=\"font-family: tahoma, arial, helvetica, sans-serif\">W\u00e4hrend des dritten Schuljahres fahren alle M\u00e4dchen und Jungen w\u00e4hrend des Sportunterrichtes auch zum Schwimmen in das Aquantic nach Goslar. Die Nichtschwimmer unter den Kindern k\u00f6nnen f\u00fcr ein Schwimmabzeichen \u00fcben und es auch ablegen. F\u00fcr weitere Schwimmabzeichen k\u00f6nnen die Schwimmer trainieren.\u00a0<\/span><\/p>\n<\/div>\n","protected":false},"excerpt":{"rendered":"<p>Antolin Die Kinder der GS Vienenburg haben alle ein Benutzerkonto, um sich am Online-Portal zur Lesef\u00f6rderung\u00a0\u00a0\u201cAntolin\u201d anzumelden. Hier haben sie die M\u00f6glichkeit, Quizfragen zu Kinder- und Jugendb\u00fcchern und zu den Schulleseb\u00fcchern online zu beantworten. Individuell k\u00f6nnen M\u00e4dchen und Jungen entsprechend der eigenen Lesef\u00e4higkeiten sowohl w\u00e4hrend der Schulzeit oder zu Hause Fragen zu bereits gelesenen Texten &hellip; <a href=\"https:\/\/wordpress.nibis.de\/gsvienen\/kooperationen\/\" class=\"more-link\">Weiterlesen <span class=\"screen-reader-text\">Kooperationen<\/span><\/a><\/p>\n","protected":false},"author":9194414,"featured_media":0,"parent":0,"menu_order":0,"comment_status":"closed","ping_status":"closed","template":"","meta":{"footnotes":""},"class_list":["post-2773","page","type-page","status-publish","hentry","without-featured-image"],"_links":{"self":[{"href":"https:\/\/wordpress.nibis.de\/gsvienen\/wp-json\/wp\/v2\/pages\/2773","targetHints":{"allow":["GET"]}}],"collection":[{"href":"https:\/\/wordpress.nibis.de\/gsvienen\/wp-json\/wp\/v2\/pages"}],"about":[{"href":"https:\/\/wordpress.nibis.de\/gsvienen\/wp-json\/wp\/v2\/types\/page"}],"author":[{"embeddable":true,"href":"https:\/\/wordpress.nibis.de\/gsvienen\/wp-json\/wp\/v2\/users\/9194414"}],"replies":[{"embeddable":true,"href":"https:\/\/wordpress.nibis.de\/gsvienen\/wp-json\/wp\/v2\/comments?post=2773"}],"version-history":[{"count":6,"href":"https:\/\/wordpress.nibis.de\/gsvienen\/wp-json\/wp\/v2\/pages\/2773\/revisions"}],"predecessor-version":[{"id":2936,"href":"https:\/\/wordpress.nibis.de\/gsvienen\/wp-json\/wp\/v2\/pages\/2773\/revisions\/2936"}],"wp:attachment":[{"href":"https:\/\/wordpress.nibis.de\/gsvienen\/wp-json\/wp\/v2\/media?parent=2773"}],"curies":[{"name":"wp","href":"https:\/\/api.w.org\/{rel}","templated":true}]}}