{"id":2818,"date":"2025-03-11T13:43:37","date_gmt":"2025-03-11T12:43:37","guid":{"rendered":"https:\/\/wordpress.nibis.de\/gsvienen\/?page_id=2818"},"modified":"2025-08-04T20:04:40","modified_gmt":"2025-08-04T18:04:40","slug":"angebote","status":"publish","type":"page","link":"https:\/\/wordpress.nibis.de\/gsvienen\/angebote\/","title":{"rendered":"Angebote"},"content":{"rendered":"\n<h4>Jugendzentrum Vienenburg<\/h4>\n<p>Einmal in der Woche bieten die Mitarbeiter des Jugendzentrums ein Angebot am Nachmittag in der Schule f\u00fcr unsere Sch\u00fclerinnen und Sch\u00fcler an.\u00a0<\/p>\n<p><\/p>\n<div class=\"wp-block-button has-custom-width wp-block-button__width-25 has-custom-font-size is-style-fill has-small-font-size\">\n<div class=\"wp-block-button has-custom-width wp-block-button__width-25 has-custom-font-size is-style-fill has-small-font-size\"><a class=\"wp-block-button__link\" href=\"https:\/\/jugend.goslar.de\/jz-vienenburg\" target=\"_blank\" rel=\"noreferrer noopener\">Jugendzentrum Vienenburg<\/a><\/div>\n<\/div>\n<div>\u00a0<\/div>\n<div>\u00a0<\/div>\n<h4>Vicco-von-B\u00fclow-Oberschule<\/h4>\n<p>Einmal in der Woche unterst\u00fctzen Sch\u00fclerinnen und Sch\u00fcler der Vicco-von-B\u00fclow-Oberschule unsere Sch\u00fclerinnen und Sch\u00fcler bei den Hausaufgaben.<\/p>\n<p>\u00a0<\/p>\n<h4>sportliches Angebot\u00a0<\/h4>\n<p>F\u00fcr jede Klasse gibt es am Nachmittag einmal in der Woche ein Angebot in der Turnhalle.<\/p>\n<p>\u00a0<\/p>\n<h4>weitere Angebote<\/h4>\n<p>Je nach Bedarf und Wetterlage gibt es unter der Woche verschiedene Bastel- und Spielangebote\u00a0<\/p>\n<p><\/p>\n\n\n\n<div class=\"wp-block-buttons is-layout-flex wp-block-buttons-is-layout-flex\"><\/div>\n","protected":false},"excerpt":{"rendered":"","protected":false},"author":9194414,"featured_media":0,"parent":0,"menu_order":0,"comment_status":"closed","ping_status":"closed","template":"","meta":{"footnotes":""},"class_list":["post-2818","page","type-page","status-publish","hentry","without-featured-image"],"_links":{"self":[{"href":"https:\/\/wordpress.nibis.de\/gsvienen\/wp-json\/wp\/v2\/pages\/2818","targetHints":{"allow":["GET"]}}],"collection":[{"href":"https:\/\/wordpress.nibis.de\/gsvienen\/wp-json\/wp\/v2\/pages"}],"about":[{"href":"https:\/\/wordpress.nibis.de\/gsvienen\/wp-json\/wp\/v2\/types\/page"}],"author":[{"embeddable":true,"href":"https:\/\/wordpress.nibis.de\/gsvienen\/wp-json\/wp\/v2\/users\/9194414"}],"replies":[{"embeddable":true,"href":"https:\/\/wordpress.nibis.de\/gsvienen\/wp-json\/wp\/v2\/comments?post=2818"}],"version-history":[{"count":5,"href":"https:\/\/wordpress.nibis.de\/gsvienen\/wp-json\/wp\/v2\/pages\/2818\/revisions"}],"predecessor-version":[{"id":3057,"href":"https:\/\/wordpress.nibis.de\/gsvienen\/wp-json\/wp\/v2\/pages\/2818\/revisions\/3057"}],"wp:attachment":[{"href":"https:\/\/wordpress.nibis.de\/gsvienen\/wp-json\/wp\/v2\/media?parent=2818"}],"curies":[{"name":"wp","href":"https:\/\/api.w.org\/{rel}","templated":true}]}}