{"id":3102,"date":"2025-09-12T21:16:09","date_gmt":"2025-09-12T19:16:09","guid":{"rendered":"https:\/\/wordpress.nibis.de\/gsvienen\/?page_id=3102"},"modified":"2025-09-12T21:16:09","modified_gmt":"2025-09-12T19:16:09","slug":"musikpause","status":"publish","type":"page","link":"https:\/\/wordpress.nibis.de\/gsvienen\/musikpause\/","title":{"rendered":"Musikpause"},"content":{"rendered":"\n<p>Jeden Freitag in der 1. gro\u00dfen Pause wird unser Schulhof in diesem Schuljahr zur Tanzfl\u00e4che!<br \/>Unsere Musikpause ist ein festes Highlight der Woche \u2013 Kinder und Lehrkr\u00e4fte tanzen fr\u00f6hlich zur Musik.<\/p>\n<p>Die Musikw\u00fcnsche daf\u00fcr sammeln wir schon w\u00e4hrend der Woche in unserer \u201eLiederbox\u201c. So ist garantiert f\u00fcr jeden etwas dabei \u2013 von aktuellen Hits bis zu echten Klassikern.<\/p>\n<p>\u00a0<\/p>\n\n\n\n<figure class=\"wp-block-video\"><video height=\"720\" style=\"aspect-ratio: 1280 \/ 720;\" width=\"1280\" controls src=\"https:\/\/wordpress.nibis.de\/gsvienen\/files\/2025\/08\/Tanzpause.mp4\"><\/video><\/figure>\n","protected":false},"excerpt":{"rendered":"<p>Jeden Freitag in der 1. gro\u00dfen Pause wird unser Schulhof in diesem Schuljahr zur Tanzfl\u00e4che!Unsere Musikpause ist ein festes Highlight der Woche \u2013 Kinder und Lehrkr\u00e4fte tanzen fr\u00f6hlich zur Musik. Die Musikw\u00fcnsche daf\u00fcr sammeln wir schon w\u00e4hrend der Woche in unserer \u201eLiederbox\u201c. So ist garantiert f\u00fcr jeden etwas dabei \u2013 von aktuellen Hits bis zu &hellip; <a href=\"https:\/\/wordpress.nibis.de\/gsvienen\/musikpause\/\" class=\"more-link\">Weiterlesen <span class=\"screen-reader-text\">Musikpause<\/span><\/a><\/p>\n","protected":false},"author":9194413,"featured_media":0,"parent":0,"menu_order":0,"comment_status":"closed","ping_status":"closed","template":"","meta":{"footnotes":""},"class_list":["post-3102","page","type-page","status-publish","hentry","without-featured-image"],"_links":{"self":[{"href":"https:\/\/wordpress.nibis.de\/gsvienen\/wp-json\/wp\/v2\/pages\/3102","targetHints":{"allow":["GET"]}}],"collection":[{"href":"https:\/\/wordpress.nibis.de\/gsvienen\/wp-json\/wp\/v2\/pages"}],"about":[{"href":"https:\/\/wordpress.nibis.de\/gsvienen\/wp-json\/wp\/v2\/types\/page"}],"author":[{"embeddable":true,"href":"https:\/\/wordpress.nibis.de\/gsvienen\/wp-json\/wp\/v2\/users\/9194413"}],"replies":[{"embeddable":true,"href":"https:\/\/wordpress.nibis.de\/gsvienen\/wp-json\/wp\/v2\/comments?post=3102"}],"version-history":[{"count":1,"href":"https:\/\/wordpress.nibis.de\/gsvienen\/wp-json\/wp\/v2\/pages\/3102\/revisions"}],"predecessor-version":[{"id":3103,"href":"https:\/\/wordpress.nibis.de\/gsvienen\/wp-json\/wp\/v2\/pages\/3102\/revisions\/3103"}],"wp:attachment":[{"href":"https:\/\/wordpress.nibis.de\/gsvienen\/wp-json\/wp\/v2\/media?parent=3102"}],"curies":[{"name":"wp","href":"https:\/\/api.w.org\/{rel}","templated":true}]}}