{"id":44,"date":"2016-12-12T20:49:42","date_gmt":"2016-12-12T19:49:42","guid":{"rendered":"http:\/\/wordpress.nibis.de\/gsvienen\/?page_id=44"},"modified":"2025-02-14T15:47:01","modified_gmt":"2025-02-14T14:47:01","slug":"leitziele","status":"publish","type":"page","link":"https:\/\/wordpress.nibis.de\/gsvienen\/leitziele\/","title":{"rendered":""},"content":{"rendered":"\n<div class=\"wp-block-group\"><div class=\"wp-block-group__inner-container is-layout-flow wp-block-group-is-layout-flow\">\n<div class=\"wp-block-columns is-layout-flex wp-container-core-columns-is-layout-abceabcf wp-block-columns-is-layout-flex\">\n<div class=\"wp-block-column is-layout-flow wp-block-column-is-layout-flow\" style=\"--col-width:100%;flex-basis:100%\">\n<div class=\"wp-block-group\"><div class=\"wp-block-group__inner-container is-layout-flow wp-block-group-is-layout-flow\">\n<div class=\"wp-block-group\"><div class=\"wp-block-group__inner-container is-layout-flow wp-block-group-is-layout-flow\">\n<p style=\"text-align: center\"><span style=\"font-family: tahoma, arial, helvetica, sans-serif\"><em>Sage es mir, und ich vergesse es. <\/em><\/span><span style=\"font-family: tahoma, arial, helvetica, sans-serif\"><em>Zeige es mir, und ich erinnere mich. <\/em><\/span><br><span style=\"font-family: tahoma, arial, helvetica, sans-serif\"><em>Lass es mich tun, und ich werde es k\u00f6nnen.<\/em><\/span><br><span style=\"font-family: tahoma, arial, helvetica, sans-serif\"><em>(Konfuzius)<\/em><\/span><\/p>\n<\/div><\/div>\n<\/div><\/div>\n<\/div>\n<\/div>\n<\/div><\/div>\n\n\n\n<div class=\"wp-block-group\"><div class=\"wp-block-group__inner-container is-layout-flow wp-block-group-is-layout-flow\">\n<div class=\"wp-block-columns is-layout-flex wp-container-core-columns-is-layout-abceabcf wp-block-columns-is-layout-flex\">\n<div class=\"wp-block-column is-layout-flow wp-block-column-is-layout-flow\">\n<div class=\"wp-block-image\"><figure class=\"aligncenter size-full\"><img loading=\"lazy\" decoding=\"async\" width=\"643\" height=\"198\" src=\"https:\/\/wordpress.nibis.de\/gsvienen\/files\/2016\/12\/Leitbild.jpg\" alt=\"\" class=\"wp-image-189\" srcset=\"https:\/\/wordpress.nibis.de\/gsvienen\/files\/2016\/12\/Leitbild.jpg 643w, https:\/\/wordpress.nibis.de\/gsvienen\/files\/2016\/12\/Leitbild-300x92.jpg 300w\" sizes=\"auto, (max-width: 643px) 100vw, 643px\" \/><\/figure><\/div>\n<\/div>\n<\/div>\n<\/div><\/div>\n\n\n\n<div class=\"wp-block-columns is-layout-flex wp-container-core-columns-is-layout-abceabcf wp-block-columns-is-layout-flex\">\n<div class=\"wp-block-column is-layout-flow wp-block-column-is-layout-flow\" style=\"--col-width:100%;flex-basis:100%\">\n<div class=\"wp-block-columns is-layout-flex wp-container-core-columns-is-layout-abceabcf wp-block-columns-is-layout-flex\">\n<div class=\"wp-block-column is-layout-flow wp-block-column-is-layout-flow\" style=\"--col-width:100%;flex-basis:100%\">\n<div class=\"wp-block-group alignfull\"><div class=\"wp-block-group__inner-container is-layout-flow wp-block-group-is-layout-flow\">\n<h2 class=\"has-text-align-center wp-block-heading\">Unsere Leits\u00e4tze<\/h2>\n\n\n\n<div class=\"wp-block-columns alignwide is-layout-flex wp-container-core-columns-is-layout-abceabcf wp-block-columns-is-layout-flex\">\n<div class=\"wp-block-column is-layout-flow wp-block-column-is-layout-flow\">\n<p style=\"text-align: left\"><span style=\"font-size: 12pt;font-family: comic sans ms,sans-serif\"><span style=\"font-family: tahoma, arial, helvetica, sans-serif\">&nbsp;&nbsp; <span style=\"font-size: 18pt\"><strong>G<\/strong><\/span>emeinsam leben<\/span><\/span><\/p>\n<p style=\"text-align: left\"><span style=\"font-size: 12pt;font-family: tahoma, arial, helvetica, sans-serif\">&nbsp; &nbsp;<span style=\"font-size: 18pt\"><strong>S<\/strong><\/span>chule bewegen<\/span><\/p>\n<\/div>\n\n\n\n<div class=\"wp-block-column is-layout-flow wp-block-column-is-layout-flow\">\n\n\n<div class=\"wp-block-columns is-layout-flex wp-container-core-columns-is-layout-abceabcf wp-block-columns-is-layout-flex\">\n<div class=\"wp-block-column is-layout-flow wp-block-column-is-layout-flow\" style=\"--col-width:100%;flex-basis:100%\">\n<p style=\"text-align: left\"><span style=\"font-size: 12pt;font-family: tahoma, arial, helvetica, sans-serif\"><span style=\"font-size: 18pt\"><strong>\u00a0V<\/strong><\/span>ielfalt behalten<\/span><\/p>\n<p style=\"text-align: left\"><span style=\"font-size: 12pt;font-family: tahoma, arial, helvetica, sans-serif\">\u00a0\u00a0<span style=\"font-size: 18pt\"><strong>I<\/strong><\/span>ntegration erstreben<\/span><\/p>\n<p style=\"text-align: left\"><span style=\"font-size: 12pt;font-family: tahoma, arial, helvetica, sans-serif\">\u00a0 <span style=\"font-size: 18pt\"><strong>E<\/strong><\/span>rziehung gestalten<\/span><\/p>\n<p style=\"text-align: left\"><span style=\"font-size: 12pt;font-family: tahoma, arial, helvetica, sans-serif\">\u00a0 <span style=\"font-size: 18pt\"><strong>N<\/strong><\/span>eugier wecken<\/span><\/p>\n<p style=\"text-align: left\"><span style=\"font-size: 12pt;font-family: tahoma, arial, helvetica, sans-serif\">\u00a0 <span style=\"font-size: 18pt\"><strong>E<\/strong><\/span>lternarbeit unterst\u00fctzen<\/span><\/p>\n<p style=\"text-align: left\"><span style=\"font-size: 12pt;font-family: tahoma, arial, helvetica, sans-serif\">\u00a0 <span style=\"font-size: 18pt\"><strong>N<\/strong><\/span>aturn\u00e4he erfahren<\/span><\/p>\n<p style=\"text-align: left\"><span style=\"font-size: 12pt;font-family: tahoma, arial, helvetica, sans-serif\">\u00a0 <span style=\"font-size: 18pt\"><strong>B<\/strong><\/span>ewegung nutzen<\/span><\/p>\n<p style=\"text-align: left\"><span style=\"font-size: 12pt;font-family: tahoma, arial, helvetica, sans-serif\">\u00a0 <span style=\"font-size: 18pt\"><strong>U<\/strong><\/span>nterrichtsqualit\u00e4t entwickeln<\/span><\/p>\n<p style=\"text-align: left\"><span style=\"font-size: 12pt;font-family: tahoma, arial, helvetica, sans-serif\">\u00a0 <span style=\"font-size: 18pt\"><strong>R<\/strong><\/span>uhe bewahren<\/span><\/p>\n<p style=\"text-align: left\"><span style=\"font-size: 12pt;font-family: tahoma, arial, helvetica, sans-serif\">\u00a0 <span style=\"font-size: 18pt\"><strong>G<\/strong><\/span>esundheit sch\u00fctzen<\/span><\/p>\n<\/div>\n<\/div>\n<\/div>\n<\/div>\n<\/div><\/div>\n<\/div>\n<\/div>\n<\/div>\n<\/div>\n\n\n\n<h1 class=\"has-text-align-center wp-block-heading\">Leitziele<\/h1>\n\n\n<p><span style=\"font-family: tahoma, arial, helvetica, sans-serif\"><strong>Wir sehen das ganze Kind und begleiten und unterst\u00fctzen es in seiner Pers\u00f6nlichkeitsentwicklung. <\/strong><\/span><\/p>\n<p><span style=\"font-family: tahoma, arial, helvetica, sans-serif\">Wir geben den Sch\u00fclerinnen und Sch\u00fclern Raum f\u00fcr eigenverantwortliches Handeln und Lernen. Wir f\u00f6rdern ihre F\u00e4higkeit zur Selbsteinsch\u00e4tzung. Wir helfen unseren Sch\u00fclerinnen und Sch\u00fclern, ihre Talente zu entdecken und weiterzuentwickeln.<\/span><\/p>\n<p><span style=\"font-family: tahoma, arial, helvetica, sans-serif\"><strong>Wir unterst\u00fctzen unsere Sch\u00fclerinnen und Sch\u00fcler im Lernprozess unter Ber\u00fccksichtigung der individuellen Lern- und Leistungsf\u00e4higkeit.&nbsp;<\/strong><\/span><\/p>\n<p><span style=\"font-family: tahoma, arial, helvetica, sans-serif\">Wir achten&nbsp;auf die unterschiedlichen Lernvoraussetzungen und stellen die entsprechenden Hilfsmittel zur Verf\u00fcgung. Wir treffen mit den Sch\u00fclerinnen und Sch\u00fclern regelm\u00e4\u00dfig individuelle Zielvereinbarungen.&nbsp;<\/span><\/p>\n<p><span style=\"font-family: tahoma, arial, helvetica, sans-serif\"><strong>Wir achten auf einen gewaltfreien, r\u00fccksichtsvollen Umgang, damit sich jedes Kind an unserer Schule wohl und sicher f\u00fchlt.&nbsp;<\/strong><\/span><\/p>\n<p><span style=\"font-family: tahoma, arial, helvetica, sans-serif\">Wir sorgen f\u00fcr eine vertrauensvolle Atmosph\u00e4re, in der wir tolerant und respektvoll miteinander lernen und umgehen.<\/span><\/p>\n<p><span style=\"font-family: tahoma, arial, helvetica, sans-serif\"><strong>Wir geben den Sch\u00fclerinnen, Sch\u00fclern und Eltern Raum, sich aktiv einzubringen.&nbsp;<\/strong><\/span><\/p>\n<p><span style=\"font-family: tahoma, arial, helvetica, sans-serif\">Wir f\u00f6rdern die Eigenaktivit\u00e4t der Sch\u00fclerinnen und Sch\u00fcler bei der Unterrichtsgestaltung. Wie bieten Eltern die M\u00f6glichkeit, bei der Gestaltung von Schulleben und Unterricht mitzuwirken.<\/span><\/p>\n<p><span style=\"font-family: tahoma, arial, helvetica, sans-serif\"><strong>Wir f\u00f6rdern durch verst\u00e4rkte Einbeziehung au\u00dferschulischer Lernorte das ganzheitliche Lernen.&nbsp;<\/strong><\/span><\/p>\n<p><span style=\"font-family: tahoma, arial, helvetica, sans-serif\">Wir verkn\u00fcpfen Unterrichtsinhalte mit Praxiserfahrungen und erm\u00f6glichen dadurch den Zugang zur Lebenswirklichkeit.<\/span><\/p>\n\n\n<div class=\"wp-block-group\"><div class=\"wp-block-group__inner-container is-layout-flow wp-block-group-is-layout-flow\">\n<div class=\"wp-block-columns is-layout-flex wp-container-core-columns-is-layout-abceabcf wp-block-columns-is-layout-flex\">\n<div class=\"wp-block-column is-layout-flow wp-block-column-is-layout-flow\" style=\"--col-width:100%;flex-basis:100%\"><\/div>\n<\/div>\n\n\n<\/div><\/div>\n","protected":false},"excerpt":{"rendered":"<p>Sage es mir, und ich vergesse es. Zeige es mir, und ich erinnere mich. Lass es mich tun, und ich werde es k\u00f6nnen.(Konfuzius) Unsere Leits\u00e4tze &nbsp;&nbsp; Gemeinsam leben &nbsp; &nbsp;Schule bewegen \u00a0Vielfalt behalten \u00a0\u00a0Integration erstreben \u00a0 Erziehung gestalten \u00a0 Neugier wecken \u00a0 Elternarbeit unterst\u00fctzen \u00a0 Naturn\u00e4he erfahren \u00a0 Bewegung nutzen \u00a0 Unterrichtsqualit\u00e4t entwickeln \u00a0 Ruhe &hellip; <a href=\"https:\/\/wordpress.nibis.de\/gsvienen\/leitziele\/\" class=\"more-link\">Weiterlesen <span class=\"screen-reader-text\"><\/span><\/a><\/p>\n","protected":false},"author":1286,"featured_media":0,"parent":0,"menu_order":0,"comment_status":"closed","ping_status":"closed","template":"","meta":{"footnotes":""},"class_list":["post-44","page","type-page","status-publish","hentry","without-featured-image"],"_links":{"self":[{"href":"https:\/\/wordpress.nibis.de\/gsvienen\/wp-json\/wp\/v2\/pages\/44","targetHints":{"allow":["GET"]}}],"collection":[{"href":"https:\/\/wordpress.nibis.de\/gsvienen\/wp-json\/wp\/v2\/pages"}],"about":[{"href":"https:\/\/wordpress.nibis.de\/gsvienen\/wp-json\/wp\/v2\/types\/page"}],"author":[{"embeddable":true,"href":"https:\/\/wordpress.nibis.de\/gsvienen\/wp-json\/wp\/v2\/users\/1286"}],"replies":[{"embeddable":true,"href":"https:\/\/wordpress.nibis.de\/gsvienen\/wp-json\/wp\/v2\/comments?post=44"}],"version-history":[{"count":19,"href":"https:\/\/wordpress.nibis.de\/gsvienen\/wp-json\/wp\/v2\/pages\/44\/revisions"}],"predecessor-version":[{"id":2792,"href":"https:\/\/wordpress.nibis.de\/gsvienen\/wp-json\/wp\/v2\/pages\/44\/revisions\/2792"}],"wp:attachment":[{"href":"https:\/\/wordpress.nibis.de\/gsvienen\/wp-json\/wp\/v2\/media?parent=44"}],"curies":[{"name":"wp","href":"https:\/\/api.w.org\/{rel}","templated":true}]}}