{"id":47,"date":"2016-12-12T20:51:52","date_gmt":"2016-12-12T19:51:52","guid":{"rendered":"http:\/\/wordpress.nibis.de\/gsvienen\/?page_id=47"},"modified":"2025-06-24T14:26:54","modified_gmt":"2025-06-24T12:26:54","slug":"schuldaten","status":"publish","type":"page","link":"https:\/\/wordpress.nibis.de\/gsvienen\/schuldaten\/","title":{"rendered":"Unsere Schule"},"content":{"rendered":"<p><span style=\"font-family: tahoma, arial, helvetica, sans-serif;font-size: 12pt\">Die Grundschule Vienenburg ist eine verl\u00e4ssliche Grundschule, an der die Kinder am Vormittag f\u00fcr f\u00fcnf Zeitstunden unterrichtet und betreut werden. Aktuell lernen bei uns ungef\u00e4hr 200 M\u00e4dchen und Jungen in zehn Klassen und dem Schulkindergarten. Sie kommen zu einem gro\u00dfen Teil aus der Stadt Vienenburg, aber auch aus den angrenzenden D\u00f6rfern Lochtum, Lengde und Wiedelah.<\/span><\/p>\n<p><span style=\"font-family: tahoma, arial, helvetica, sans-serif;font-size: 12pt\">Seit dem Schuljahr 2014\/2015 ist unsere Schule eine offene Ganztagsschule &#8211; OGS. Die Kinder k\u00f6nnen an vier Tagen in der Woche nach der Schule ein warmes Mittagessen einnehmen. Daran anschlie\u00dfend haben angemeldete Kinder die M\u00f6glichkeit, die Hausaufgaben zu bearbeiten und das Ganztagsangebot zu nutzen. Mehr dazu erfahren Sie im Bereich <a href=\"http:\/\/wordpress.nibis.de\/gsvienen\/ganztag-ogs\/\">OGS<\/a>.<\/span><\/p>\n\n\n<figure class=\"wp-block-image size-large\"><img loading=\"lazy\" decoding=\"async\" width=\"800\" height=\"575\" src=\"https:\/\/wordpress.nibis.de\/gsvienen\/files\/2024\/12\/Bildschirm\u00adfoto-2024-12-11-um-12.58.56-800x575.png\" alt=\"\" class=\"wp-image-2760\" srcset=\"https:\/\/wordpress.nibis.de\/gsvienen\/files\/2024\/12\/Bildschirm\u00adfoto-2024-12-11-um-12.58.56-800x575.png 800w, https:\/\/wordpress.nibis.de\/gsvienen\/files\/2024\/12\/Bildschirm\u00adfoto-2024-12-11-um-12.58.56-300x216.png 300w, https:\/\/wordpress.nibis.de\/gsvienen\/files\/2024\/12\/Bildschirm\u00adfoto-2024-12-11-um-12.58.56-768x552.png 768w, https:\/\/wordpress.nibis.de\/gsvienen\/files\/2024\/12\/Bildschirm\u00adfoto-2024-12-11-um-12.58.56-1536x1105.png 1536w, https:\/\/wordpress.nibis.de\/gsvienen\/files\/2024\/12\/Bildschirm\u00adfoto-2024-12-11-um-12.58.56-528x380.png 528w, https:\/\/wordpress.nibis.de\/gsvienen\/files\/2024\/12\/Bildschirm\u00adfoto-2024-12-11-um-12.58.56.png 1710w\" sizes=\"auto, (max-width: 800px) 100vw, 800px\" \/><\/figure>\n\n\n\n<figure class=\"wp-block-image size-large\"><img loading=\"lazy\" decoding=\"async\" width=\"790\" height=\"600\" src=\"https:\/\/wordpress.nibis.de\/gsvienen\/files\/2024\/12\/Bildschirm\u00adfoto-2024-12-11-um-13.00.35-790x600.png\" alt=\"\" class=\"wp-image-2761\" srcset=\"https:\/\/wordpress.nibis.de\/gsvienen\/files\/2024\/12\/Bildschirm\u00adfoto-2024-12-11-um-13.00.35-790x600.png 790w, https:\/\/wordpress.nibis.de\/gsvienen\/files\/2024\/12\/Bildschirm\u00adfoto-2024-12-11-um-13.00.35-300x228.png 300w, https:\/\/wordpress.nibis.de\/gsvienen\/files\/2024\/12\/Bildschirm\u00adfoto-2024-12-11-um-13.00.35-768x584.png 768w, https:\/\/wordpress.nibis.de\/gsvienen\/files\/2024\/12\/Bildschirm\u00adfoto-2024-12-11-um-13.00.35-1536x1167.png 1536w, https:\/\/wordpress.nibis.de\/gsvienen\/files\/2024\/12\/Bildschirm\u00adfoto-2024-12-11-um-13.00.35-500x380.png 500w, https:\/\/wordpress.nibis.de\/gsvienen\/files\/2024\/12\/Bildschirm\u00adfoto-2024-12-11-um-13.00.35.png 1758w\" sizes=\"auto, (max-width: 790px) 100vw, 790px\" \/><\/figure>\n\n\n","protected":false},"excerpt":{"rendered":"<p>Die Grundschule Vienenburg ist eine verl\u00e4ssliche Grundschule, an der die Kinder am Vormittag f\u00fcr f\u00fcnf Zeitstunden unterrichtet und betreut werden. Aktuell lernen bei uns ungef\u00e4hr 200 M\u00e4dchen und Jungen in zehn Klassen und dem Schulkindergarten. Sie kommen zu einem gro\u00dfen Teil aus der Stadt Vienenburg, aber auch aus den angrenzenden D\u00f6rfern Lochtum, Lengde und Wiedelah. &hellip; <a href=\"https:\/\/wordpress.nibis.de\/gsvienen\/schuldaten\/\" class=\"more-link\">Weiterlesen <span class=\"screen-reader-text\">Unsere Schule<\/span><\/a><\/p>\n","protected":false},"author":1286,"featured_media":0,"parent":0,"menu_order":0,"comment_status":"closed","ping_status":"closed","template":"","meta":{"footnotes":""},"class_list":["post-47","page","type-page","status-publish","hentry","without-featured-image"],"_links":{"self":[{"href":"https:\/\/wordpress.nibis.de\/gsvienen\/wp-json\/wp\/v2\/pages\/47","targetHints":{"allow":["GET"]}}],"collection":[{"href":"https:\/\/wordpress.nibis.de\/gsvienen\/wp-json\/wp\/v2\/pages"}],"about":[{"href":"https:\/\/wordpress.nibis.de\/gsvienen\/wp-json\/wp\/v2\/types\/page"}],"author":[{"embeddable":true,"href":"https:\/\/wordpress.nibis.de\/gsvienen\/wp-json\/wp\/v2\/users\/1286"}],"replies":[{"embeddable":true,"href":"https:\/\/wordpress.nibis.de\/gsvienen\/wp-json\/wp\/v2\/comments?post=47"}],"version-history":[{"count":32,"href":"https:\/\/wordpress.nibis.de\/gsvienen\/wp-json\/wp\/v2\/pages\/47\/revisions"}],"predecessor-version":[{"id":3027,"href":"https:\/\/wordpress.nibis.de\/gsvienen\/wp-json\/wp\/v2\/pages\/47\/revisions\/3027"}],"wp:attachment":[{"href":"https:\/\/wordpress.nibis.de\/gsvienen\/wp-json\/wp\/v2\/media?parent=47"}],"curies":[{"name":"wp","href":"https:\/\/api.w.org\/{rel}","templated":true}]}}