{"id":8,"date":"2016-12-12T19:51:53","date_gmt":"2016-12-12T18:51:53","guid":{"rendered":"http:\/\/wordpress.nibis.de\/gsvienen\/?page_id=8"},"modified":"2024-10-28T11:11:20","modified_gmt":"2024-10-28T10:11:20","slug":"impressum","status":"publish","type":"page","link":"https:\/\/wordpress.nibis.de\/gsvienen\/impressum\/","title":{"rendered":"Impressum"},"content":{"rendered":"<div class=\"entry-content\">\n<p>Land Niedersachsen (Diensteanbieter im Sinne des Telemediengesetzes)<\/p>\n<p>Das Land Niedersachsen ist eine juristische Person des \u00f6ffentlichen Rechts<br \/>\nvertreten durch<\/p>\n<p>Schulleitung:<br \/>\nStephan Simon, Schulleiter<br \/>\nClaudia Abel, stellvertretende Schulleiterin<\/p>\n<p>Grundschule Vienenburg<br \/>\nSchulstra\u00dfe 31<br \/>\n38690 Goslar<br \/>\nTel.: 05324 5368<br \/>\nE-Mail: <a href=\"&#x6d;&#x61;&#105;&#108;t&#x6f;&#x3a;&#x47;&#83;Vi&#x65;&#x6e;&#101;&#110;b&#x75;&#x72;&#x67;&#64;go&#x73;&#x6c;&#97;&#114;&#46;&#x64;&#x65;\">&#71;&#x53;&#86;&#x69;&#101;&#x6e;e&#x6e;b&#x75;r&#103;&#x40;&#103;&#x6f;&#115;&#x6c;&#97;&#x72;&#46;&#x64;e<\/a><\/p>\n<p>Verantwortlicher f\u00fcr redaktionell-journalistische Angebote i. S. d. \u00a7 55 Abs. 2 Rundfunkstaatsvertrag:<\/p>\n<p style=\"text-align: left\">Stephan Simon<br \/>\nGrundschule Vienenburg<br \/>\nSchulstra\u00dfe 31<br \/>\n38690 Goslar<br \/>\nTel.: 05324 5368<br \/>\nE-Mail: <a href=\"&#109;&#x61;i&#x6c;&#x74;&#111;&#x3a;G&#x53;&#x56;&#105;&#x65;n&#x65;&#x6e;&#98;&#x75;r&#x67;&#x40;&#103;&#x6f;s&#x6c;&#x61;&#114;&#x2e;d&#x65;\">&#71;&#x53;V&#105;&#x65;n&#101;&#x6e;b&#117;&#x72;g&#64;&#x67;&#111;&#x73;&#x6c;&#97;&#x72;&#x2e;&#100;&#x65;<\/a><\/p>\n<\/div>\n<p>Schultr\u00e4ger<br \/>\nStadt Goslar<br \/>\nCharley-Jacob-Stra\u00dfe 3<br \/>\n38640 <a href=\"http:\/\/www.goslar.de\/stadt-buerger\/bildung-erziehung\/schulen\" target=\"_blank\" rel=\"noopener\">Goslar<\/a><br \/>\nTel.: +49 (0) 5321-704-0<br \/>\nFax.: +49 (0) 5321-704-445<\/p>\n<p>Disclaimer<\/p>\n<p>Diese Webseite beinhaltet externe Links. Deren Inhalte entziehen sich unserer Einflussnahme, sodass eine Gew\u00e4hr f\u00fcr solche Inhalte von uns nicht \u00fcbernommen werden kann.<\/p>\n<p>Die Verantwortung liegt stets beim jeweiligen Betreiber der externen Seiten. Zum Zeitpunkt der Verkn\u00fcpfung der externen Links waren keine Rechtsverst\u00f6\u00dfe ersichtlich. Die permanente \u00dcberwachung fremder Inhalte auf Rechtsverst\u00f6\u00dfe ohne konkrete Hinweise ist uns nicht zumutbar.<\/p>\n<p>Sollten wir Kenntnis von Rechtsverletzungen erlangen, werden wir die entsprechenden externen Links unverz\u00fcglich entfernen.<\/p>\n","protected":false},"excerpt":{"rendered":"<p>Land Niedersachsen (Diensteanbieter im Sinne des Telemediengesetzes) Das Land Niedersachsen ist eine juristische Person des \u00f6ffentlichen Rechts vertreten durch Schulleitung: Stephan Simon, Schulleiter Claudia Abel, stellvertretende Schulleiterin Grundschule Vienenburg Schulstra\u00dfe 31 38690 Goslar Tel.: 05324 5368 E-Mail: &#71;S&#x56;i&#x65;n&#x65;n&#x62;u&#x72;g&#x40;&#103;&#x6f;&#115;&#x6c;&#97;&#x72;&#46;&#x64;&#101; Verantwortlicher f\u00fcr redaktionell-journalistische Angebote i. S. d. \u00a7 55 Abs. 2 Rundfunkstaatsvertrag: Stephan Simon Grundschule Vienenburg Schulstra\u00dfe &hellip; <a href=\"https:\/\/wordpress.nibis.de\/gsvienen\/impressum\/\" class=\"more-link\">Weiterlesen <span class=\"screen-reader-text\">Impressum<\/span><\/a><\/p>\n","protected":false},"author":1286,"featured_media":0,"parent":0,"menu_order":0,"comment_status":"closed","ping_status":"closed","template":"","meta":{"footnotes":""},"class_list":["post-8","page","type-page","status-publish","hentry","without-featured-image"],"_links":{"self":[{"href":"https:\/\/wordpress.nibis.de\/gsvienen\/wp-json\/wp\/v2\/pages\/8","targetHints":{"allow":["GET"]}}],"collection":[{"href":"https:\/\/wordpress.nibis.de\/gsvienen\/wp-json\/wp\/v2\/pages"}],"about":[{"href":"https:\/\/wordpress.nibis.de\/gsvienen\/wp-json\/wp\/v2\/types\/page"}],"author":[{"embeddable":true,"href":"https:\/\/wordpress.nibis.de\/gsvienen\/wp-json\/wp\/v2\/users\/1286"}],"replies":[{"embeddable":true,"href":"https:\/\/wordpress.nibis.de\/gsvienen\/wp-json\/wp\/v2\/comments?post=8"}],"version-history":[{"count":12,"href":"https:\/\/wordpress.nibis.de\/gsvienen\/wp-json\/wp\/v2\/pages\/8\/revisions"}],"predecessor-version":[{"id":2729,"href":"https:\/\/wordpress.nibis.de\/gsvienen\/wp-json\/wp\/v2\/pages\/8\/revisions\/2729"}],"wp:attachment":[{"href":"https:\/\/wordpress.nibis.de\/gsvienen\/wp-json\/wp\/v2\/media?parent=8"}],"curies":[{"name":"wp","href":"https:\/\/api.w.org\/{rel}","templated":true}]}}